{"id":1420,"date":"2017-10-11T05:55:25","date_gmt":"2017-10-11T05:55:25","guid":{"rendered":"http:\/\/apressthemes.com\/demo35\/?page_id=1420"},"modified":"2023-09-21T00:30:22","modified_gmt":"2023-09-20T21:30:22","slug":"iletisim","status":"publish","type":"page","link":"https:\/\/netlab.media\/en\/iletisim\/","title":{"rendered":"Contact"},"content":{"rendered":"<div data-row-text-color=\"dark\" style=\" \" class=\"vc_row wpb_row zolo_wpb_row vc_row-fluid apress_row_class_103953240969e6767b3c345 vc_custom_1474113519407\"><div class=\"wpb_column vc_column_container vc_col-sm-8 apress_col_id_182405363569e6767b3d9e4 hover_style_none\"><div class=\"layer vc_column-inner\"  ><div class=\"wpb_wrapper\"><div id=\"ultimate-heading-958869e6767b3dc39\" class=\"uvc-heading ult-adjust-bottom-margin ultimate-heading-958869e6767b3dc39 uvc-2409\" data-hspacer=\"no_spacer\"  data-halign=\"left\" style=\"text-align:left\"><div class=\"uvc-heading-spacer no_spacer\" style=\"top\"><\/div><div class=\"uvc-main-heading ult-responsive\"  data-ultimate-target='.uvc-heading.ultimate-heading-958869e6767b3dc39 h1'  data-responsive-json-new='{\"font-size\":\"\",\"line-height\":\"\"}' ><h1 style=\"font-weight:normal;margin-bottom:38px;\">Contact<\/h1><\/div><\/div><div class=\"zolo-icon-boxes zolo-icon-boxes-acp_155007217069e6767b3e681 box_style_none  left noanimation\" data-animation =\"No Animation\" data-delay =\"500\"><div id=\"rand_za5it948ucx0tpm9tzzl\" class=\"zolo-icon-box circle thick_bordered none\" style=\"font-size:22px;line-height:22px;width:60px;height:60px;\"><i class=\"zolo-icon fas fa-comment\"><\/i>\r\n<span class=\"zolo_icon_shape\" style=\"  box-shadow: 0 0 0 3px #0031c4 inset;\"><\/span>\r\n<\/div><div class=\"zolo-icon-content\"><h2 style=\"padding-top: 10px;padding-bottom: 5px;\">Contact Person<\/h2><p>Do\u00e7. Dr. Ergin \u015eafak Dikmen, NETlab Koordinat\u00f6r\u00fc<\/p><\/div><\/div><div class=\"ult-spacer spacer-69e6767b3ee05\" data-id=\"69e6767b3ee05\" data-height=\"20\" data-height-mobile=\"20\" data-height-tab=\"20\" data-height-tab-portrait=\"\" data-height-mobile-landscape=\"\" style=\"clear:both;display:block;\"><\/div><div class=\"zolo-icon-boxes zolo-icon-boxes-acp_35113279569e6767b3f166 box_style_none  left noanimation\" data-animation =\"No Animation\" data-delay =\"500\"><div id=\"rand_0gu76p7gkj14vjyysgms\" class=\"zolo-icon-box circle thick_bordered none\" style=\"font-size:22px;line-height:22px;width:60px;height:60px;\"><i class=\"zolo-icon fa fa-home\"><\/i>\r\n<span class=\"zolo_icon_shape\" style=\"  box-shadow: 0 0 0 3px #1e73be inset;\"><\/span>\r\n<\/div><div class=\"zolo-icon-content\"><p>\u0130lef - Ankara University Faculty of Communication, 06590 Cebeci, Ankara \/ T\u00dcRK\u0130YE<\/p><\/div><\/div><div class=\"ult-spacer spacer-69e6767b3fe70\" data-id=\"69e6767b3fe70\" data-height=\"20\" data-height-mobile=\"20\" data-height-tab=\"20\" data-height-tab-portrait=\"\" data-height-mobile-landscape=\"\" style=\"clear:both;display:block;\"><\/div><div class=\"zolo-icon-boxes zolo-icon-boxes-acp_35216419569e6767b3ffe1 box_style_none  left noanimation\" data-animation =\"No Animation\" data-delay =\"500\"><div id=\"rand_vq0lswpltlvixdmw8uyp\" class=\"zolo-icon-box circle thick_bordered none\" style=\"font-size:22px;line-height:22px;width:60px;height:60px;\"><i class=\"zolo-icon fa fa-phone-square\"><\/i>\r\n<span class=\"zolo_icon_shape\" style=\"  box-shadow: 0 0 0 3px #1e73be inset;\"><\/span>\r\n<\/div><div class=\"zolo-icon-content\"><p>0312 319 77 14 \/ 5282<\/p><\/div><\/div><div class=\"ult-spacer spacer-69e6767b40c19\" data-id=\"69e6767b40c19\" data-height=\"20\" data-height-mobile=\"20\" data-height-tab=\"20\" data-height-tab-portrait=\"\" data-height-mobile-landscape=\"\" style=\"clear:both;display:block;\"><\/div><div class=\"zolo-icon-boxes zolo-icon-boxes-acp_52857792069e6767b40d6a box_style_none  left noanimation\" data-animation =\"No Animation\" data-delay =\"500\"><div id=\"rand_q8x0otabe6ekifyyl8ub\" class=\"zolo-icon-box circle thick_bordered none\" style=\"font-size:22px;line-height:22px;width:60px;height:60px;\"><i class=\"zolo-icon fa fa-envelope\"><\/i>\r\n<span class=\"zolo_icon_shape\" style=\"  box-shadow: 0 0 0 3px #0031c4 inset;\"><\/span>\r\n<\/div><div class=\"zolo-icon-content\"><p>contact@netlab.media<\/p><\/div><\/div><\/div><\/div><\/div><div class=\"wpb_column vc_column_container vc_col-sm-4 apress_col_id_98210484069e6767b42d43 hover_style_none\"><div class=\"layer vc_column-inner\"  ><div class=\"wpb_wrapper\"><div id=\"ultimate-heading-366969e6767b42f87\" class=\"uvc-heading ult-adjust-bottom-margin ultimate-heading-366969e6767b42f87 uvc-7323\" data-hspacer=\"no_spacer\"  data-halign=\"left\" style=\"text-align:left\"><div class=\"uvc-heading-spacer no_spacer\" style=\"top\"><\/div><div class=\"uvc-main-heading ult-responsive\"  data-ultimate-target='.uvc-heading.ultimate-heading-366969e6767b42f87 h2'  data-responsive-json-new='{\"font-size\":\"\",\"line-height\":\"\"}' ><h2 style=\"font-weight:normal;margin-bottom:38px;\">Social Media<\/h2><\/div><\/div>\r\n<!--zolo calltoaction Row Start-->\r\n\r\n<div class=\"zolo_social_box_acp_92914253569e6767b43468 zolo_social_box color rounded noanimation\" style=\"text-align:\" data-animation =\"No Animation\" data-delay =\"500\">\r\n  <ul class=\"zolo_social_element\">\r\n                    <li class=\"social_icon_list twitter\"><a target=\"_blank\" href=\"https:\/\/twitter.com\/netlab_media\" ><i class=\"fa fa-twitter\"><\/i><\/a><\/li>\r\n                <li class=\"social_icon_list youtube\"><a target=\"_blank\" href=\"https:\/\/www.youtube.com\/channel\/UCIe418V0UGJz3_MmqAHGPtg\/\" ><i class=\"fa fa-youtube\"><\/i><\/a><\/li>\r\n            <li class=\"social_icon_list instagram\"><a target=\"_blank\" href=\"https:\/\/www.instagram.com\/netlabmedia\/\" ><i class=\"fa fa-instagram\"><\/i><\/a><\/li>\r\n                                <li class=\"social_icon_list linkedin\"><a target=\"_blank\" href=\"https:\/\/www.linkedin.com\/company\/11534727\/\" ><i class=\"fa fa-linkedin\"><\/i><\/a><\/li>\r\n                                      <\/ul>\r\n<\/div>\r\n<div class=\"ult-spacer spacer-69e6767b44399\" data-id=\"69e6767b44399\" data-height=\"45\" data-height-mobile=\"45\" data-height-tab=\"45\" data-height-tab-portrait=\"\" data-height-mobile-landscape=\"\" style=\"clear:both;display:block;\"><\/div><div  class=\"wpb_widgetised_column wpb_content_element\">\n\t\t<div class=\"wpb_wrapper\">\n\t\t\t\n\t\t\t\n\t\t<\/div>\n\t<\/div>\n<style>.vc_btn3-style-gradient.vc_btn-gradient-btn-69e6767b458a0:hover{color: #fff;background-color: #00c1cf;border: none;background-position: 100% 0;}<\/style><style>.vc_btn3-style-gradient.vc_btn-gradient-btn-69e6767b458a0{color: #fff;border: none;background-color: #5472d2;background-image: -webkit-linear-gradient(left, #5472d2 0%, #00c1cf 50%,#5472d2 100%);background-image: linear-gradient(to right, #5472d2 0%, #00c1cf 50%,#5472d2 100%);-webkit-transition: all .2s ease-in-out;transition: all .2s ease-in-out;background-size: 200% 100%;}<\/style><div class=\"vc_btn3-container vc_btn3-center\" ><a data-vc-gradient-1=\"#5472d2\" data-vc-gradient-2=\"#00c1cf\" class=\"vc_general vc_btn3 vc_btn3-size-md vc_btn3-shape-rounded vc_btn3-style-gradient vc_btn3-block vc_btn3-icon-left vc_btn-gradient-btn-69e6767b458a0\" href=\"https:\/\/docs.google.com\/forms\/d\/e\/1FAIpQLScT4XERiyH2Yu4Qf8RJgGDtCYO4Oa-sntiwcI4EvAYQ3IObOg\/viewform?usp=sf_link\" title=\"\" target=\"_blank\"><i class=\"vc_btn3-icon fab fa-wpforms\"><\/i> Student Application Form<\/a><\/div><div class=\"vc_btn3-container vc_btn3-center\" ><a class=\"vc_general vc_btn3 vc_btn3-size-md vc_btn3-shape-rounded vc_btn3-style-outline vc_btn3-block vc_btn3-icon-left vc_btn3-color-primary\" href=\"https:\/\/netlab.media\/en\/medya-kiti\/\" title=\"\" target=\"_blank\"><i class=\"vc_btn3-icon fa fa-folder-open\"><\/i> Media Kit<\/a><\/div><\/div><\/div><\/div><\/div>","protected":false},"excerpt":{"rendered":"\u0130leti\u015fim \u0130rtibat \/ Contact PersonDo\u00e7. Dr. Ergin \u015eafak Dikmen, NETlab Koordinat\u00f6r\u00fc \u0130lef \u2013 Ankara \u00dcniversitesi \u0130leti\u015fim Fak\u00fcltesi, 06590 Cebeci \/ ANKARA 0312 319 77 14 \/ 5282 contact@netlab.mediaSosyal Medya \u00d6\u011frenci Ba\u015fvuru Formu Medya Kiti","protected":false},"author":1,"featured_media":0,"parent":0,"menu_order":0,"comment_status":"closed","ping_status":"closed","template":"","meta":{"footnotes":""},"_links":{"self":[{"href":"https:\/\/netlab.media\/en\/wp-json\/wp\/v2\/pages\/1420"}],"collection":[{"href":"https:\/\/netlab.media\/en\/wp-json\/wp\/v2\/pages"}],"about":[{"href":"https:\/\/netlab.media\/en\/wp-json\/wp\/v2\/types\/page"}],"author":[{"embeddable":true,"href":"https:\/\/netlab.media\/en\/wp-json\/wp\/v2\/users\/1"}],"replies":[{"embeddable":true,"href":"https:\/\/netlab.media\/en\/wp-json\/wp\/v2\/comments?post=1420"}],"version-history":[{"count":10,"href":"https:\/\/netlab.media\/en\/wp-json\/wp\/v2\/pages\/1420\/revisions"}],"predecessor-version":[{"id":5121,"href":"https:\/\/netlab.media\/en\/wp-json\/wp\/v2\/pages\/1420\/revisions\/5121"}],"wp:attachment":[{"href":"https:\/\/netlab.media\/en\/wp-json\/wp\/v2\/media?parent=1420"}],"curies":[{"name":"wp","href":"https:\/\/api.w.org\/{rel}","templated":true}]}}