{"id":1774,"date":"2018-03-20T03:16:36","date_gmt":"2018-03-20T00:16:36","guid":{"rendered":"http:\/\/netlab.media\/?page_id=1774"},"modified":"2026-03-06T14:22:23","modified_gmt":"2026-03-06T11:22:23","slug":"ekip","status":"publish","type":"page","link":"https:\/\/netlab.media\/en\/ekip\/","title":{"rendered":"Team"},"content":{"rendered":"<div data-row-text-color=\"dark\" style=\" \" class=\"vc_row wpb_row zolo_wpb_row vc_row-fluid apress_row_class_20280033169e64916832b8\"><div class=\"wpb_column vc_column_container vc_col-sm-12 apress_col_id_82609382369e6491683abc hover_style_none\"><div class=\"layer vc_column-inner\"  ><div class=\"wpb_wrapper\"><div id=\"zolo_sep_147145799869e6491683dfb\" class=\"vc_separator wpb_content_element vc_separator_align_center vc_sep_width_100 vc_sep_border vc_sep_pos_align_center noanimation\" data-animation = \"No Animation\" data-delay = \"500\" ><span class=\"vc_sep_holder vc_sep_holder_l\"><span style=\"border-color:#0a0a0a\" class=\"vc_sep_line\"><\/span><\/span><h4 class=\"zolo-separator-title\" style=\"\">You can access the personal page of the relevant team member by clicking on the photo.<\/h4><span class=\"vc_sep_holder vc_sep_holder_r\"><span style=\"border-color:#0a0a0a\" class=\"vc_sep_line\"><\/span><\/span>\r\n<\/div><\/div><\/div><\/div><\/div><div data-row-text-color=\"dark\" style=\" \" class=\"vc_row wpb_row zolo_wpb_row vc_row-fluid apress_row_class_157980470769e6491684972\"><div class=\"wpb_column vc_column_container vc_col-sm-3 apress_col_id_10786669e6491684b70 hover_style_none\"><div class=\"layer vc_column-inner\"  ><div class=\"wpb_wrapper\"><div class=\"ult-team-member-wrap ult-style-1\"><a href=\"https:\/\/netlab.media\/en\/ekip\/ergin-safak-dikmen\/\" ><div class=\"ult-team-member-image\" style=\"\"> <img decoding=\"async\" class=\"\" src=\"https:\/\/netlab.media\/wp-content\/uploads\/2023\/08\/ergin-safak-dikmen.png\" alt=\"null\"  style=\"\"><span class=\"ult-team-member-image-overlay\"  ><\/span><\/div><\/a><div class=\"ult-team-member-bio-wrap style-1 ultimate-heading69e649168512e\" style=\"text-align:center;; \"><div class=\"ult-team-member-name-wrap\"><a href=\"https:\/\/netlab.media\/en\/ekip\/ergin-safak-dikmen\/\"  style=\"text-decoration: none;\"><h2 class=\"ult-team-member-name ult-responsive\"  data-ultimate-target='.ult-team-member-bio-wrap.ultimate-heading69e649168512e .ult-team-member-name'  data-responsive-json-new='{\"font-size\":\"\",\"line-height\":\"\"}'  style=\"\">Ergin \u015eafak Dikmen, PhD.<\/h2><\/a><div class=\"ult-team-member-position ult-responsive\"  data-ultimate-target='.ult-team-member-bio-wrap.ultimate-heading69e649168512e .ult-team-member-position'  data-responsive-json-new='{\"font-size\":\"\",\"line-height\":\"\"}'  style=\"\">NETlab Coordinator - Ankara University \u0130lef<\/div><div style=\"margin-bottom:15px\"><\/div><div class='ult-social-buttons'><a href='mailto:safakdikmen[at]gmail.com' target='_blank' rel='noopener' title='e-posta' class='ult-team ult-social-icon' style='font-size:16px ; margin-left:5px;margin-right:5px;;color:#0077ff;'  data-iconcolor='#0077ff' data-iconhover='inherit' ><i class='Defaults-envelope-o'><\/i><\/a><a href='http:\/\/safakdikmen.com' target='_blank' rel='noopener' title='web' class='ult-team ult-social-icon' style='font-size:16px ; margin-left:5px;margin-right:5px;;color:#0077ff;'  data-iconcolor='#0077ff' data-iconhover='inherit' ><i class='Defaults-desktop'><\/i><\/a><a href='https:\/\/www.linkedin.com\/in\/safakdikmen' target='_blank' rel='noopener' title='linkedin' class='ult-team ult-social-icon' style='font-size:16px ; margin-left:5px;margin-right:5px;;color:#0077ff;'  data-iconcolor='#0077ff' data-iconhover='inherit' ><i class='Defaults-linkedin'><\/i><\/a><\/div><\/div><\/div><\/div><\/div><\/div><\/div><div class=\"wpb_column vc_column_container vc_col-sm-3 apress_col_id_206462544769e64916855d4 hover_style_none\"><div class=\"layer vc_column-inner\"  ><div class=\"wpb_wrapper\"><div class=\"ult-team-member-wrap ult-style-1\"><a href=\"https:\/\/netlab.media\/en\/ekip\/nilufer-pinar-kilic\/\" ><div class=\"ult-team-member-image\" style=\"\"> <img decoding=\"async\" class=\"\" src=\"https:\/\/netlab.media\/wp-content\/uploads\/2023\/10\/MG_6194.jpg\" alt=\"null\"  style=\"\"><span class=\"ult-team-member-image-overlay\"  ><\/span><\/div><\/a><div class=\"ult-team-member-bio-wrap style-1 ultimate-heading69e6491685a37\" style=\"text-align:center;; \"><div class=\"ult-team-member-name-wrap\"><a href=\"https:\/\/netlab.media\/en\/ekip\/nilufer-pinar-kilic\/\"  style=\"text-decoration: none;\"><h2 class=\"ult-team-member-name ult-responsive\"  data-ultimate-target='.ult-team-member-bio-wrap.ultimate-heading69e6491685a37 .ult-team-member-name'  data-responsive-json-new='{\"font-size\":\"\",\"line-height\":\"\"}'  style=\"\">Nil\u00fcfer P\u0131nar K\u0131l\u0131\u00e7, PhD.<\/h2><\/a><div class=\"ult-team-member-position ult-responsive\"  data-ultimate-target='.ult-team-member-bio-wrap.ultimate-heading69e6491685a37 .ult-team-member-position'  data-responsive-json-new='{\"font-size\":\"\",\"line-height\":\"\"}'  style=\"\">Ankara University \u0130lef<\/div><div style=\"margin-bottom:15px\"><\/div><div class='ult-social-buttons'><a href='mailto:npkilic[at]ankara.edu.tr' target='_blank' rel='noopener' title='e mail' class='ult-team ult-social-icon' style='font-size:16px ; margin-left:5px;margin-right:5px;;color:#0077ff;'  data-iconcolor='#0077ff' data-iconhover='inherit' ><i class='Defaults-envelope-o'><\/i><\/a><a href='' target='_blank' rel='noopener' title='Twitter' class='ult-team ult-social-icon' style='font-size:16px ; margin-left:5px;margin-right:5px;;color:#0077ff;'  data-iconcolor='#0077ff' data-iconhover='#000000' ><i class='Defaults-twitter'><\/i><\/a><\/div><\/div><\/div><\/div><\/div><\/div><\/div><div class=\"wpb_column vc_column_container vc_col-sm-3 apress_col_id_164541305569e6491686001 hover_style_none\"><div class=\"layer vc_column-inner\"  ><div class=\"wpb_wrapper\"><div class=\"ult-team-member-wrap ult-style-1\"><a href=\"https:\/\/netlab.media\/en\/ekip\/levent-ince\/\" ><div class=\"ult-team-member-image\" style=\"\"> <img decoding=\"async\" class=\"\" src=\"https:\/\/netlab.media\/wp-content\/uploads\/2021\/11\/levent-ince-2.png\" alt=\"null\"  style=\"\"><span class=\"ult-team-member-image-overlay\"  ><\/span><\/div><\/a><div class=\"ult-team-member-bio-wrap style-1 ultimate-heading69e6491686809\" style=\"text-align:center;; \"><div class=\"ult-team-member-name-wrap\"><a href=\"https:\/\/netlab.media\/en\/ekip\/levent-ince\/\"  style=\"text-decoration: none;\"><h2 class=\"ult-team-member-name ult-responsive\"  data-ultimate-target='.ult-team-member-bio-wrap.ultimate-heading69e6491686809 .ult-team-member-name'  data-responsive-json-new='{\"font-size\":\"\",\"line-height\":\"\"}'  style=\"\">Levent Y. \u0130nce, PhD.<\/h2><\/a><div class=\"ult-team-member-position ult-responsive\"  data-ultimate-target='.ult-team-member-bio-wrap.ultimate-heading69e6491686809 .ult-team-member-position'  data-responsive-json-new='{\"font-size\":\"\",\"line-height\":\"\"}'  style=\"\">TED University<\/div><div style=\"margin-bottom:15px\"><\/div><div class='ult-social-buttons'><a href='mailto:leventyince[at]gmail.com' target='_blank' rel='noopener' title='E-Mail' class='ult-team ult-social-icon' style='font-size:16px ; margin-left:5px;margin-right:5px;;color:#0077ff;'  data-iconcolor='#0077ff' data-iconhover='#0a0a0a' ><i class='Defaults-envelope-o'><\/i><\/a><a href='http:\/\/www.leventyince.com' target='_blank' rel='noopener' title='Web' class='ult-team ult-social-icon' style='font-size:16px ; margin-left:5px;margin-right:5px;;color:#0077ff;'  data-iconcolor='#0077ff' data-iconhover='inherit' ><i class='Defaults-desktop'><\/i><\/a><a href='http:\/\/www.linkedin.com\/in\/leventyince' target='_blank' rel='noopener' title='LinkedIn' class='ult-team ult-social-icon' style='font-size:16px ; margin-left:5px;margin-right:5px;;color:#0077ff;'  data-iconcolor='#0077ff' data-iconhover='#0a0a0a' ><i class='Defaults-linkedin'><\/i><\/a><\/div><\/div><\/div><\/div><\/div><\/div><\/div><div class=\"wpb_column vc_column_container vc_col-sm-3 apress_col_id_195681251769e6491686f66 hover_style_none\"><div class=\"layer vc_column-inner\"  ><div class=\"wpb_wrapper\"><div class=\"ult-team-member-wrap ult-style-1\"><a href=\"https:\/\/netlab.media\/en\/ekip\/emel-ozdora\/\" ><div class=\"ult-team-member-image\" style=\"\"> <img decoding=\"async\" class=\"\" src=\"https:\/\/netlab.media\/wp-content\/uploads\/2019\/12\/Emel_Ozdora-Aksak_2.png\" alt=\"null\"  style=\"\"><span class=\"ult-team-member-image-overlay\"  ><\/span><\/div><\/a><div class=\"ult-team-member-bio-wrap style-1 ultimate-heading69e64916875df\" style=\"text-align:center;; \"><div class=\"ult-team-member-name-wrap\"><a href=\"https:\/\/netlab.media\/en\/ekip\/emel-ozdora\/\"  style=\"text-decoration: none;\"><h2 class=\"ult-team-member-name ult-responsive\"  data-ultimate-target='.ult-team-member-bio-wrap.ultimate-heading69e64916875df .ult-team-member-name'  data-responsive-json-new='{\"font-size\":\"\",\"line-height\":\"\"}'  style=\"\">Emel \u00d6zdora, PHD.<\/h2><\/a><div class=\"ult-team-member-position ult-responsive\"  data-ultimate-target='.ult-team-member-bio-wrap.ultimate-heading69e64916875df .ult-team-member-position'  data-responsive-json-new='{\"font-size\":\"\",\"line-height\":\"\"}'  style=\"\">\u0130.D. Bilkent University COMD<\/div><div style=\"margin-bottom:15px\"><\/div><div class='ult-social-buttons'><a href='mailto:emel.ozdora[at]bilkent.edu.tr' target='_blank' rel='noopener' title='E-Mail' class='ult-team ult-social-icon' style='font-size:16px ; margin-left:5px;margin-right:5px;;color:#0077ff;'  data-iconcolor='#0077ff' data-iconhover='#0a0a0a' ><i class='Defaults-envelope-o'><\/i><\/a><\/div><\/div><\/div><\/div><\/div><\/div><\/div><\/div><div data-row-text-color=\"dark\" style=\" \" class=\"vc_row wpb_row zolo_wpb_row vc_row-fluid apress_row_class_144746372869e6491687dde vc_row-o-content-middle vc_row-flex\"><div class=\"wpb_column vc_column_container vc_col-sm-3 apress_col_id_181271272669e6491688105 hover_style_none\"><div class=\"layer vc_column-inner\"  ><div class=\"wpb_wrapper\"><div class=\"ult-team-member-wrap ult-style-1\"><a href=\"https:\/\/netlab.media\/en\/ekip\/humeyra-husmen-2\/\" title=\"H\u00fcmeyra H\u00fcsmen\" ><div class=\"ult-team-member-image\" style=\"\"> <img decoding=\"async\" class=\"\" src=\"https:\/\/netlab.media\/wp-content\/uploads\/2022\/03\/hu\u0308meyrahu\u0308smen.jpg\" alt=\"null\"  style=\"\"><span class=\"ult-team-member-image-overlay\"  ><\/span><\/div><\/a><div class=\"ult-team-member-bio-wrap style-1 ultimate-heading69e64916888e8\" style=\"text-align:center;; \"><div class=\"ult-team-member-name-wrap\"><a href=\"https:\/\/netlab.media\/en\/ekip\/humeyra-husmen-2\/\" title=\"H\u00fcmeyra H\u00fcsmen\"  style=\"text-decoration: none;\"><h2 class=\"ult-team-member-name ult-responsive\"  data-ultimate-target='.ult-team-member-bio-wrap.ultimate-heading69e64916888e8 .ult-team-member-name'  data-responsive-json-new='{\"font-size\":\"\",\"line-height\":\"\"}'  style=\"\">H\u00fcmeyra H\u00fcsmen, PHD.<\/h2><\/a><div class=\"ult-team-member-position ult-responsive\"  data-ultimate-target='.ult-team-member-bio-wrap.ultimate-heading69e64916888e8 .ult-team-member-position'  data-responsive-json-new='{\"font-size\":\"\",\"line-height\":\"\"}'  style=\"\">Gaziantep University<\/div><div style=\"margin-bottom:15px\"><\/div><div class='ult-social-buttons'><a href='mailto:humeyrahusmen[at]gmail.com' target='_blank' rel='noopener' title='E-Mail' class='ult-team ult-social-icon' style='font-size:16px ; margin-left:5px;margin-right:5px;;color:#0077ff;'  data-iconcolor='#0077ff' data-iconhover='#0a0a0a' ><i class='Defaults-envelope-o'><\/i><\/a><\/div><\/div><\/div><\/div><\/div><\/div><\/div><div class=\"wpb_column vc_column_container vc_col-sm-3 apress_col_id_140614483869e6491688e74 hover_style_none\"><div class=\"layer vc_column-inner\"  ><div class=\"wpb_wrapper\"><div class=\"ult-team-member-wrap ult-style-1\"><a href=\"https:\/\/netlab.media\/en\/ekip\/esra-ozgur-2\/\" title=\"Esra \u00d6zg\u00fcr\" ><div class=\"ult-team-member-image\" style=\"\"> <img decoding=\"async\" class=\"\" src=\"https:\/\/netlab.media\/wp-content\/uploads\/2021\/09\/esra-ozgur.jpg\" alt=\"null\"  style=\"\"><span class=\"ult-team-member-image-overlay\"  ><\/span><\/div><\/a><div class=\"ult-team-member-bio-wrap style-1 ultimate-heading69e6491689287\" style=\"text-align:center;; \"><div class=\"ult-team-member-name-wrap\"><a href=\"https:\/\/netlab.media\/en\/ekip\/esra-ozgur-2\/\" title=\"Esra \u00d6zg\u00fcr\"  style=\"text-decoration: none;\"><h2 class=\"ult-team-member-name ult-responsive\"  data-ultimate-target='.ult-team-member-bio-wrap.ultimate-heading69e6491689287 .ult-team-member-name'  data-responsive-json-new='{\"font-size\":\"\",\"line-height\":\"\"}'  style=\"\">Esra \u00d6zg\u00fcr<\/h2><\/a><div class=\"ult-team-member-position ult-responsive\"  data-ultimate-target='.ult-team-member-bio-wrap.ultimate-heading69e6491689287 .ult-team-member-position'  data-responsive-json-new='{\"font-size\":\"\",\"line-height\":\"\"}'  style=\"\">Ankara University<\/div><div style=\"margin-bottom:15px\"><\/div><div class='ult-social-buttons'><a href='mailto:esraozgr[at]gmail.com ' target='_blank' rel='noopener' title='E-Mail' class='ult-team ult-social-icon' style='font-size:16px ; margin-left:5px;margin-right:5px;;color:#0077ff;'  data-iconcolor='#0077ff' data-iconhover='#0a0a0a' ><i class='Defaults-envelope-o'><\/i><\/a><\/div><\/div><\/div><\/div><\/div><\/div><\/div><div class=\"wpb_column vc_column_container vc_col-sm-3 apress_col_id_202714445769e649168976c hover_style_none\"><div class=\"layer vc_column-inner\"  ><div class=\"wpb_wrapper\"><div class=\"ult-team-member-wrap ult-style-1\"><a href=\"https:\/\/netlab.media\/en\/ekip\/michael_asante-2\/\" title=\"H\u00fcmeyra H\u00fcsmen\" ><div class=\"ult-team-member-image\" style=\"\"> <img decoding=\"async\" class=\"\" src=\"https:\/\/netlab.media\/wp-content\/uploads\/2024\/10\/michael_asante.png\" alt=\"null\"  style=\"\"><span class=\"ult-team-member-image-overlay\"  ><\/span><\/div><\/a><div class=\"ult-team-member-bio-wrap style-1 ultimate-heading69e6491689b2e\" style=\"text-align:center;; \"><div class=\"ult-team-member-name-wrap\"><a href=\"https:\/\/netlab.media\/en\/ekip\/michael_asante-2\/\" title=\"H\u00fcmeyra H\u00fcsmen\"  style=\"text-decoration: none;\"><h2 class=\"ult-team-member-name ult-responsive\"  data-ultimate-target='.ult-team-member-bio-wrap.ultimate-heading69e6491689b2e .ult-team-member-name'  data-responsive-json-new='{\"font-size\":\"\",\"line-height\":\"\"}'  style=\"\">Michael Asante Quainoo<\/h2><\/a><div class=\"ult-team-member-position ult-responsive\"  data-ultimate-target='.ult-team-member-bio-wrap.ultimate-heading69e6491689b2e .ult-team-member-position'  data-responsive-json-new='{\"font-size\":\"\",\"line-height\":\"\"}'  style=\"\">Shanghai Jiao Tong University<\/div><div style=\"margin-bottom:15px\"><\/div><div class='ult-social-buttons'><a href='mailto:quainoomichael61[at]gmail.com ' target='_blank' rel='noopener' title='E-Mail' class='ult-team ult-social-icon' style='font-size:16px ; margin-left:5px;margin-right:5px;;color:#0077ff;'  data-iconcolor='#0077ff' data-iconhover='#0a0a0a' ><i class='Defaults-envelope-o'><\/i><\/a><\/div><\/div><\/div><\/div><\/div><\/div><\/div><div class=\"wpb_column vc_column_container vc_col-sm-3 apress_col_id_176292529169e6491689f3c hover_style_none\"><div class=\"layer vc_column-inner\"  ><div class=\"wpb_wrapper\"><\/div><\/div><\/div><\/div><div data-row-text-color=\"dark\" style=\" \" class=\"vc_row wpb_row zolo_wpb_row vc_row-fluid apress_row_class_148365665069e649168a369\"><div class=\"wpb_column vc_column_container vc_col-sm-3 apress_col_id_109457990769e649168a5a2 hover_style_none\"><div class=\"layer vc_column-inner\"  ><div class=\"wpb_wrapper\"><div id=\"zolo_sep_139827395669e649168a72c\" class=\"vc_separator wpb_content_element vc_separator_align_center vc_sep_width_100 vc_sep_border vc_sep_pos_align_center noanimation\" data-animation = \"No Animation\" data-delay = \"500\" ><span class=\"vc_sep_holder vc_sep_holder_l\"><span style=\"border-color:#0a0a0a\" class=\"vc_sep_line\"><\/span><\/span><h4 class=\"zolo-separator-title\" style=\"\">Supporters<\/h4><span class=\"vc_sep_holder vc_sep_holder_r\"><span style=\"border-color:#0a0a0a\" class=\"vc_sep_line\"><\/span><\/span>\r\n<\/div><div class=\"ult-team-member-wrap ult-style-1\"><a href=\"https:\/\/netlab.media\/en\/ekip\/bilge-narin\/\" ><div class=\"ult-team-member-image\" style=\"\"> <img decoding=\"async\" class=\"\" src=\"https:\/\/netlab.media\/wp-content\/uploads\/2024\/01\/bilge-narin.png\" alt=\"null\"  style=\"\"><span class=\"ult-team-member-image-overlay\"  ><\/span><\/div><\/a><div class=\"ult-team-member-bio-wrap style-1 ultimate-heading69e649168ae0b\" style=\"text-align:center;; \"><div class=\"ult-team-member-name-wrap\"><a href=\"https:\/\/netlab.media\/en\/ekip\/bilge-narin\/\"  style=\"text-decoration: none;\"><h2 class=\"ult-team-member-name ult-responsive\"  data-ultimate-target='.ult-team-member-bio-wrap.ultimate-heading69e649168ae0b .ult-team-member-name'  data-responsive-json-new='{\"font-size\":\"\",\"line-height\":\"\"}'  style=\"\">Bilge \u015eeny\u00fcz, PhD. (\u0130LAB)<\/h2><\/a><div class=\"ult-team-member-position ult-responsive\"  data-ultimate-target='.ult-team-member-bio-wrap.ultimate-heading69e649168ae0b .ult-team-member-position'  data-responsive-json-new='{\"font-size\":\"\",\"line-height\":\"\"}'  style=\"\">MARMARA UNIVERSITY<\/div><div style=\"margin-bottom:15px\"><\/div><div class='ult-social-buttons'><a href='mailto:narinbilge[at]gmail.com' target='_blank' rel='noopener' title='E-Mail' class='ult-team ult-social-icon' style='font-size:16px ; margin-left:5px;margin-right:5px;;color:#0077ff;'  data-iconcolor='#0077ff' data-iconhover='#0a0a0a' ><i class='Defaults-envelope-o'><\/i><\/a><a href='https:\/\/www.linkedin.com\/in\/bilgenarin\/' target='_blank' rel='noopener' title='LinkedIn' class='ult-team ult-social-icon' style='font-size:16px ; margin-left:5px;margin-right:5px;;color:#0077ff;'  data-iconcolor='#0077ff' data-iconhover='#0a0a0a' ><i class='Defaults-linkedin'><\/i><\/a><a href='https:\/\/twitter.com\/bilgenarin' target='_blank' rel='noopener' title='Twitter' class='ult-team ult-social-icon' style='font-size:16px ; margin-left:5px;margin-right:5px;;color:#0077ff;'  data-iconcolor='#0077ff' data-iconhover='#0a0a0a' ><i class='Defaults-twitter'><\/i><\/a><a href='http:\/\/bilgenarin.com\/' target='_blank' rel='noopener' title='Web' class='ult-team ult-social-icon' style='font-size:16px ; margin-left:5px;margin-right:5px;;color:#0077ff;'  data-iconcolor='#0077ff' data-iconhover='#0a0a0a' ><i class='Defaults-desktop'><\/i><\/a><\/div><\/div><\/div><\/div><\/div><\/div><\/div><div class=\"wpb_column vc_column_container vc_col-sm-3 apress_col_id_116814757169e649168b277 hover_style_none\"><div class=\"layer vc_column-inner\"  ><div class=\"wpb_wrapper\"><div id=\"zolo_sep_50730071969e649168b36b\" class=\"vc_separator wpb_content_element vc_separator_align_center vc_sep_width_100 vc_sep_border vc_sep_pos_align_center noanimation\" data-animation = \"No Animation\" data-delay = \"500\" ><span class=\"vc_sep_holder vc_sep_holder_l\"><span style=\"border-color:#0a0a0a\" class=\"vc_sep_line\"><\/span><\/span><h4 class=\"zolo-separator-title\" style=\"\">Supporters<\/h4><span class=\"vc_sep_holder vc_sep_holder_r\"><span style=\"border-color:#0a0a0a\" class=\"vc_sep_line\"><\/span><\/span>\r\n<\/div><div class=\"ult-team-member-wrap ult-style-1\"><a href=\"https:\/\/netlab.media\/en\/ekip\/naz-onen\/\" ><div class=\"ult-team-member-image\" style=\"\"> <img decoding=\"async\" class=\"\" src=\"https:\/\/netlab.media\/wp-content\/uploads\/2018\/11\/naz-onen-2-2.png\" alt=\"null\"  style=\"\"><span class=\"ult-team-member-image-overlay\"  ><\/span><\/div><\/a><div class=\"ult-team-member-bio-wrap style-1 ultimate-heading69e649168b9f2\" style=\"text-align:center;; \"><div class=\"ult-team-member-name-wrap\"><a href=\"https:\/\/netlab.media\/en\/ekip\/naz-onen\/\"  style=\"text-decoration: none;\"><h2 class=\"ult-team-member-name ult-responsive\"  data-ultimate-target='.ult-team-member-bio-wrap.ultimate-heading69e649168b9f2 .ult-team-member-name'  data-responsive-json-new='{\"font-size\":\"\",\"line-height\":\"\"}'  style=\"\">Naz \u00d6nen<\/h2><\/a><div style=\"margin-bottom:15px\"><\/div><div class='ult-social-buttons'><a href='mailto:nazonen9@gmail.com ' target='_blank' rel='noopener' title='E-Mail' class='ult-team ult-social-icon' style='font-size:16px ; margin-left:5px;margin-right:5px;;color:#0077ff;'  data-iconcolor='#0077ff' data-iconhover='#0a0a0a' ><i class='Defaults-envelope-o'><\/i><\/a><a href='' target='_blank' rel='noopener' title='Behance' class='ult-team ult-social-icon' style='font-size:16px ; margin-left:5px;margin-right:5px;;color:#0077ff;'  data-iconcolor='#0077ff' data-iconhover='#020202' ><i class='Defaults-behance'><\/i><\/a><\/div><\/div><\/div><\/div><\/div><\/div><\/div><div class=\"wpb_column vc_column_container vc_col-sm-6 apress_col_id_4338835669e649168befb hover_style_none\"><div class=\"layer vc_column-inner\"  ><div class=\"wpb_wrapper\"><div id=\"zolo_sep_157187269069e649168c040\" class=\"vc_separator wpb_content_element vc_separator_align_center vc_sep_width_100 vc_sep_border vc_sep_pos_align_center noanimation\" data-animation = \"No Animation\" data-delay = \"500\" ><span class=\"vc_sep_holder vc_sep_holder_l\"><span style=\"border-color:#0a0a0a\" class=\"vc_sep_line\"><\/span><\/span><h4 class=\"zolo-separator-title\" style=\"\">Website - Content Management<\/h4><span class=\"vc_sep_holder vc_sep_holder_r\"><span style=\"border-color:#0a0a0a\" class=\"vc_sep_line\"><\/span><\/span>\r\n<\/div>\n\t<div class=\"wpb_text_column wpb_content_element\" >\n\t\t<div class=\"wpb_wrapper\">\n\t\t\t<p style=\"text-align: center;\">Ergin \u015eafak Dikmen (Design)<\/p>\n<p style=\"text-align: center;\">Esra \u00d6zg\u00fcr (Design)<\/p>\n<p style=\"text-align: center;\">Mehmet K\u00fcr\u015fat De\u011fer (front end developer &amp; back end developer)<\/p>\n<p style=\"text-align: center;\">Anda\u00e7 I\u015f\u0131k (2018-2020 \/ front end developer &amp; back end developer)<\/p>\n\n\t\t<\/div>\n\t<\/div>\n<div id=\"zolo_sep_162149458069e649168c53b\" class=\"vc_separator wpb_content_element vc_separator_align_center vc_sep_width_100 vc_sep_border vc_sep_pos_align_center noanimation\" data-animation = \"No Animation\" data-delay = \"500\" ><span class=\"vc_sep_holder vc_sep_holder_l\"><span style=\"border-color:#0a0a0a\" class=\"vc_sep_line\"><\/span><\/span><h4 class=\"zolo-separator-title\" style=\"\">Ge\u00e7mi\u015f D\u00f6nemlerdeki Bursiyerlerimiz<\/h4><span class=\"vc_sep_holder vc_sep_holder_r\"><span style=\"border-color:#0a0a0a\" class=\"vc_sep_line\"><\/span><\/span>\r\n<\/div>\n\t<div class=\"wpb_text_column wpb_content_element\" >\n\t\t<div class=\"wpb_wrapper\">\n\t\t\t<p style=\"text-align: left;\">Alperen Soysal &#8211; Anda\u00e7 I\u015f\u0131k &#8211; Ba\u015fak Kavakl\u0131 &#8211; Ezgi Harika Semiz &#8211; G\u00f6k\u00e7e Bacak &#8211; G\u00f6rkem Baydar &#8211; Orhun Ege Cansaran &#8211; Sena Mente\u015f &#8211; Serdar Direk &#8211; Sezer Mert &#8211; Sinem Aky\u00f6n &#8211; Talha \u00c7al\u0131\u015fkan &#8211; Tu\u011f\u00e7e Candemir &#8211; Berkehan Yazar &#8211; Helin \u00d6zt\u00fcrk &#8211; H\u00fcmeyra Bet\u00fcl Bozkurt &#8211; Sinem Ata\u00e7<\/p>\n\n\t\t<\/div>\n\t<\/div>\n<\/div><\/div><\/div><\/div>","protected":false},"excerpt":{"rendered":"\u0130lgili ekip \u00fcyesinin foto\u011fraf\u0131na t\u0131klayarak ki\u015fisel sayfas\u0131na eri\u015febilirsiniz. Ergin \u015eafak Dikmen, PhD.NETlab Koordinat\u00f6r\u00fc - Ankara \u00dcniversitesi \u0130lef Nil\u00fcfer P\u0131nar K\u0131l\u0131\u00e7, PhD.Ankara \u00dcniversitesi \u0130lef Levent Y. \u0130nce, PhD.TED \u00dcniversitesi Emel \u00d6zdora, PHD.\u0130.D. Bilkent \u00dcniversitesi COMD H\u00fcmeyra H\u00fcsmen, PHD.Gaziantep \u00dcniversitesi Esra \u00d6zg\u00fcrAnkara<span class=\"read_more_area\"><a class=\"read-more\" href=\"https:\/\/netlab.media\/en\/ekip\/\"> Devam\u0131... <\/a><\/span>","protected":false},"author":1,"featured_media":0,"parent":0,"menu_order":0,"comment_status":"closed","ping_status":"closed","template":"","meta":{"footnotes":""},"_links":{"self":[{"href":"https:\/\/netlab.media\/en\/wp-json\/wp\/v2\/pages\/1774"}],"collection":[{"href":"https:\/\/netlab.media\/en\/wp-json\/wp\/v2\/pages"}],"about":[{"href":"https:\/\/netlab.media\/en\/wp-json\/wp\/v2\/types\/page"}],"author":[{"embeddable":true,"href":"https:\/\/netlab.media\/en\/wp-json\/wp\/v2\/users\/1"}],"replies":[{"embeddable":true,"href":"https:\/\/netlab.media\/en\/wp-json\/wp\/v2\/comments?post=1774"}],"version-history":[{"count":54,"href":"https:\/\/netlab.media\/en\/wp-json\/wp\/v2\/pages\/1774\/revisions"}],"predecessor-version":[{"id":6024,"href":"https:\/\/netlab.media\/en\/wp-json\/wp\/v2\/pages\/1774\/revisions\/6024"}],"wp:attachment":[{"href":"https:\/\/netlab.media\/en\/wp-json\/wp\/v2\/media?parent=1774"}],"curies":[{"name":"wp","href":"https:\/\/api.w.org\/{rel}","templated":true}]}}