{"id":2016,"date":"2018-04-03T17:06:52","date_gmt":"2018-04-03T14:06:52","guid":{"rendered":"http:\/\/netlab.media\/?page_id=2016"},"modified":"2024-01-22T13:45:29","modified_gmt":"2024-01-22T10:45:29","slug":"nilufer-pinar-kilic","status":"publish","type":"page","link":"https:\/\/netlab.media\/en\/ekip\/nilufer-pinar-kilic\/","title":{"rendered":"Nil\u00fcfer P\u0131nar K\u0131l\u0131\u00e7, PhD."},"content":{"rendered":"<div data-row-text-color=\"dark\" style=\" \" class=\"vc_row wpb_row zolo_wpb_row vc_row-fluid apress_row_class_163816998869e61f1f40066 vc_row-o-equal-height vc_row-flex\"><div class=\"wpb_column vc_column_container vc_col-sm-4 apress_col_id_59728860269e61f1f40a3a hover_style_none\"><div class=\"layer vc_column-inner\"  ><div class=\"wpb_wrapper\"><div class=\"ult-team-member-wrap ult-style-1\"><div class=\"ult-team-member-image\" style=\"\"> <img decoding=\"async\" class=\"\" src=\"https:\/\/netlab.media\/wp-content\/uploads\/2023\/10\/MG_6194.jpg\" alt=\"null\"  style=\"\"><span class=\"ult-team-member-image-overlay\"  ><\/span><\/div><div class=\"ult-team-member-bio-wrap style-1 ultimate-heading69e61f1f40f47\" style=\"text-align:center;; \"><div class=\"ult-team-member-name-wrap\"><h2 class=\"ult-team-member-name ult-responsive\"  data-ultimate-target='.ult-team-member-bio-wrap.ultimate-heading69e61f1f40f47 .ult-team-member-name'  data-responsive-json-new='{\"font-size\":\"\",\"line-height\":\"\"}'  style=\"\">Nil\u00fcfer P\u0131nar K\u0131l\u0131\u00e7, PhD.<\/h2><div style=\"margin-bottom:15px\"><\/div><div class='ult-social-buttons'><a href='mailto:npk0207@gmail.com' target='_blank' rel='noopener' title='E-Posta' class='ult-team ult-social-icon' style='font-size:16px ; margin-left:5px;margin-right:5px;;color:#28beff;'  data-iconcolor='#28beff' data-iconhover='#288cff' ><i class='Defaults-envelope'><\/i><\/a><a href='https:\/\/twitter.com\/np_kl_er' target='_blank' rel='noopener' title='Twitter' class='ult-team ult-social-icon' style='font-size:16px ; margin-left:5px;margin-right:5px;;color:#28beff;'  data-iconcolor='#28beff' data-iconhover='#288cff' ><i class='Defaults-twitter'><\/i><\/a><a href='https:\/\/www.linkedin.com\/in\/nil\u00fcfer-p\u0131nar-k\u0131l\u0131\u00e7-74964961\/' target='_blank' rel='noopener' title='LinkedIn' class='ult-team ult-social-icon' style='font-size:16px ; margin-left:5px;margin-right:5px;;color:#28beff;'  data-iconcolor='#28beff' data-iconhover='#288cff' ><i class='Defaults-linkedin'><\/i><\/a><\/div><\/div><\/div><\/div><\/div><\/div><\/div><div class=\"wpb_column vc_column_container vc_col-sm-8 apress_col_id_153241496369e61f1f4137e hover_style_none\"><div class=\"layer vc_column-inner\"  ><div class=\"wpb_wrapper\">\n\t<div class=\"wpb_text_column wpb_content_element\" >\n\t\t<div class=\"wpb_wrapper\">\n\t\t\t<p>Nil\u00fcfer P\u0131nar K\u0131l\u0131\u00e7 graduated from Gazi University, Department of Business Administration in 2007. Then, she worked in a public institution for 5 years. In 2012, when she started working at the Public Relations and Publicity Department of the Faculty of Communication in Ankara University, she completed her master\u2019s degree at which she analyzed the public relations practices of non-governmental organizations. She completed his doctoral degree in 2018 by writing her thesis named \u201cFacebook Usage Practices of Elderly People with Kemalist Orientation in the Context of Populism Discussions\u201d. She is still an academic staff at Ankara University, Faculty of Communication.<\/p>\n<p><a href=\"https:\/\/orcid.org\/0000-0001-7133-7442\" target=\"_blank\" rel=\"noopener noreferrer\">orcid.org\/0000-0001-7133-7442<\/a><\/p>\n\n\t\t<\/div>\n\t<\/div>\n\r\n<div id=\"zolo_button_element_90365161069e61f1f419b0\" class=\"zolo_button_element zolo_button_center zolo_button_size_large zolo_button_hoverstyle1 primary_color_scheme noanimation\" data-animation = \"No Animation\" data-delay = \"500\"><a href=\"https:\/\/avesis.ankara.edu.tr\/npkilic\" title=\"\" class=\"zolo_button zolo_button_round zolo_ripplelink\"><span class=\"zolo_button_text\" style=\"\">Info Page<\/span><\/a><\/div><\/div><\/div><\/div><\/div><div data-row-text-color=\"dark\" style=\" \" class=\"vc_row wpb_row zolo_wpb_row vc_row-fluid apress_row_class_199822557769e61f1f42448\"><div class=\"wpb_column vc_column_container vc_col-sm-12 apress_col_id_64077956969e61f1f42628 hover_style_none\"><div class=\"layer vc_column-inner\"  ><div class=\"wpb_wrapper\">\n\t<div class=\"wpb_text_column wpb_content_element\" >\n\t\t<div class=\"wpb_wrapper\">\n\t\t\t\n\t\t<\/div>\n\t<\/div>\n<\/div><\/div><\/div><\/div><div class=\"apress_tabs_block  noanimation\" id=\"tabid_69e61f1f43446\" data-animation = \"No Animation\" data-delay = \"500\"><div class=\"vc_tta-container\" data-vc-action=\"collapseAll\"><div class=\"vc_general vc_tta vc_tta-accordion vc_tta-style-accordion_style1 vc_tta-o-shape-group vc_tta-o-all-clickable apress_accordion accordion_style1\"><div class=\"vc_tta-panels-container accordion_style1\"><div class=\"vc_tta-panels\"><div class=\"vc_tta-panel\" id=\"1540057817115-8aaf2b05-fa531c68-6e24\" data-vc-content=\".vc_tta-panel-body\"><div class=\"vc_tta-panel-heading\"><h4 class=\"vc_tta-panel-title\"><a href=\"#1540057817115-8aaf2b05-fa531c68-6e24\" data-vc-accordion data-vc-container=\".vc_tta-container\"><span class=\"vc_tta-title-text\">Presentations<\/span><\/a><\/h4><\/div><div class=\"vc_tta-panel-body\">\n\t<div class=\"wpb_text_column wpb_content_element\" >\n\t\t<div class=\"wpb_wrapper\">\n\t\t\t<p><strong>Uluslararas\u0131<\/strong><\/p>\n<ul>\n<li aria-level=\"1\"><span style=\"font-weight: 400;\">K\u0131l\u0131\u00e7, N. P. (2019, May\u0131s). <\/span><b>&#8220;<\/b><a href=\"https:\/\/technologyandsocialization.al.uw.edu.pl\/index.php\/2019\/05\/11\/28\/\"><b>Bourdieusian Approach to the New Communication Technologies<\/b><\/a><b>&#8221; <\/b><i><span style=\"font-weight: 400;\">The Future of Work in the Post-Digital Age Conference<\/span><\/i><span style=\"font-weight: 400;\">, Techno-Humanities Lab Faculty of Artes Liberales, University of Warsaw, Var\u015fova\/Polonya.<\/span><\/li>\n<\/ul>\n<ul>\n<li aria-level=\"1\"><span style=\"font-weight: 400;\">K\u0131l\u0131\u00e7, N. P. (2018, Kas\u0131m). <\/span><b>&#8220;Distinction on Facebook&#8221;,<\/b> <i><span style=\"font-weight: 400;\">5th International Conference in Communication and Media Studies<\/span><\/i><span style=\"font-weight: 400;\">, The Center of Research and Communication for Peace (CRCP), KKTC.\u00a0<\/span><\/li>\n<\/ul>\n<ul>\n<li aria-level=\"1\"><span style=\"font-weight: 400;\">K\u0131l\u0131\u00e7, N.P. ve Artan-\u00d6zoran, B. (2018, Mart). <\/span><b>&#8220;<\/b><a href=\"https:\/\/d1wqtxts1xzle7.cloudfront.net\/66204583\/SOZ_VE_ANLATININ_TEKNOLOJI_ILE_YENIDEN_INSASI_TED_KONUSMALARI_ORNEGI-with-cover-page-v2.pdf?Expires=1645915275&amp;Signature=CUs3o2zW7XbrJ0OZd6vksbIYoCVcgvd3hD1BptiafIP~4HRfgbeXGDfRjbrThZm7QaoYyAjJ7t~1M7BotSp8j6GCVBVwdxy1pFs5fHTkbD~cIZFs8bFWEkDgMHxumBnKamD5rxqiBDU00xfxOH1L4ZBPp3YfXkCcHIQZvq5DCj9bY7LVI6bneDWCTeLNXvxkr3ZXD3UbFoPOkqFJUmA1Bs3mCsbvdrCDR6vO3DKc99FJAF7Hx5yFuVKNAUmM-1QxDaLH9Be4IemGwgghI5GV3yBb5rAdmzbivI83~JSs~kDWcv5fkERM92dcAOZs~nu0nSk9qKMOGVYjrNjFk~wlwQ__&amp;Key-Pair-Id=APKAJLOHF5GGSLRBV4ZA#\"><b>Sanal Mezarl\u0131ktan Mytrustedwill&#8217;e \u00d6l\u00fcm\u00fcn De\u011fi\u015fen Y\u00fcz\u00fc<\/b><\/a><b>,&#8221; <\/b><i><span style=\"font-weight: 400;\">Uluslararas\u0131 D\u00f6n\u00fc\u015fen D\u00fcnyada \u0130leti\u015fimin Rol\u00fc Sempozyumu<\/span><\/i><span style=\"font-weight: 400;\">, Lefko\u015fa\/KKTC.<\/span><\/li>\n<\/ul>\n<ul>\n<li aria-level=\"1\"><span style=\"font-weight: 400;\">K\u0131l\u0131\u00e7, N. P. (2015, Eyl\u00fcl). <\/span><b>&#8220;<\/b><a href=\"https:\/\/www.academia.edu\/15566437\/_Yaz%C4%B1l%C4%B1_Bas%C4%B1nda_Ya%C5%9Fl%C4%B1_Haberleri_ve_Yeniden_%C3%9Cretilen_Kal%C4%B1pyarg%C4%B1lar_2_Uluslararas%C4%B1_Farkl%C4%B1_%C5%9Eiddet_Boyutlar%C4%B1_ve_Toplumsal_Alg%C4%B1_Kongresi_%C4%B0stanbul_T%C3%BCrkiye_03_04_Eyl%C3%BCl_2015\"><b>Yaz\u0131l\u0131 Bas\u0131nda Ya\u015fl\u0131 Haberleri ve Yeniden \u00dcretilen Kal\u0131pyarg\u0131lar<\/b><\/a><b>&#8220;, <\/b><i><span style=\"font-weight: 400;\">2. Uluslararas\u0131 Farkl\u0131 \u015eiddet Boyutlar\u0131 ve Toplumsal Alg\u0131 Kongresi<\/span><\/i><span style=\"font-weight: 400;\">, \u0130stanbul\/T\u00fcrkiye.<\/span><\/li>\n<li aria-level=\"1\"><span style=\"font-weight: 400;\">K\u0131l\u0131\u00e7, N. P. (2013, Haziran). <\/span><b>\u201cFight Against The Economic Crisis: Communication Campaign Samples in Turkey\u201d <\/b><span style=\"font-weight: 400;\">International Association of Media and Communication Research (IAMCR), taraf\u0131ndan d\u00fczenlenen, \u201c<\/span><i><span style=\"font-weight: 400;\">Crises, Creative Destruction and the Global Power and Communication Orders<\/span><\/i><span style=\"font-weight: 400;\">\u201d Konferans\u0131, Dublin\/\u0130rlanda.<\/span><\/li>\n<\/ul>\n<p><strong>Ulusal<\/strong><\/p>\n<ul>\n<li aria-level=\"1\"><span style=\"font-weight: 400;\">K\u0131l\u0131\u00e7, N. P. ve Dikmen, E. \u015e. (2020, Aral\u0131k).<\/span><b> \u201cHalkla \u0130li\u015fkiler E\u011fitiminde Etik ve Yeni Medya: E\u011fitim M\u00fcfredatlar\u0131na \u0130li\u015fkin Bir \u0130nceleme,\u201d <\/b><i><span style=\"font-weight: 400;\">II. Gelenekselden Dijitale Uluslararas\u0131 Medya Ara\u015ft\u0131rmalar\u0131 Sempozyumu<\/span><\/i><span style=\"font-weight: 400;\"> (IMS2020), Ege \u00dcniversitesi \u0130leti\u015fim Fak\u00fcltesi, \u0130zmir\/T\u00fcrkiye (\u00c7evrimi\u00e7i Konferans \u2013 Tam metin bildiri).<\/span><\/li>\n<\/ul>\n<ul>\n<li aria-level=\"1\"><span style=\"font-weight: 400;\">K\u0131l\u0131\u00e7, N. P., Akta\u015f, M. ve Artan-\u00d6zoran B. (2020, Kas\u0131m). <\/span><b>\u201cUluslararas\u0131 Halkla \u0130li\u015fkiler E\u011fitiminde G\u00fcncel E\u011filimler: M\u00fcfredatlar \u00dczerine Bir \u0130nceleme,\u201d<\/b> <i><span style=\"font-weight: 400;\">New Times and Public Relations Conference<\/span><\/i><span style=\"font-weight: 400;\">, Ege \u00dcniversitesi \u0130leti\u015fim Fak\u00fcltesi ve A&amp;B \u0130leti\u015fim, \u0130zmir\/T\u00fcrkiye (\u00c7evrimi\u00e7i Konferans &#8211; \u00d6zet bildiri).<\/span><\/li>\n<\/ul>\n<ul>\n<li aria-level=\"1\"><span style=\"font-weight: 400;\">K\u0131l\u0131\u00e7, N. P. (2018, Nisan). <\/span><b>&#8220;Halkla \u0130li\u015fkiler Alan\u0131nda Art\u0131r\u0131lm\u0131\u015f Ger\u00e7eklik Uygulamalar\u0131,&#8221; <\/b><i><span style=\"font-weight: 400;\">New Times and Public Relations Conference<\/span><\/i><span style=\"font-weight: 400;\">, Ankara.<\/span><\/li>\n<\/ul>\n<ul>\n<li aria-level=\"1\"><span style=\"font-weight: 400;\">K\u0131l\u0131\u00e7, N. P. (2016, Kas\u0131m). <\/span><b>&#8220;<\/b><b>Sa\u011fl\u0131k Alan\u0131nda Bireysel Ya\u015fl\u0131 Ayr\u0131mc\u0131l\u0131\u011f\u0131,&#8221;<\/b><span style=\"font-weight: 400;\">, <\/span><i><span style=\"font-weight: 400;\">II. Sa\u011fl\u0131k \u0130leti\u015fimi Sempozyumu<\/span><\/i><span style=\"font-weight: 400;\">, Eski\u015fehir\/T\u00fcrkiye.<\/span><\/li>\n<\/ul>\n\n\t\t<\/div>\n\t<\/div>\n<\/div><\/div><div class=\"vc_tta-panel\" id=\"1540057817171-41a01f91-399b1c68-6e24\" data-vc-content=\".vc_tta-panel-body\"><div class=\"vc_tta-panel-heading\"><h4 class=\"vc_tta-panel-title\"><a href=\"#1540057817171-41a01f91-399b1c68-6e24\" data-vc-accordion data-vc-container=\".vc_tta-container\"><span class=\"vc_tta-title-text\">Articles<\/span><\/a><\/h4><\/div><div class=\"vc_tta-panel-body\">\n\t<div class=\"wpb_text_column wpb_content_element\" >\n\t\t<div class=\"wpb_wrapper\">\n\t\t\t<ul>\n<li aria-level=\"1\"><span style=\"font-weight: 400;\">K\u0131l\u0131\u00e7, N. P. ve Dikmen, E. \u015e. (2021). <\/span><a href=\"https:\/\/netlab.media\/en\/publication\/belediye-yeni-medya\/\"><b>Say\u0131sal Belediyecilik: T\u00fcrkiye\u2019deki Belediyelerin Yeni Medya Kullan\u0131mlar\u0131.<\/b><\/a> <i><span style=\"font-weight: 400;\">Journal of Erciyes Communication, 8(2): 795 \u2013 811<\/span><\/i><span style=\"font-weight: 400;\">, 8(2), 795-811. DOI: 10.17680\/erciyesiletisim.896129<\/span><\/li>\n<\/ul>\n<ul>\n<li aria-level=\"1\"><span style=\"font-weight: 400;\">K\u0131l\u0131\u00e7, N. P., \u00d6zdemir, B. P., Gen\u00e7t\u00fcrk H\u0131zal, S. &amp; Akta\u015f, M. (2021).<\/span><a href=\"https:\/\/dergipark.org.tr\/en\/pub\/connectist\/issue\/64177\/863315\"> <b>Covid-19 Pandemisinde \u0130leti\u015fimsel \u0130htiya\u00e7lar, Beklentiler ve Deneyimler \u00dczerine Nitel Bir Ara\u015ft\u0131rma: 65 Ya\u015f ve \u00dczeri Ankara \u00d6rneklemi<\/b><\/a><b>.<\/b> <i><span style=\"font-weight: 400;\">Connectist: Istanbul University Journal of Communication Sciences<\/span><\/i><span style=\"font-weight: 400;\">, (60), 127-155. Retrieved from<\/span><a href=\"https:\/\/dergipark.org.tr\/en\/pub\/connectist\/issue\/64177\/863315\"> <span style=\"font-weight: 400;\">https:\/\/dergipark.org.tr\/en\/pub\/connectist\/issue\/64177\/863315<\/span><\/a><\/li>\n<\/ul>\n<ul>\n<li aria-level=\"1\"><span style=\"font-weight: 400;\">K\u0131l\u0131\u00e7, N. P. (2020).<\/span><a href=\"https:\/\/dergipark.org.tr\/en\/pub\/moment\/issue\/59402\/799616\"> <b>Dijital Oyunlarda Belle\u011fin Yeniden \u0130n\u015fas\u0131: Nusrat \u00d6rne\u011fi<\/b><\/a><b>.<\/b> <i><span style=\"font-weight: 400;\">Moment Hacettepe \u00dcniversitesi \u0130leti\u015fim Fak\u00fcltesi K\u00fclt\u00fcrel \u00c7al\u0131\u015fmalar Dergisi<\/span><\/i><span style=\"font-weight: 400;\">, 7(2), 265-286.\u00a0 <\/span><span style=\"font-weight: 400;\">DOI: 10.17572\/mj2020.2.265286<\/span><\/li>\n<li aria-level=\"1\"><span style=\"font-weight: 400;\">K\u0131l\u0131\u00e7, N. P. &amp; Y\u0131ld\u0131r\u0131m, \u0130. E. (2020).<\/span><a href=\"https:\/\/dergipark.org.tr\/en\/pub\/cbayarsos\/article\/681305\"> <b>Sadece Bernays&#8217;\u0131n E\u015fi Mi? Halkla \u0130li\u015fkilerin Kad\u0131n \u00d6nc\u00fcllerinden Doris E. Fleischman<\/b><\/a><span style=\"font-weight: 400;\">. <\/span><i><span style=\"font-weight: 400;\">Manisa Celal Bayar \u00dcniversitesi Sosyal Bilimler Dergisi<\/span><\/i><span style=\"font-weight: 400;\">, Cumhuriyet Arma\u011fan Say\u0131s\u0131, 311-324. DOI: 10.18026\/cbayarsos.681305<\/span><\/li>\n<li aria-level=\"1\"><span style=\"font-weight: 400;\">K\u0131l\u0131\u00e7, N. P. (2019).<\/span><a href=\"https:\/\/app.trdizin.gov.tr\/publication\/paper\/detail\/TXpBMU9URTFOUT09\"> <b>Millet&#8217;in D\u0131\u015f\u0131nda Kalanlar\u0131n &#8216;Biz-Onlar&#8217; Ayr\u0131m\u0131: \u0130leri Ya\u015f Grubu Kemalist Bireylerin Facebook Kullan\u0131m Pratikleri \u00dczerinden Bir De\u011ferlendirme<\/b><\/a><b>.<\/b> <i><span style=\"font-weight: 400;\">K\u00fclt\u00fcr ve \u0130leti\u015fim Dergisi<\/span><\/i><span style=\"font-weight: 400;\">, 22(43), 71-104. ISSN: 1301-7241.<\/span><\/li>\n<\/ul>\n<ul>\n<li aria-level=\"1\"><span style=\"font-weight: 400;\">K\u0131l\u0131\u00e7, N. P. (2018).<\/span><a href=\"https:\/\/www.researchgate.net\/publication\/323455403_KUSAKLARARASI_ILETISIM_UNIVERSITE_OGRENCILERININ_YASLILARLA_ILETISIM_BICIMLERI\"> <b>Ku\u015faklararas\u0131 \u0130leti\u015fim: \u00dcniversite \u00d6\u011frencilerinin Ya\u015fl\u0131larla \u0130leti\u015fim Bi\u00e7imleri<\/b><\/a><b>.<\/b> <i><span style=\"font-weight: 400;\">Uluslararas\u0131 Sosyal Ara\u015ft\u0131rmalar Dergisi<\/span><\/i><span style=\"font-weight: 400;\">, 11(55), 849-860. ISSN: 1307-9581<\/span><span style=\"font-weight: 400;\">.<\/span><\/li>\n<\/ul>\n<ul>\n<li aria-level=\"1\"><span style=\"font-weight: 400;\">K\u0131l\u0131\u00e7, N. P. (2017).<\/span><a href=\"https:\/\/www.researchgate.net\/publication\/330478379_Artirilmis_gerceklik_uygulamalarinin_halkla_iliskiler_acisindan_olanak_ve_sinirliliklari\"> <b>Art\u0131r\u0131lm\u0131\u015f Ger\u00e7eklik Uygulamalar\u0131n\u0131n Halkla \u0130li\u015fkiler A\u00e7\u0131s\u0131ndan Olanak ve S\u0131n\u0131rl\u0131l\u0131klar\u0131<\/b><\/a><b>.<\/b> <i><span style=\"font-weight: 400;\">\u0130leti\u015fim Ara\u015ft\u0131rmalar\u0131 Dergisi<\/span><\/i><span style=\"font-weight: 400;\">, 15(1), 87-118. ISSN: 1303-7900.<\/span><\/li>\n<\/ul>\n<ul>\n<li aria-level=\"1\"><span style=\"font-weight: 400;\">K\u0131l\u0131\u00e7, N. P. (2017).<\/span><a href=\"https:\/\/dergipark.org.tr\/en\/pub\/kurgu\/issue\/59640\/859518\"> <b>Sa\u011fl\u0131k Hizmetlerinde Bireysel Ya\u015fl\u0131 Ayr\u0131mc\u0131l\u0131\u011f\u0131<\/b><\/a><b>.<\/b> <i><span style=\"font-weight: 400;\">Anadolu \u00dcniversitesi \u0130leti\u015fim Bilimleri Fak\u00fcltesi Uluslararas\u0131 Hakemli Dergisi eKurgu<\/span><\/i><span style=\"font-weight: 400;\">, 25(3): 53-77. <\/span><span style=\"font-weight: 400;\">Retrieved from <\/span><a href=\"https:\/\/dergipark.org.tr\/en\/pub\/kurgu\/issue\/59640\/859518\"><span style=\"font-weight: 400;\">https:\/\/dergipark.org.tr\/en\/pub\/kurgu\/issue\/59640\/859518<\/span><\/a><span style=\"font-weight: 400;\">\u00a0<\/span><\/li>\n<\/ul>\n<ul>\n<li aria-level=\"1\"><span style=\"font-weight: 400;\">K\u0131l\u0131\u00e7, Nil\u00fcfer P\u0131nar (2014).<\/span><a href=\"https:\/\/dergipark.org.tr\/tr\/pub\/akil\/issue\/30977\/441940\"> <b>Yeni Kapitalizm K\u00fclt\u00fcr\u00fcnde Otomobil Reklamlar\u0131: Audi ve Skoda Reklamlar\u0131 \u00d6rne\u011fi<\/b><\/a><span style=\"font-weight: 400;\">. <\/span><i><span style=\"font-weight: 400;\">Akdeniz \u0130leti\u015fim Dergisi<\/span><\/i><span style=\"font-weight: 400;\">, (22): 107-129. ISSN: 1304-3846<\/span><span style=\"font-weight: 400;\">.<\/span><\/li>\n<\/ul>\n<ul>\n<li aria-level=\"1\"><span style=\"font-weight: 400;\">Becerikli, S. ve K\u0131l\u0131\u00e7 N. P. (2012).<\/span><a href=\"http:\/\/sobild.ankara.edu.tr\/index.php\/sobild\/article\/view\/805\"> <b>Merkez ve Do\u011fu Avrupa\u2019da Halkla \u0130li\u015fkiler Uygulamalar\u0131: Romanya \u00d6rne\u011fi<\/b><\/a><b>.<\/b> <i><span style=\"font-weight: 400;\">Ankyra: Ankara \u00dcniversitesi Sosyal Bilimler Enstit\u00fcs\u00fc Dergisi<\/span><\/i><span style=\"font-weight: 400;\">, 3(2), 89-112<\/span><span style=\"font-weight: 400;\">. DOI: 10.1501\/sbeder_0000000047<\/span><\/li>\n<\/ul>\n\n\t\t<\/div>\n\t<\/div>\n<\/div><\/div><div class=\"vc_tta-panel\" id=\"1540058399194-24507373-53891c68-6e24\" data-vc-content=\".vc_tta-panel-body\"><div class=\"vc_tta-panel-heading\"><h4 class=\"vc_tta-panel-title\"><a href=\"#1540058399194-24507373-53891c68-6e24\" data-vc-accordion data-vc-container=\".vc_tta-container\"><span class=\"vc_tta-title-text\">Books\/ Book Chapters<\/span><\/a><\/h4><\/div><div class=\"vc_tta-panel-body\">\n\t<div class=\"wpb_text_column wpb_content_element\" >\n\t\t<div class=\"wpb_wrapper\">\n\t\t\t<ul>\n<li aria-level=\"1\"><span style=\"font-weight: 400;\">K\u0131l\u0131\u00e7, N. P. (2021).<\/span><a href=\"https:\/\/www.researchgate.net\/publication\/349762769_Precaution_or_Stigma_Older_Adults_in_the_Turkish_National_Press_During_COVID-19_Pandemic\"> <b>Precaution or Stigma?: Older Adults in the Turkish National Press During COVID-19 Pandemic<\/b><\/a><span style=\"font-weight: 400;\">. \u0130\u00e7inde G. Sar\u0131 (Ed.) <\/span><i><span style=\"font-weight: 400;\">Handbook of Research on Representing Health and Medicine in Modern Media<\/span><\/i><span style=\"font-weight: 400;\"> (ss. 492-508). IGI Global. <\/span><a href=\"about:blank\"><span style=\"font-weight: 400;\">http:\/\/doi:10.4018\/978-1-7998-6825-5.ch030<\/span><\/a><span style=\"font-weight: 400;\">\u00a0<\/span><\/li>\n<\/ul>\n<ul>\n<li aria-level=\"1\"><span style=\"font-weight: 400;\">Dikmen, E. \u015e., K\u0131l\u0131\u00e7, N. P. ve \u00d6zdora-Ak\u015fak, E. (2020). &#8220;<\/span><b>Pandemi D\u00f6neminde Kamu Spotlar\u0131n\u0131n \u00c7evrimi\u00e7i Payla\u015f\u0131m Mecralar\u0131: T. C. Sa\u011fl\u0131k Bakanl\u0131\u011f\u0131 YouTube Kanal\u0131 \u00d6rne\u011fi<\/b><span style=\"font-weight: 400;\">&#8220;, <\/span><i><span style=\"font-weight: 400;\">Sosyal Bilimci G\u00f6z\u00fcyle PANDEM\u0130 Covid-19 \u00dczerine Ara\u015ft\u0131rma, Uygulama ve Tart\u0131\u015fmalar<\/span><\/i><span style=\"font-weight: 400;\"> i\u00e7inde (Ed. Erhan Ero\u011flu ve Figen \u00dcnal \u00c7olak). Konya: Literat\u00fcrk Academia. ISBN:978-605-70091-9-7<\/span><\/li>\n<\/ul>\n<ul>\n<li aria-level=\"1\"><span style=\"font-weight: 400;\">Becerikli, S. &amp; K\u0131l\u0131\u00e7 N. P. (2014), \u201c<\/span><a href=\"https:\/\/www.academia.edu\/8372176\/Becerikli_S_K%C4%B1l%C4%B1%C3%A7_N_P_2014_Ya%C5%9Fl%C4%B1lar_ve_Teknoloji_Kullan%C4%B1m%C4%B1_Literat%C3%BCrdeki_Ara%C5%9Ft%C4%B1rmalar_%C3%9Czerinden_Bir_De%C4%9Ferlendirme_Yeni_Medya_Pratikler_Olanaklar_i%C3%A7inde_Ed_Emel_Ba%C5%9Ft%C3%BCrk_Akca_Kocaeli_Umuttepe_Yay%C4%B1nlar%C4%B1_ss_45_58\"><b>Ya\u015fl\u0131lar ve Teknoloji Kullan\u0131m\u0131: Literat\u00fcrdeki Ara\u015ft\u0131rmalar \u00dczerinden Bir De\u011ferlendirme<\/b><\/a><span style=\"font-weight: 400;\">\u201d, <\/span><i><span style=\"font-weight: 400;\">Yeni Medya Pratikler Olanaklar<\/span><\/i><span style=\"font-weight: 400;\"> i\u00e7inde (Ed. Emel Ba\u015ft\u00fcrk Akca), Kocaeli: Umuttepe Yay\u0131nlar\u0131. (ss. 45-58<\/span><span style=\"font-weight: 400;\">).<\/span><\/li>\n<\/ul>\n\n\t\t<\/div>\n\t<\/div>\n<\/div><\/div><div class=\"vc_tta-panel\" id=\"1540058473233-65032c91-41801c68-6e24\" data-vc-content=\".vc_tta-panel-body\"><div class=\"vc_tta-panel-heading\"><h4 class=\"vc_tta-panel-title\"><a href=\"#1540058473233-65032c91-41801c68-6e24\" data-vc-accordion data-vc-container=\".vc_tta-container\"><span class=\"vc_tta-title-text\">Reviews<\/span><\/a><\/h4><\/div><div class=\"vc_tta-panel-body\">\n\t<div class=\"wpb_text_column wpb_content_element\" >\n\t\t<div class=\"wpb_wrapper\">\n\t\t\t<ul>\n<li aria-level=\"1\"><span style=\"font-weight: 400;\">K\u0131l\u0131\u00e7, N. P. (2014). <\/span><i><span style=\"font-weight: 400;\">Etkinlik De\u011ferlendirmesi \u201c<\/span><\/i><a href=\"https:\/\/www.academia.edu\/9483779\/LaborComm_2014_Uluslararas%C4%B1_%C4%B0%C5%9F%C3%A7i_ve_%C4%B0leti%C5%9Fim_Konferans%C4%B1_Etkinlik_De%C4%9Ferlendirmesi\"><b>LaborComm 2014 Uluslararas\u0131 \u0130\u015f\u00e7i ve \u0130leti\u015fim Konferans\u0131<\/b><\/a><i><span style=\"font-weight: 400;\">,\u201d<\/span><\/i> <i><span style=\"font-weight: 400;\">K\u00fclt\u00fcr ve \u0130leti\u015fim<\/span><\/i><span style=\"font-weight: 400;\">, 17(2), syf. 211-218.<\/span><\/li>\n<\/ul>\n\n\t\t<\/div>\n\t<\/div>\n<\/div><\/div><div class=\"vc_tta-panel\" id=\"1540058557955-4fdbe6b7-32f71c68-6e24\" data-vc-content=\".vc_tta-panel-body\"><div class=\"vc_tta-panel-heading\"><h4 class=\"vc_tta-panel-title\"><a href=\"#1540058557955-4fdbe6b7-32f71c68-6e24\" data-vc-accordion data-vc-container=\".vc_tta-container\"><span class=\"vc_tta-title-text\">Other Publications<\/span><\/a><\/h4><\/div><div class=\"vc_tta-panel-body\">\n\t<div class=\"wpb_text_column wpb_content_element\" >\n\t\t<div class=\"wpb_wrapper\">\n\t\t\t<p><span style=\"font-weight: 400;\">K\u0131l\u0131\u00e7, N. P. (2010). \u201c<\/span><a href=\"https:\/\/www.academia.edu\/4524065\/_Kitap_ele%C5%9Ftirisi_tan%C4%B1t%C4%B1m%C4%B1_Using_Public_Relations_Strategies_to_Promote_Your_Nonprofit_Organization_ileti%C5%9Fim_ara%C5%9Ft%C4%B1rmalar%C4%B1_dergisi_2010_8_1_syf_135_141_ISSN_1303_7900\"><b>Kitap Tan\u0131t\u0131m\u0131: Using Public Relations Strategies to Promote Your Nonprofit Organization<\/b><\/a><span style=\"font-weight: 400;\">,\u201d <\/span><i><span style=\"font-weight: 400;\">ileti\u015fim: ara\u015ft\u0131rmalar\u0131 dergisi<\/span><\/i><span style=\"font-weight: 400;\">, 8(1), 135-141<\/span><span style=\"font-weight: 400;\">.<\/span><\/p>\n\n\t\t<\/div>\n\t<\/div>\n<\/div><\/div><\/div><\/div><\/div><\/div><\/div>","protected":false},"excerpt":{"rendered":"Nil\u00fcfer P\u0131nar K\u0131l\u0131\u00e7, PhD. Lisans e\u011fitimini Gazi \u00dcniversitesi \u0130ktisadi \u0130dari Bilimler Fak\u00fcltesi \u0130\u015fletme B\u00f6l\u00fcm\u00fcnde tamamlad\u0131ktan sonra bir kamu kurumunda be\u015f y\u0131l s\u00fcre g\u00f6rev yapm\u0131\u015ft\u0131r. Ankara \u00dcniversitesi \u0130leti\u015fim Fak\u00fcltesi Halkla \u0130li\u015fkiler ve Tan\u0131t\u0131m B\u00f6l\u00fcm\u00fcnde g\u00f6reve ba\u015flad\u0131\u011f\u0131 2012 y\u0131l\u0131nda, sivil toplum kurulu\u015flar\u0131n\u0131n<span class=\"read_more_area\"><a class=\"read-more\" href=\"https:\/\/netlab.media\/en\/ekip\/nilufer-pinar-kilic\/\"> Devam\u0131... <\/a><\/span>","protected":false},"author":1,"featured_media":0,"parent":1774,"menu_order":0,"comment_status":"closed","ping_status":"closed","template":"","meta":{"footnotes":""},"_links":{"self":[{"href":"https:\/\/netlab.media\/en\/wp-json\/wp\/v2\/pages\/2016"}],"collection":[{"href":"https:\/\/netlab.media\/en\/wp-json\/wp\/v2\/pages"}],"about":[{"href":"https:\/\/netlab.media\/en\/wp-json\/wp\/v2\/types\/page"}],"author":[{"embeddable":true,"href":"https:\/\/netlab.media\/en\/wp-json\/wp\/v2\/users\/1"}],"replies":[{"embeddable":true,"href":"https:\/\/netlab.media\/en\/wp-json\/wp\/v2\/comments?post=2016"}],"version-history":[{"count":6,"href":"https:\/\/netlab.media\/en\/wp-json\/wp\/v2\/pages\/2016\/revisions"}],"predecessor-version":[{"id":5306,"href":"https:\/\/netlab.media\/en\/wp-json\/wp\/v2\/pages\/2016\/revisions\/5306"}],"up":[{"embeddable":true,"href":"https:\/\/netlab.media\/en\/wp-json\/wp\/v2\/pages\/1774"}],"wp:attachment":[{"href":"https:\/\/netlab.media\/en\/wp-json\/wp\/v2\/media?parent=2016"}],"curies":[{"name":"wp","href":"https:\/\/api.w.org\/{rel}","templated":true}]}}