{"id":2022,"date":"2018-04-03T17:23:51","date_gmt":"2018-04-03T14:23:51","guid":{"rendered":"http:\/\/netlab.media\/?page_id=2022"},"modified":"2022-01-23T22:04:42","modified_gmt":"2022-01-23T19:04:42","slug":"andac","status":"publish","type":"page","link":"https:\/\/netlab.media\/en\/ekip\/andac\/","title":{"rendered":"Anda\u00e7 I\u015f\u0131k"},"content":{"rendered":"","protected":true},"excerpt":{"rendered":"","protected":true},"author":1,"featured_media":0,"parent":1774,"menu_order":0,"comment_status":"closed","ping_status":"closed","template":"","meta":{"footnotes":""},"_links":{"self":[{"href":"https:\/\/netlab.media\/en\/wp-json\/wp\/v2\/pages\/2022"}],"collection":[{"href":"https:\/\/netlab.media\/en\/wp-json\/wp\/v2\/pages"}],"about":[{"href":"https:\/\/netlab.media\/en\/wp-json\/wp\/v2\/types\/page"}],"author":[{"embeddable":true,"href":"https:\/\/netlab.media\/en\/wp-json\/wp\/v2\/users\/1"}],"replies":[{"embeddable":true,"href":"https:\/\/netlab.media\/en\/wp-json\/wp\/v2\/comments?post=2022"}],"version-history":[{"count":1,"href":"https:\/\/netlab.media\/en\/wp-json\/wp\/v2\/pages\/2022\/revisions"}],"predecessor-version":[{"id":4479,"href":"https:\/\/netlab.media\/en\/wp-json\/wp\/v2\/pages\/2022\/revisions\/4479"}],"up":[{"embeddable":true,"href":"https:\/\/netlab.media\/en\/wp-json\/wp\/v2\/pages\/1774"}],"wp:attachment":[{"href":"https:\/\/netlab.media\/en\/wp-json\/wp\/v2\/media?parent=2022"}],"curies":[{"name":"wp","href":"https:\/\/api.w.org\/{rel}","templated":true}]}}