{"id":2160,"date":"2018-04-20T13:29:09","date_gmt":"2018-04-20T10:29:09","guid":{"rendered":"http:\/\/netlab.media\/?page_id=2160"},"modified":"2025-06-19T10:05:13","modified_gmt":"2025-06-19T07:05:13","slug":"levent-ince","status":"publish","type":"page","link":"https:\/\/netlab.media\/en\/ekip\/levent-ince\/","title":{"rendered":"Levent Y. \u0130nce"},"content":{"rendered":"<div data-row-text-color=\"dark\" style=\" \" class=\"vc_row wpb_row zolo_wpb_row vc_row-fluid apress_row_class_173245267569e661e457fab vc_row-o-equal-height vc_row-flex\"><div class=\"wpb_column vc_column_container vc_col-sm-4 apress_col_id_54576553969e661e458f1a hover_style_none\"><div class=\"layer vc_column-inner\"  ><div class=\"wpb_wrapper\"><div class=\"ult-team-member-wrap ult-style-1\"><div class=\"ult-team-member-image\" style=\"\"> <img decoding=\"async\" class=\"\" src=\"https:\/\/netlab.media\/wp-content\/uploads\/2018\/04\/levent_ince.png\" alt=\"null\"  style=\"\"><span class=\"ult-team-member-image-overlay\"  ><\/span><\/div><div class=\"ult-team-member-bio-wrap style-1 ultimate-heading69e661e459639\" style=\"text-align:center;; \"><div class=\"ult-team-member-name-wrap\"><h2 class=\"ult-team-member-name ult-responsive\"  data-ultimate-target='.ult-team-member-bio-wrap.ultimate-heading69e661e459639 .ult-team-member-name'  data-responsive-json-new='{\"font-size\":\"\",\"line-height\":\"\"}'  style=\"\">Levent Y. \u0130nce, PhD.<\/h2><div style=\"margin-bottom:15px\"><\/div><div class='ult-social-buttons'><a href='mailto:leventyince@gmail.com' target='_blank' rel='noopener' title='E-Posta' class='ult-team ult-social-icon' style='font-size:16px ; margin-left:5px;margin-right:5px;;color:#28beff;'  data-iconcolor='#28beff' data-iconhover='#288cff' ><i class='Defaults-envelope'><\/i><\/a><a href='http:\/\/www.linkedin.com\/in\/leventyince' target='_blank' rel='noopener' title='Linked In' class='ult-team ult-social-icon' style='font-size:16px ; margin-left:5px;margin-right:5px;;color:#28beff;'  data-iconcolor='#28beff' data-iconhover='#288cff' ><i class='Defaults-linkedin-square'><\/i><\/a><\/div><\/div><\/div><\/div><\/div><\/div><\/div><div class=\"wpb_column vc_column_container vc_col-sm-8 apress_col_id_9187785969e661e459cec hover_style_none\"><div class=\"layer vc_column-inner\"  ><div class=\"wpb_wrapper\">\n\t<div class=\"wpb_text_column wpb_content_element\" >\n\t\t<div class=\"wpb_wrapper\">\n\t\t\t<p>Levent got his BFA degree from the Department of Graphic Design at Bilkent University, FADA. Following that, he received his MFA degree with the thesis titled \u201cA Critical Approach To Game Studies: Analysis Of Fallout 3 As An Example Of Non-linear Gameplay\u201d. Starting to work as a \u201cstudent-assistant\u201d for the History of Art class during 2007 he became the Teaching Assistant for the 4th Year Design Studio during his MFA studies between 2008-2010. He\u2019s been working with several national and international institutions since 2007 as well as taking on multidisciplinary freelance projects. Levent is currently a full-time Instructor at the Department of Visual Communication Design at TED University, Ankara.<\/p>\n<p>Research Interests: Video Games, Game Studies, Interactive Media, Frontend Development, Interface Design<\/p>\n\n\t\t<\/div>\n\t<\/div>\n\n\t<div class=\"wpb_text_column wpb_content_element\" >\n\t\t<div class=\"wpb_wrapper\">\n\t\t\t\n\t\t<\/div>\n\t<\/div>\n\r\n<div id=\"zolo_button_element_183681850069e661e45a8b8\" class=\"zolo_button_element zolo_button_center zolo_button_size_large zolo_button_hoverstyle1 primary_color_scheme noanimation\" data-animation = \"No Animation\" data-delay = \"500\"><a href=\"https:\/\/avesis.tedu.edu.tr\/levent.ince\" title=\"\" class=\"zolo_button zolo_button_round zolo_ripplelink\"><span class=\"zolo_button_text\" style=\"\">Info Page<\/span><\/a><\/div><\/div><\/div><\/div><\/div>","protected":false},"excerpt":{"rendered":"Levent Y. \u0130nce, PhD. Lisans derecesini 2008 y\u0131l\u0131nda Bilkent \u00dcniversitesi, GSTMF, Grafik Tasar\u0131m b\u00f6l\u00fcm\u00fcnde tamamlad\u0131. Hemen ard\u0131ndan, \u201cA Critical Approach To Game Studies: Analysis Of Fallout 3 As An Example Of Non-linear Gameplay\u201d ba\u015fl\u0131kl\u0131 teziyle MFA derecesini ald\u0131. 2007 y\u0131l\u0131nda<span class=\"read_more_area\"><a class=\"read-more\" href=\"https:\/\/netlab.media\/en\/ekip\/levent-ince\/\"> Devam\u0131... <\/a><\/span>","protected":false},"author":1,"featured_media":0,"parent":1774,"menu_order":0,"comment_status":"closed","ping_status":"closed","template":"","meta":{"footnotes":""},"_links":{"self":[{"href":"https:\/\/netlab.media\/en\/wp-json\/wp\/v2\/pages\/2160"}],"collection":[{"href":"https:\/\/netlab.media\/en\/wp-json\/wp\/v2\/pages"}],"about":[{"href":"https:\/\/netlab.media\/en\/wp-json\/wp\/v2\/types\/page"}],"author":[{"embeddable":true,"href":"https:\/\/netlab.media\/en\/wp-json\/wp\/v2\/users\/1"}],"replies":[{"embeddable":true,"href":"https:\/\/netlab.media\/en\/wp-json\/wp\/v2\/comments?post=2160"}],"version-history":[{"count":7,"href":"https:\/\/netlab.media\/en\/wp-json\/wp\/v2\/pages\/2160\/revisions"}],"predecessor-version":[{"id":5671,"href":"https:\/\/netlab.media\/en\/wp-json\/wp\/v2\/pages\/2160\/revisions\/5671"}],"up":[{"embeddable":true,"href":"https:\/\/netlab.media\/en\/wp-json\/wp\/v2\/pages\/1774"}],"wp:attachment":[{"href":"https:\/\/netlab.media\/en\/wp-json\/wp\/v2\/media?parent=2160"}],"curies":[{"name":"wp","href":"https:\/\/api.w.org\/{rel}","templated":true}]}}