{"id":2541,"date":"2018-06-27T21:16:47","date_gmt":"2018-06-27T18:16:47","guid":{"rendered":"http:\/\/netlab.media\/?page_id=2541"},"modified":"2018-10-02T14:42:53","modified_gmt":"2018-10-02T11:42:53","slug":"geertlovink","status":"publish","type":"page","link":"https:\/\/netlab.media\/en\/geertlovink\/","title":{"rendered":"NETlab Talks: Geert Lovink"},"content":{"rendered":"<div data-row-text-color=\"dark\" style=\" \" class=\"vc_row wpb_row zolo_wpb_row vc_row-fluid apress_row_class_58764575169e661f8e886a\"><div class=\"wpb_column vc_column_container vc_col-sm-12 apress_col_id_51211011269e661f8e984d hover_style_none\"><div class=\"layer vc_column-inner\"  ><div class=\"wpb_wrapper\"><h1 id=\"uvc-type-wrap-6575\"  data-ultimate-target='#uvc-type-wrap-6575'  data-responsive-json-new='{\"font-size\":\"desktop:72px;mobile:36px;\",\"line-height\":\"desktop:72px;mobile:36px;\"}'  class=\"uvc-type-wrap  ult-adjust-bottom-margin ult-responsive  uvc-type-align-center uvc-type-no-prefix uvc-wrap-149188036769e661f8e9a7e\" style=\"text-align:center;\"><span id=\"typed-149188036769e661f8e9a7e\" class=\"ultimate-typed-main fancytext-typewriter-background-enabled\" style=\"color:#070707;background:#ffffff; font-weight:bold; text-transform: unset;\"><\/span><script type=\"text\/javascript\"> \r\n\t\t\t\t\t\tjQuery(function($){ \r\n\t\t\t\t\t\t\t$(document).ready(function(){\r\n\t\t\t\t\t\t\t\tif( typeof jQuery(\"#typed-149188036769e661f8e9a7e\").typed == \"function\"){\r\n\t\t\t\t\t\t\t\t\t$(\"#typed-149188036769e661f8e9a7e\").typed({\r\n\t\t\t\t\t\t\t\t\t\tstrings: [\"NETlab Talks: Geert Lovink\"],\r\n\t\t\t\t\t\t\t\t\t\ttypeSpeed: 35,\r\n\t\t\t\t\t\t\t\t\t\tbackSpeed: 35,\r\n\t\t\t\t\t\t\t\t\t\tstartDelay: 50,\r\n\t\t\t\t\t\t\t\t\t\tbackDelay: 5000,\r\n\t\t\t\t\t\t\t\t\t\tloop: true,\r\n\t\t\t\t\t\t\t\t\t\tloopCount: false,\r\n\t\t\t\t\t\t\t\t\t\tshowCursor: true,\r\n\t\t\t\t\t\t\t\t\t\tcursorChar: \"|\",\r\n\t\t\t\t\t\t\t\t\t\tattr: null\r\n\t\t\t\t\t\t\t\t\t});\r\n\t\t\t\t\t\t\t\t}\r\n\t\t\t\t\t\t\t});\r\n\t\t\t\t\t\t});\r\n\t\t\t\t\t<\/script><style>\r\n\t\t\t\t\t\t\t.uvc-wrap-149188036769e661f8e9a7e .typed-cursor {\r\n\t\t\t\t\t\t\t\tcolor:#0a0a0a;\r\n\t\t\t\t\t\t\t}\r\n\t\t\t\t\t\t<\/style><\/h1><\/div><\/div><\/div><\/div><!-- Row Backgrounds --><div class=\"upb_color\" data-bg-override=\"ex-full\" data-bg-color=\"#0a0a0a\" data-fadeout=\"\" data-fadeout-percentage=\"30\" data-parallax-content=\"\" data-parallax-content-sense=\"30\" data-row-effect-mobile-disable=\"true\" data-img-parallax-mobile-disable=\"true\" data-rtl=\"false\"  data-custom-vc-row=\"\"  data-vc=\"6.8.0\"  data-is_old_vc=\"\"  data-theme-support=\"\"   data-overlay=\"false\" data-overlay-color=\"\" data-overlay-pattern=\"\" data-overlay-pattern-opacity=\"\" data-overlay-pattern-size=\"\"    ><\/div><div data-row-text-color=\"dark\" style=\" \" class=\"vc_row wpb_row zolo_wpb_row vc_row-fluid apress_row_class_117450904969e661f8eb1ba vc_custom_1529971095645 vc_row-o-full-height vc_row-o-columns-middle vc_row-flex\"><div class=\"centered-text wpb_column vc_column_container vc_col-sm-6 apress_col_id_74999251669e661f8eb5ea hover_style_none\"><div class=\"layer vc_column-inner\"  ><div class=\"wpb_wrapper\">\t\r\n<div id=\"zolo_heading_element_116270713569e661f8eb984\" class=\"zolo_heading_element heading_style1 noanimation\" data-animation = \"No Animation\" data-delay = \"500\" style=\" text-align:center\"><div class=\"zolo_heading_element_text\"><h2 class=\"zolo-title\"><span class=\"title_text\" style=\"font-size: 50px; line-height: 60px; letter-spacing: 1px; \">The past, present and future of internet and social media with Geert Lovink.<\/span><\/h2><div class=\"zolo-sub-title zolo-content-subtitle\" style=\"color:#ffffff; \"><span class=\"zolo-sub-title-text\">Critical internet research, art of criticism, blockchain and cryptocurrency technologies...<\/span><\/div><\/div><\/div><\/div><\/div><\/div><div class=\"wpb_column vc_column_container vc_col-sm-6 apress_col_id_175414994569e661f8ec733 hover_style_none\"><div class=\"layer vc_column-inner\"  ><div class=\"wpb_wrapper\">\n\t<div class=\"wpb_video_widget wpb_content_element vc_clearfix   vc_video-aspect-ratio-169 vc_video-el-width-100 vc_video-align-center\" >\n\t\t<div class=\"wpb_wrapper\">\n\t\t\t\n\t\t\t<div class=\"wpb_video_wrapper\"><iframe loading=\"lazy\" width=\"500\" height=\"281\" src=\"https:\/\/www.youtube.com\/embed\/videoseries?list=PLwYPI_1duI_Sy_lvhRugLWIuTIvTEWwHJ\" frameborder=\"0\" allow=\"autoplay; encrypted-media\" allowfullscreen><\/iframe><\/div>\n\t\t<\/div>\n\t<\/div>\n<\/div><\/div><\/div><\/div><!-- Row Backgrounds --><div class=\"upb_bg_img\" data-ultimate-bg=\"url(https:\/\/netlab.media\/wp-content\/uploads\/2018\/05\/geert-lovink.jpg)\" data-image-id=\"id^2451|url^http:\/\/netlab.media\/wp-content\/uploads\/2018\/05\/geert-lovink.jpg|caption^null|alt^null|title^geert lovink1|description^null\" data-ultimate-bg-style=\"vcpb-vz-jquery\" data-bg-img-repeat=\"no-repeat\" data-bg-img-size=\"cover\" data-bg-img-position=\"\" data-parallx_sense=\"30\" data-bg-override=\"ex-full\" data-bg_img_attach=\"scroll\" data-upb-overlay-color=\"rgba(10,10,10,0.53)\" data-upb-bg-animation=\"\" data-fadeout=\"\" data-bg-animation=\"left-animation\" data-bg-animation-type=\"h\" data-animation-repeat=\"repeat\" data-fadeout-percentage=\"30\" data-parallax-content=\"\" data-parallax-content-sense=\"30\" data-row-effect-mobile-disable=\"true\" data-img-parallax-mobile-disable=\"true\" data-rtl=\"false\"  data-custom-vc-row=\"\"  data-vc=\"6.8.0\"  data-is_old_vc=\"\"  data-theme-support=\"\"   data-overlay=\"true\" data-overlay-color=\"rgba(10,10,10,0.53)\" data-overlay-pattern=\"https:\/\/netlab.media\/wp-content\/plugins\/Ultimate_VC_Addons\/assets\/images\/patterns\/05.png\" data-overlay-pattern-opacity=\"0.6\" data-overlay-pattern-size=\"\" data-overlay-pattern-attachment=\"scroll\"    ><\/div><div data-row-text-color=\"dark\" data-vc-full-width=\"true\" data-vc-full-width-init=\"false\" data-vc-stretch-content=\"true\" style=\" \" class=\"vc_row wpb_row zolo_wpb_row vc_row-fluid apress_row_class_92813739169e661f8ee986 vc_row-o-equal-height vc_row-flex\"><div class=\"wpb_column vc_column_container vc_col-sm-6 apress_col_id_15857815469e661f8eec81 hover_style_none\"><div class=\"layer vc_column-inner\"  ><div class=\"wpb_wrapper\">\n\t<div class=\"wpb_text_column wpb_content_element\" >\n\t\t<div class=\"wpb_wrapper\">\n\t\t\t<p style=\"text-align: center;\"><em><strong><span style=\"color: #000000;\">Thanks to; Bilkent University COMD and KA At\u00f6lye Ankara.<\/span><\/strong><\/em><\/p>\n\n\t\t<\/div>\n\t<\/div>\n\n\t<div  class=\"wpb_single_image wpb_content_element vc_align_center\">\n\t\t\n\t\t<figure class=\"wpb_wrapper vc_figure\">\n\t\t\t<div class=\"vc_single_image-wrapper   vc_box_border_grey\"><img loading=\"lazy\" decoding=\"async\" class=\"vc_single_image-img\" src=\"https:\/\/netlab.media\/wp-content\/uploads\/2018\/03\/net-lab-logo-1-eng-373x90.png\" width=\"373\" height=\"90\" alt=\"net lab logo 1 eng\" title=\"net lab logo 1 eng\" \/><\/div>\n\t\t<\/figure>\n\t<\/div>\n<\/div><\/div><\/div><div class=\"centered-text wpb_column vc_column_container vc_col-sm-6 apress_col_id_94572725069e661f8efd89 hover_style_none\"><div class=\"layer vc_column-inner\"  ><div class=\"wpb_wrapper\">\t\r\n<div id=\"zolo_heading_element_38763789869e661f8eff76\" class=\"zolo_heading_element heading_style1 noanimation\" data-animation = \"No Animation\" data-delay = \"500\" style=\" text-align:center\"><div class=\"zolo_heading_element_text\"><h2 class=\"zolo-title\"><span class=\"title_text\" style=\"\">Team<\/span><\/h2><div class=\"zolo-heading-delimiter\"> <span class=\"delimiter_style_line\"><\/span> <\/div><\/div><\/div>\n\t<div class=\"wpb_text_column wpb_content_element\" >\n\t\t<div class=\"wpb_wrapper\">\n\t\t\t<p><span style=\"color: #000000;\">Guest: Geert Lovink &#8211; Institute of Network Cultures<\/span><br \/>\n<span style=\"color: #000000;\">Producer: Ergin \u015eafak Dikmen<\/span><br \/>\n<span style=\"color: #000000;\">Questions: Ergin \u015eafak Dikmen, Anda\u00e7 I\u015f\u0131k<\/span><br \/>\n<span style=\"color: #000000;\">Camera: Serdar Direk<\/span><br \/>\n<span style=\"color: #000000;\">Motion Graphic Design: Ergin \u015eafak Dikmen<\/span><br \/>\n<span style=\"color: #000000;\">Editing: Talha \u00c7al\u0131\u015fkan<\/span><\/p>\n\n\t\t<\/div>\n\t<\/div>\n<\/div><\/div><\/div><\/div><div class=\"vc_row-full-width vc_clearfix\"><\/div><div data-row-text-color=\"dark\" data-vc-full-width=\"true\" data-vc-full-width-init=\"false\" style=\" \" class=\"vc_row wpb_row zolo_wpb_row vc_row-fluid apress_row_class_209234160169e661f8f0d67 vc_custom_1526050028247 vc_row-has-fill\"><div class=\"centered-text wpb_column vc_column_container vc_col-sm-12 apress_col_id_45088522069e661f8f0fd1 hover_style_none\"><div class=\"layer vc_column-inner\"  ><div class=\"wpb_wrapper\"><h1 id=\"uvc-type-wrap-8244\"  data-ultimate-target='#uvc-type-wrap-8244'  data-responsive-json-new='{\"font-size\":\"desktop:48px;\",\"line-height\":\"desktop:48px;\"}'  class=\"uvc-type-wrap  ult-adjust-bottom-margin ult-responsive  uvc-type-align-center uvc-type-no-prefix uvc-wrap-11979520169e661f8f10b5\" style=\"text-align:center;\"><span id=\"typed-11979520169e661f8f10b5\" class=\"ultimate-typed-main fancytext-typewriter-background-enabled\" style=\"color:#0a0a0a;background:#ffffff; font-weight:bold; text-transform: unset;\"><\/span><span  data-ultimate-target='#uvc-type-wrap-8244 .mycustfancy'  data-responsive-json-new='{\"font-size\":\"desktop:16px;\",\"line-height\":\"desktop:16px;\"}'  class=\"ultimate-typewriter-suffix mycustfancy ult-responsive\" style=\"font-style:italic;font-weight:normal;color:#ffffff;background :#0a0a0a; text-transform: unset;\">2018<\/span><script type=\"text\/javascript\"> \r\n\t\t\t\t\t\tjQuery(function($){ \r\n\t\t\t\t\t\t\t$(document).ready(function(){\r\n\t\t\t\t\t\t\t\tif( typeof jQuery(\"#typed-11979520169e661f8f10b5\").typed == \"function\"){\r\n\t\t\t\t\t\t\t\t\t$(\"#typed-11979520169e661f8f10b5\").typed({\r\n\t\t\t\t\t\t\t\t\t\tstrings: [\"NETlab Talks\"],\r\n\t\t\t\t\t\t\t\t\t\ttypeSpeed: 35,\r\n\t\t\t\t\t\t\t\t\t\tbackSpeed: 35,\r\n\t\t\t\t\t\t\t\t\t\tstartDelay: 50,\r\n\t\t\t\t\t\t\t\t\t\tbackDelay: 5000,\r\n\t\t\t\t\t\t\t\t\t\tloop: true,\r\n\t\t\t\t\t\t\t\t\t\tloopCount: false,\r\n\t\t\t\t\t\t\t\t\t\tshowCursor: true,\r\n\t\t\t\t\t\t\t\t\t\tcursorChar: \"|\",\r\n\t\t\t\t\t\t\t\t\t\tattr: null\r\n\t\t\t\t\t\t\t\t\t});\r\n\t\t\t\t\t\t\t\t}\r\n\t\t\t\t\t\t\t});\r\n\t\t\t\t\t\t});\r\n\t\t\t\t\t<\/script><style>\r\n\t\t\t\t\t\t\t.uvc-wrap-11979520169e661f8f10b5 .typed-cursor {\r\n\t\t\t\t\t\t\t\tcolor:#ffffff;\r\n\t\t\t\t\t\t\t}\r\n\t\t\t\t\t\t<\/style><\/h1><\/div><\/div><\/div><\/div><div class=\"vc_row-full-width vc_clearfix\"><\/div><!-- Row Backgrounds --><div class=\"upb_color\" data-bg-override=\"ex-full\" data-bg-color=\"#0a0a0a\" data-fadeout=\"\" data-fadeout-percentage=\"30\" data-parallax-content=\"\" data-parallax-content-sense=\"30\" data-row-effect-mobile-disable=\"true\" data-img-parallax-mobile-disable=\"true\" data-rtl=\"false\"  data-custom-vc-row=\"\"  data-vc=\"6.8.0\"  data-is_old_vc=\"\"  data-theme-support=\"\"   data-overlay=\"false\" data-overlay-color=\"\" data-overlay-pattern=\"\" data-overlay-pattern-opacity=\"\" data-overlay-pattern-size=\"\"    ><\/div>","protected":false},"excerpt":{"rendered":"The past, present and future of internet and social media with Geert Lovink.Critical internet research, art of criticism, blockchain and cryptocurrency technologies... Thanks to; Bilkent University COMD and KA At\u00f6lye Ankara. Team Guest: Geert Lovink - Institute of Network Cultures<span class=\"read_more_area\"><a class=\"read-more\" href=\"https:\/\/netlab.media\/en\/geertlovink\/\"> Devam\u0131... <\/a><\/span>","protected":false},"author":1,"featured_media":2550,"parent":0,"menu_order":0,"comment_status":"closed","ping_status":"closed","template":"","meta":{"footnotes":""},"_links":{"self":[{"href":"https:\/\/netlab.media\/en\/wp-json\/wp\/v2\/pages\/2541"}],"collection":[{"href":"https:\/\/netlab.media\/en\/wp-json\/wp\/v2\/pages"}],"about":[{"href":"https:\/\/netlab.media\/en\/wp-json\/wp\/v2\/types\/page"}],"author":[{"embeddable":true,"href":"https:\/\/netlab.media\/en\/wp-json\/wp\/v2\/users\/1"}],"replies":[{"embeddable":true,"href":"https:\/\/netlab.media\/en\/wp-json\/wp\/v2\/comments?post=2541"}],"version-history":[{"count":0,"href":"https:\/\/netlab.media\/en\/wp-json\/wp\/v2\/pages\/2541\/revisions"}],"wp:featuredmedia":[{"embeddable":true,"href":"https:\/\/netlab.media\/en\/wp-json\/wp\/v2\/media\/2550"}],"wp:attachment":[{"href":"https:\/\/netlab.media\/en\/wp-json\/wp\/v2\/media?parent=2541"}],"curies":[{"name":"wp","href":"https:\/\/api.w.org\/{rel}","templated":true}]}}