{"id":2629,"date":"2018-08-16T14:13:16","date_gmt":"2018-08-16T11:13:16","guid":{"rendered":"http:\/\/netlab.media\/?page_id=2629"},"modified":"2018-08-16T14:13:40","modified_gmt":"2018-08-16T11:13:40","slug":"dijital-oyun-endustrisi","status":"publish","type":"page","link":"https:\/\/netlab.media\/en\/dijital-oyun-endustrisi\/","title":{"rendered":"NETlab Talks: Dijital Oyun End\u00fcstrisi"},"content":{"rendered":"<div data-row-text-color=\"dark\" style=\" \" class=\"vc_row wpb_row zolo_wpb_row vc_row-fluid apress_row_class_166680288869e6623f0d785\"><div class=\"wpb_column vc_column_container vc_col-sm-12 apress_col_id_73157912769e6623f0e5e0 hover_style_none\"><div class=\"layer vc_column-inner\"  ><div class=\"wpb_wrapper\"><h1 id=\"uvc-type-wrap-4650\"  data-ultimate-target='#uvc-type-wrap-4650'  data-responsive-json-new='{\"font-size\":\"desktop:72px;mobile:36px;\",\"line-height\":\"desktop:72px;mobile:36px;\"}'  class=\"uvc-type-wrap  ult-adjust-bottom-margin ult-responsive  uvc-type-align-center uvc-type-no-prefix uvc-wrap-419688850469e6623f0e791\" style=\"text-align:center;\"><span id=\"typed-419688850469e6623f0e791\" class=\"ultimate-typed-main fancytext-typewriter-background-enabled\" style=\"color:#070707;background:#ffffff; font-weight:bold; text-transform: unset;\"><\/span><script type=\"text\/javascript\"> \r\n\t\t\t\t\t\tjQuery(function($){ \r\n\t\t\t\t\t\t\t$(document).ready(function(){\r\n\t\t\t\t\t\t\t\tif( typeof jQuery(\"#typed-419688850469e6623f0e791\").typed == \"function\"){\r\n\t\t\t\t\t\t\t\t\t$(\"#typed-419688850469e6623f0e791\").typed({\r\n\t\t\t\t\t\t\t\t\t\tstrings: [\"NETlab Talks: Dijital Oyun End\u00fcstrisi\"],\r\n\t\t\t\t\t\t\t\t\t\ttypeSpeed: 35,\r\n\t\t\t\t\t\t\t\t\t\tbackSpeed: 35,\r\n\t\t\t\t\t\t\t\t\t\tstartDelay: 50,\r\n\t\t\t\t\t\t\t\t\t\tbackDelay: 5000,\r\n\t\t\t\t\t\t\t\t\t\tloop: true,\r\n\t\t\t\t\t\t\t\t\t\tloopCount: false,\r\n\t\t\t\t\t\t\t\t\t\tshowCursor: true,\r\n\t\t\t\t\t\t\t\t\t\tcursorChar: \"|\",\r\n\t\t\t\t\t\t\t\t\t\tattr: null\r\n\t\t\t\t\t\t\t\t\t});\r\n\t\t\t\t\t\t\t\t}\r\n\t\t\t\t\t\t\t});\r\n\t\t\t\t\t\t});\r\n\t\t\t\t\t<\/script><style>\r\n\t\t\t\t\t\t\t.uvc-wrap-419688850469e6623f0e791 .typed-cursor {\r\n\t\t\t\t\t\t\t\tcolor:#0a0a0a;\r\n\t\t\t\t\t\t\t}\r\n\t\t\t\t\t\t<\/style><\/h1><\/div><\/div><\/div><\/div><!-- Row Backgrounds --><div class=\"upb_color\" data-bg-override=\"ex-full\" data-bg-color=\"#0a0a0a\" data-fadeout=\"\" data-fadeout-percentage=\"30\" data-parallax-content=\"\" data-parallax-content-sense=\"30\" data-row-effect-mobile-disable=\"true\" data-img-parallax-mobile-disable=\"true\" data-rtl=\"false\"  data-custom-vc-row=\"\"  data-vc=\"6.8.0\"  data-is_old_vc=\"\"  data-theme-support=\"\"   data-overlay=\"false\" data-overlay-color=\"\" data-overlay-pattern=\"\" data-overlay-pattern-opacity=\"\" data-overlay-pattern-size=\"\"    ><\/div><div data-row-text-color=\"dark\" style=\" \" class=\"vc_row wpb_row zolo_wpb_row vc_row-fluid apress_row_class_123156464769e6623f0fa5c vc_custom_1534417823936 vc_row-o-full-height vc_row-o-columns-middle vc_row-o-content-middle vc_row-flex\"><div class=\"centered-text wpb_column vc_column_container vc_col-sm-6 apress_col_id_199574147669e6623f0ff1e hover_style_none\"><div class=\"layer vc_column-inner\"  ><div class=\"wpb_wrapper\">\t\r\n<div id=\"zolo_heading_element_131632038869e6623f103da\" class=\"zolo_heading_element heading_style1 noanimation\" data-animation = \"No Animation\" data-delay = \"500\" style=\" text-align:center\"><div class=\"zolo_heading_element_text\"><h2 class=\"zolo-title\"><span class=\"title_text\" style=\"font-size: 50px; line-height: 60px; letter-spacing: 1px; \">Digital game industry in Turkey, pros and cons.\n*Language: Turkish<\/span><\/h2><\/div><\/div><\/div><\/div><\/div><div class=\"wpb_column vc_column_container vc_col-sm-6 apress_col_id_123608914169e6623f10f6b hover_style_none\"><div class=\"layer vc_column-inner\"  ><div class=\"wpb_wrapper\">\n\t<div class=\"wpb_video_widget wpb_content_element vc_clearfix   vc_video-aspect-ratio-169 vc_video-el-width-100 vc_video-align-center\" >\n\t\t<div class=\"wpb_wrapper\">\n\t\t\t\n\t\t\t<div class=\"wpb_video_wrapper\"><iframe loading=\"lazy\" width=\"500\" height=\"281\" src=\"https:\/\/www.youtube.com\/embed\/videoseries?list=PLwYPI_1duI_RAoh-HfhR4m5uMqcuRX6SF\" frameborder=\"0\" allow=\"autoplay; encrypted-media\" allowfullscreen><\/iframe><\/div>\n\t\t<\/div>\n\t<\/div>\n<\/div><\/div><\/div><\/div><!-- Row Backgrounds --><div class=\"upb_bg_img\" data-ultimate-bg=\"url(https:\/\/netlab.media\/wp-content\/uploads\/2018\/08\/tansukendirli.jpg)\" data-image-id=\"id^2635|url^http:\/\/netlab.media\/wp-content\/uploads\/2018\/08\/tansukendirli.jpg|caption^null|alt^null|title^tansukendirli|description^null\" data-ultimate-bg-style=\"vcpb-vz-jquery\" data-bg-img-repeat=\"no-repeat\" data-bg-img-size=\"cover\" data-bg-img-position=\"\" data-parallx_sense=\"30\" data-bg-override=\"ex-full\" data-bg_img_attach=\"scroll\" data-upb-overlay-color=\"rgba(10,10,10,0.44)\" data-upb-bg-animation=\"\" data-fadeout=\"\" data-bg-animation=\"left-animation\" data-bg-animation-type=\"h\" data-animation-repeat=\"repeat\" data-fadeout-percentage=\"30\" data-parallax-content=\"\" data-parallax-content-sense=\"30\" data-row-effect-mobile-disable=\"true\" data-img-parallax-mobile-disable=\"true\" data-rtl=\"false\"  data-custom-vc-row=\"\"  data-vc=\"6.8.0\"  data-is_old_vc=\"\"  data-theme-support=\"\"   data-overlay=\"true\" data-overlay-color=\"rgba(10,10,10,0.44)\" data-overlay-pattern=\"https:\/\/netlab.media\/wp-content\/plugins\/Ultimate_VC_Addons\/assets\/images\/patterns\/05.png\" data-overlay-pattern-opacity=\"0.5\" data-overlay-pattern-size=\"\" data-overlay-pattern-attachment=\"scroll\"    ><\/div><div data-row-text-color=\"dark\" data-vc-full-width=\"true\" data-vc-full-width-init=\"false\" data-vc-stretch-content=\"true\" style=\" \" class=\"vc_row wpb_row zolo_wpb_row vc_row-fluid apress_row_class_139546194169e6623f12931 vc_row-o-equal-height vc_row-o-content-middle vc_row-flex\"><div class=\"centered-text wpb_column vc_column_container vc_col-sm-6 apress_col_id_77269673969e6623f12c81 hover_style_none\"><div class=\"layer vc_column-inner\"  ><div class=\"wpb_wrapper\">\n\t<div  class=\"wpb_single_image wpb_content_element vc_align_center\">\n\t\t\n\t\t<figure class=\"wpb_wrapper vc_figure\">\n\t\t\t<div class=\"vc_single_image-wrapper   vc_box_border_grey\"><img loading=\"lazy\" decoding=\"async\" class=\"vc_single_image-img\" src=\"https:\/\/netlab.media\/wp-content\/uploads\/2018\/03\/net-lab-logo-1-eng-373x90.png\" width=\"373\" height=\"90\" alt=\"net lab logo 1 eng\" title=\"net lab logo 1 eng\" \/><\/div>\n\t\t<\/figure>\n\t<\/div>\n<\/div><\/div><\/div><div class=\"centered-text wpb_column vc_column_container vc_col-sm-6 apress_col_id_208404354369e6623f141b7 hover_style_none\"><div class=\"layer vc_column-inner\"  ><div class=\"wpb_wrapper\">\t\r\n<div id=\"zolo_heading_element_60585785469e6623f143f0\" class=\"zolo_heading_element heading_style1 noanimation\" data-animation = \"No Animation\" data-delay = \"500\" style=\" text-align:center\"><div class=\"zolo_heading_element_text\"><h2 class=\"zolo-title\"><span class=\"title_text\" style=\"\">K\u00fcnye<\/span><\/h2><div class=\"zolo-heading-delimiter\"> <span class=\"delimiter_style_line\"><\/span> <\/div><\/div><\/div>\n\t<div class=\"wpb_text_column wpb_content_element\" >\n\t\t<div class=\"wpb_wrapper\">\n\t\t\t<p><span style=\"color: #000000;\">Konuk: Tansu Kendirli &#8211; OYUNDER<\/span><br \/>\n<span style=\"color: #000000;\">Yap\u0131mc\u0131: Ergin \u015eafak Dikmen, Levent Y. \u0130nce<\/span><br \/>\n<span style=\"color: #000000;\">Ara\u015ft\u0131rma: Levent Y. \u0130nce, Ergin \u015eafak Dikmen, Sinem Aky\u00f6n<\/span><br \/>\n<span style=\"color: #000000;\">Sorular: Ergin \u015eafak Dikmen<\/span><br \/>\n<span style=\"color: #000000;\">Kamera: Serdar Direk<\/span><br \/>\n<span style=\"color: #000000;\">Grafik &#8211; Animasyon: Ergin \u015eafak Dikmen<\/span><br \/>\n<span style=\"color: #000000;\">Kurgu: Ergin \u015eafak Dikmen, Levent Y. \u0130nce<\/span><\/p>\n\n\t\t<\/div>\n\t<\/div>\n<\/div><\/div><\/div><\/div><div class=\"vc_row-full-width vc_clearfix\"><\/div><div data-row-text-color=\"dark\" data-vc-full-width=\"true\" data-vc-full-width-init=\"false\" style=\" \" class=\"vc_row wpb_row zolo_wpb_row vc_row-fluid apress_row_class_117618459369e6623f15580 vc_custom_1526050028247 vc_row-has-fill\"><div class=\"centered-text wpb_column vc_column_container vc_col-sm-12 apress_col_id_208354228469e6623f158ae hover_style_none\"><div class=\"layer vc_column-inner\"  ><div class=\"wpb_wrapper\"><h1 id=\"uvc-type-wrap-5013\"  data-ultimate-target='#uvc-type-wrap-5013'  data-responsive-json-new='{\"font-size\":\"desktop:48px;\",\"line-height\":\"desktop:48px;\"}'  class=\"uvc-type-wrap  ult-adjust-bottom-margin ult-responsive  uvc-type-align-center uvc-type-no-prefix uvc-wrap-185353445569e6623f159f6\" style=\"text-align:center;\"><span id=\"typed-185353445569e6623f159f6\" class=\"ultimate-typed-main fancytext-typewriter-background-enabled\" style=\"color:#0a0a0a;background:#ffffff; font-weight:bold; text-transform: unset;\"><\/span><span  data-ultimate-target='#uvc-type-wrap-5013 .mycustfancy'  data-responsive-json-new='{\"font-size\":\"desktop:16px;\",\"line-height\":\"desktop:16px;\"}'  class=\"ultimate-typewriter-suffix mycustfancy ult-responsive\" style=\"font-style:italic;font-weight:normal;color:#ffffff;background :#0a0a0a; text-transform: unset;\">2018<\/span><script type=\"text\/javascript\"> \r\n\t\t\t\t\t\tjQuery(function($){ \r\n\t\t\t\t\t\t\t$(document).ready(function(){\r\n\t\t\t\t\t\t\t\tif( typeof jQuery(\"#typed-185353445569e6623f159f6\").typed == \"function\"){\r\n\t\t\t\t\t\t\t\t\t$(\"#typed-185353445569e6623f159f6\").typed({\r\n\t\t\t\t\t\t\t\t\t\tstrings: [\"NETlab Talks\"],\r\n\t\t\t\t\t\t\t\t\t\ttypeSpeed: 35,\r\n\t\t\t\t\t\t\t\t\t\tbackSpeed: 35,\r\n\t\t\t\t\t\t\t\t\t\tstartDelay: 50,\r\n\t\t\t\t\t\t\t\t\t\tbackDelay: 5000,\r\n\t\t\t\t\t\t\t\t\t\tloop: true,\r\n\t\t\t\t\t\t\t\t\t\tloopCount: false,\r\n\t\t\t\t\t\t\t\t\t\tshowCursor: true,\r\n\t\t\t\t\t\t\t\t\t\tcursorChar: \"|\",\r\n\t\t\t\t\t\t\t\t\t\tattr: null\r\n\t\t\t\t\t\t\t\t\t});\r\n\t\t\t\t\t\t\t\t}\r\n\t\t\t\t\t\t\t});\r\n\t\t\t\t\t\t});\r\n\t\t\t\t\t<\/script><style>\r\n\t\t\t\t\t\t\t.uvc-wrap-185353445569e6623f159f6 .typed-cursor {\r\n\t\t\t\t\t\t\t\tcolor:#ffffff;\r\n\t\t\t\t\t\t\t}\r\n\t\t\t\t\t\t<\/style><\/h1><\/div><\/div><\/div><\/div><div class=\"vc_row-full-width vc_clearfix\"><\/div><!-- Row Backgrounds --><div class=\"upb_color\" data-bg-override=\"ex-full\" data-bg-color=\"#0a0a0a\" data-fadeout=\"\" data-fadeout-percentage=\"30\" data-parallax-content=\"\" data-parallax-content-sense=\"30\" data-row-effect-mobile-disable=\"true\" data-img-parallax-mobile-disable=\"true\" data-rtl=\"false\"  data-custom-vc-row=\"\"  data-vc=\"6.8.0\"  data-is_old_vc=\"\"  data-theme-support=\"\"   data-overlay=\"false\" data-overlay-color=\"\" data-overlay-pattern=\"\" data-overlay-pattern-opacity=\"\" data-overlay-pattern-size=\"\"    ><\/div>","protected":false},"excerpt":{"rendered":"OYUNDER Ba\u015fkan\u0131 Tansu Kendirli ile dijital oyun end\u00fcstrisini konu\u015ftuk... K\u00fcnye Konuk: Tansu Kendirli - OYUNDER Yap\u0131mc\u0131: Ergin \u015eafak Dikmen, Levent Y. \u0130nce Ara\u015ft\u0131rma: Levent Y. \u0130nce, Ergin \u015eafak Dikmen, Sinem Aky\u00f6n Sorular: Ergin \u015eafak Dikmen Kamera: Serdar Direk Grafik -<span class=\"read_more_area\"><a class=\"read-more\" href=\"https:\/\/netlab.media\/en\/dijital-oyun-endustrisi\/\"> Devam\u0131... <\/a><\/span>","protected":false},"author":1,"featured_media":2641,"parent":0,"menu_order":0,"comment_status":"closed","ping_status":"closed","template":"","meta":{"footnotes":""},"_links":{"self":[{"href":"https:\/\/netlab.media\/en\/wp-json\/wp\/v2\/pages\/2629"}],"collection":[{"href":"https:\/\/netlab.media\/en\/wp-json\/wp\/v2\/pages"}],"about":[{"href":"https:\/\/netlab.media\/en\/wp-json\/wp\/v2\/types\/page"}],"author":[{"embeddable":true,"href":"https:\/\/netlab.media\/en\/wp-json\/wp\/v2\/users\/1"}],"replies":[{"embeddable":true,"href":"https:\/\/netlab.media\/en\/wp-json\/wp\/v2\/comments?post=2629"}],"version-history":[{"count":0,"href":"https:\/\/netlab.media\/en\/wp-json\/wp\/v2\/pages\/2629\/revisions"}],"wp:featuredmedia":[{"embeddable":true,"href":"https:\/\/netlab.media\/en\/wp-json\/wp\/v2\/media\/2641"}],"wp:attachment":[{"href":"https:\/\/netlab.media\/en\/wp-json\/wp\/v2\/media?parent=2629"}],"curies":[{"name":"wp","href":"https:\/\/api.w.org\/{rel}","templated":true}]}}