{"id":2972,"date":"2018-10-28T22:02:03","date_gmt":"2018-10-28T19:02:03","guid":{"rendered":"http:\/\/netlab.media\/?page_id=2972"},"modified":"2018-10-28T22:02:03","modified_gmt":"2018-10-28T19:02:03","slug":"talks-yapay-zeka","status":"publish","type":"page","link":"https:\/\/netlab.media\/en\/talks-yapay-zeka\/","title":{"rendered":"NETlab Talks: Yapay Zeka"},"content":{"rendered":"<div data-row-text-color=\"dark\" style=\" \" class=\"vc_row wpb_row zolo_wpb_row vc_row-fluid apress_row_class_109639214669e67afca4360\"><div class=\"wpb_column vc_column_container vc_col-sm-12 apress_col_id_140305745569e67afca506f hover_style_none\"><div class=\"layer vc_column-inner\"  ><div class=\"wpb_wrapper\"><h2 id=\"uvc-type-wrap-5077\"  data-ultimate-target='#uvc-type-wrap-5077'  data-responsive-json-new='{\"font-size\":\"desktop:45px;tablet:45px;mobile:36px;\",\"line-height\":\"desktop:45px;tablet:45px;mobile:36px;\"}'  class=\"uvc-type-wrap  ult-adjust-bottom-margin ult-responsive  uvc-type-align-center uvc-type-no-prefix uvc-wrap-7805376569e67afca51e6\" style=\"text-align:center;\"><span id=\"typed-7805376569e67afca51e6\" class=\"ultimate-typed-main fancytext-typewriter-background-enabled\" style=\"color:#070707;background:#ffffff; font-weight:bold; text-transform: unset;\"><\/span><script type=\"text\/javascript\"> \r\n\t\t\t\t\t\tjQuery(function($){ \r\n\t\t\t\t\t\t\t$(document).ready(function(){\r\n\t\t\t\t\t\t\t\tif( typeof jQuery(\"#typed-7805376569e67afca51e6\").typed == \"function\"){\r\n\t\t\t\t\t\t\t\t\t$(\"#typed-7805376569e67afca51e6\").typed({\r\n\t\t\t\t\t\t\t\t\t\tstrings: [\"NETlab Talks: Yapay Zeka\"],\r\n\t\t\t\t\t\t\t\t\t\ttypeSpeed: 35,\r\n\t\t\t\t\t\t\t\t\t\tbackSpeed: 35,\r\n\t\t\t\t\t\t\t\t\t\tstartDelay: 50,\r\n\t\t\t\t\t\t\t\t\t\tbackDelay: 5000,\r\n\t\t\t\t\t\t\t\t\t\tloop: true,\r\n\t\t\t\t\t\t\t\t\t\tloopCount: false,\r\n\t\t\t\t\t\t\t\t\t\tshowCursor: true,\r\n\t\t\t\t\t\t\t\t\t\tcursorChar: \"|\",\r\n\t\t\t\t\t\t\t\t\t\tattr: null\r\n\t\t\t\t\t\t\t\t\t});\r\n\t\t\t\t\t\t\t\t}\r\n\t\t\t\t\t\t\t});\r\n\t\t\t\t\t\t});\r\n\t\t\t\t\t<\/script><style>\r\n\t\t\t\t\t\t\t.uvc-wrap-7805376569e67afca51e6 .typed-cursor {\r\n\t\t\t\t\t\t\t\tcolor:#0a0a0a;\r\n\t\t\t\t\t\t\t}\r\n\t\t\t\t\t\t<\/style><\/h2><\/div><\/div><\/div><\/div><!-- Row Backgrounds --><div class=\"upb_color\" data-bg-override=\"ex-full\" data-bg-color=\"#0a0a0a\" data-fadeout=\"\" data-fadeout-percentage=\"30\" data-parallax-content=\"\" data-parallax-content-sense=\"30\" data-row-effect-mobile-disable=\"true\" data-img-parallax-mobile-disable=\"true\" data-rtl=\"false\"  data-custom-vc-row=\"\"  data-vc=\"6.8.0\"  data-is_old_vc=\"\"  data-theme-support=\"\"   data-overlay=\"false\" data-overlay-color=\"\" data-overlay-pattern=\"\" data-overlay-pattern-opacity=\"\" data-overlay-pattern-size=\"\"    ><\/div><div data-row-text-color=\"dark\" style=\" \" class=\"vc_row wpb_row zolo_wpb_row vc_row-fluid apress_row_class_165260310969e67afca5e2c vc_custom_1540751176347 vc_row-o-content-top vc_row-flex\"><div class=\"centered-text wpb_column vc_column_container vc_col-sm-8 apress_col_id_85975540269e67afca6041 hover_style_none\"><div class=\"layer vc_column-inner\"  ><div class=\"wpb_wrapper\">\t\r\n<div id=\"zolo_heading_element_131534772569e67afca6624\" class=\"zolo_heading_element heading_style1 noanimation\" data-animation = \"No Animation\" data-delay = \"500\" style=\" text-align:center\"><div class=\"zolo_heading_element_text\"><h2 class=\"zolo-title\"><span class=\"title_text\" style=\"font-size: 50px; line-height: 60px; letter-spacing: 1px; \">We talked about artifical intelligence technologies and their usage in Turkey with Dr. E. Serdar G\u00f6kp\u0131nar and Assoc. Prof. Aykut Erdem.<\/span><\/h2><\/div><\/div><\/div><\/div><\/div><div class=\"wpb_column vc_column_container vc_col-sm-4 apress_col_id_115403718969e67afca6ca1 hover_style_none\"><div class=\"layer vc_column-inner\"  ><div class=\"wpb_wrapper\">\n\t<div  class=\"wpb_single_image wpb_content_element vc_align_center\">\n\t\t\n\t\t<figure class=\"wpb_wrapper vc_figure\">\n\t\t\t<div class=\"vc_single_image-wrapper   vc_box_border_grey\"><img loading=\"lazy\" decoding=\"async\" width=\"1168\" height=\"500\" src=\"https:\/\/netlab.media\/wp-content\/uploads\/2018\/06\/netlab_talks_logo.png\" class=\"vc_single_image-img attachment-full\" alt=\"\" title=\"netlab_talks_logo\" srcset=\"https:\/\/netlab.media\/wp-content\/uploads\/2018\/06\/netlab_talks_logo.png 1168w, https:\/\/netlab.media\/wp-content\/uploads\/2018\/06\/netlab_talks_logo-300x128.png 300w, https:\/\/netlab.media\/wp-content\/uploads\/2018\/06\/netlab_talks_logo-768x329.png 768w, https:\/\/netlab.media\/wp-content\/uploads\/2018\/06\/netlab_talks_logo-1024x438.png 1024w\" sizes=\"(max-width: 1168px) 100vw, 1168px\" \/><\/div>\n\t\t<\/figure>\n\t<\/div>\n<\/div><\/div><\/div><div class=\"wpb_column vc_column_container vc_col-sm-12 apress_col_id_74117347069e67afca7e4b hover_style_none\"><div class=\"layer vc_column-inner\"  ><div class=\"wpb_wrapper\"><div class=\"ult-spacer spacer-69e67afca7f9f\" data-id=\"69e67afca7f9f\" data-height=\"10\" data-height-mobile=\"10\" data-height-tab=\"10\" data-height-tab-portrait=\"\" data-height-mobile-landscape=\"\" style=\"clear:both;display:block;\"><\/div><div class=\"vc_icon_element vc_icon_element-outer wpb_animate_when_almost_visible wpb_fadeInDown fadeInDown vc_icon_element-align-center\"><div class=\"vc_icon_element-inner vc_icon_element-color-white vc_icon_element-size-lg vc_icon_element-style- vc_icon_element-background-color-grey\" ><span class=\"vc_icon_element-icon fa fa-arrow-down\" ><\/span><\/div><\/div><\/div><\/div><\/div><\/div><!-- Row Backgrounds --><div class=\"upb_bg_img\" data-ultimate-bg=\"url(https:\/\/netlab.media\/wp-content\/uploads\/2018\/10\/sad-2.jpg)\" data-image-id=\"id^2976|url^http:\/\/netlab.media\/wp-content\/uploads\/2018\/10\/sad-2.jpg|caption^null|alt^null|title^sad (2)|description^null\" data-ultimate-bg-style=\"vcpb-vz-jquery\" data-bg-img-repeat=\"no-repeat\" data-bg-img-size=\"cover\" data-bg-img-position=\"\" data-parallx_sense=\"30\" data-bg-override=\"ex-full\" data-bg_img_attach=\"scroll\" data-upb-overlay-color=\"rgba(10,10,10,0.61)\" data-upb-bg-animation=\"\" data-fadeout=\"\" data-bg-animation=\"left-animation\" data-bg-animation-type=\"h\" data-animation-repeat=\"repeat\" data-fadeout-percentage=\"30\" data-parallax-content=\"\" data-parallax-content-sense=\"30\" data-row-effect-mobile-disable=\"true\" data-img-parallax-mobile-disable=\"true\" data-rtl=\"false\"  data-custom-vc-row=\"\"  data-vc=\"6.8.0\"  data-is_old_vc=\"\"  data-theme-support=\"\"   data-overlay=\"true\" data-overlay-color=\"rgba(10,10,10,0.61)\" data-overlay-pattern=\"https:\/\/netlab.media\/wp-content\/plugins\/Ultimate_VC_Addons\/assets\/images\/patterns\/05.png\" data-overlay-pattern-opacity=\"0.5\" data-overlay-pattern-size=\"\" data-overlay-pattern-attachment=\"scroll\"    ><\/div><div data-row-text-color=\"dark\" style=\" \" class=\"vc_row wpb_row zolo_wpb_row vc_row-fluid apress_row_class_189313302269e67afca909a vc_custom_1540753044612 vc_row-o-full-height vc_row-o-columns-middle vc_row-o-content-middle vc_row-flex\"><div class=\"centered-text wpb_column vc_column_container vc_col-sm-6 apress_col_id_118619213069e67afca9519 hover_style_none\"><div class=\"layer vc_column-inner\"  ><div class=\"wpb_wrapper\">\t\r\n<div id=\"zolo_heading_element_202287136569e67afca97fd\" class=\"zolo_heading_element heading_style1 noanimation\" data-animation = \"No Animation\" data-delay = \"500\" style=\" text-align:center\"><div class=\"zolo_heading_element_text\"><h2 class=\"zolo-title\"><span class=\"title_text\" style=\"font-size: 36px; line-height: 36px; letter-spacing: 1px; \"><\/p>\n<p class=\"title style-scope ytd-video-primary-info-renderer\">Deep Learning, Machine Learning, Computer Vision<\/p>\n<p><\/span><\/h2><\/div><\/div>\n\t<div class=\"wpb_text_column wpb_content_element\" >\n\t\t<div class=\"wpb_wrapper\">\n\t\t\t<p><span style=\"color: #ffffff;\">&#8220;Makine \u00f6\u011frenme nedir?&#8221;, &#8220;Derin \u00f6\u011frenme ile makine \u00f6\u011frenme aras\u0131ndaki fark nedir?&#8221;, &#8220;Bilgisayarla g\u00f6rme nedir?&#8221;<\/span><\/p>\n<p><span style=\"color: #ffffff;\">Aykut Erdem yan\u0131tl\u0131yor&#8230;<\/span><\/p>\n\n\t\t<\/div>\n\t<\/div>\n<\/div><\/div><\/div><div class=\"wpb_column vc_column_container vc_col-sm-6 apress_col_id_66160714569e67afcaa84b hover_style_none\"><div class=\"layer vc_column-inner\"  ><div class=\"wpb_wrapper\">\n\t<div class=\"wpb_video_widget wpb_content_element vc_clearfix   vc_video-aspect-ratio-169 vc_video-el-width-100 vc_video-align-center\" >\n\t\t<div class=\"wpb_wrapper\">\n\t\t\t\n\t\t\t<div class=\"wpb_video_wrapper\"><iframe loading=\"lazy\" width=\"500\" height=\"281\" src=\"https:\/\/www.youtube.com\/embed\/e64dv-BzWaE?feature=oembed\" frameborder=\"0\" allow=\"autoplay; encrypted-media\" allowfullscreen><\/iframe><\/div>\n\t\t<\/div>\n\t<\/div>\n<\/div><\/div><\/div><\/div><!-- Row Backgrounds --><div class=\"upb_bg_img\" data-ultimate-bg=\"url(https:\/\/netlab.media\/wp-content\/uploads\/2018\/10\/back_ai_1.jpg)\" data-image-id=\"id^2999|url^http:\/\/netlab.media\/wp-content\/uploads\/2018\/10\/back_ai_1.jpg|caption^null|alt^null|title^back_ai_1|description^null\" data-ultimate-bg-style=\"vcpb-vz-jquery\" data-bg-img-repeat=\"no-repeat\" data-bg-img-size=\"cover\" data-bg-img-position=\"\" data-parallx_sense=\"30\" data-bg-override=\"ex-full\" data-bg_img_attach=\"scroll\" data-upb-overlay-color=\"rgba(10,10,10,0.61)\" data-upb-bg-animation=\"\" data-fadeout=\"\" data-bg-animation=\"left-animation\" data-bg-animation-type=\"h\" data-animation-repeat=\"repeat\" data-fadeout-percentage=\"30\" data-parallax-content=\"\" data-parallax-content-sense=\"30\" data-row-effect-mobile-disable=\"true\" data-img-parallax-mobile-disable=\"true\" data-rtl=\"false\"  data-custom-vc-row=\"\"  data-vc=\"6.8.0\"  data-is_old_vc=\"\"  data-theme-support=\"\"   data-overlay=\"true\" data-overlay-color=\"rgba(10,10,10,0.61)\" data-overlay-pattern=\"https:\/\/netlab.media\/wp-content\/plugins\/Ultimate_VC_Addons\/assets\/images\/patterns\/05.png\" data-overlay-pattern-opacity=\"0.5\" data-overlay-pattern-size=\"\" data-overlay-pattern-attachment=\"scroll\"    ><\/div><div data-row-text-color=\"dark\" style=\" \" class=\"vc_row wpb_row zolo_wpb_row vc_row-fluid apress_row_class_88934601069e67afcaccc0 vc_custom_1540753092461 vc_row-o-full-height vc_row-o-columns-middle vc_row-o-content-middle vc_row-flex\"><div class=\"centered-text wpb_column vc_column_container vc_col-sm-6 apress_col_id_205612438669e67afcad079 hover_style_none\"><div class=\"layer vc_column-inner\"  ><div class=\"wpb_wrapper\">\n\t<div class=\"wpb_video_widget wpb_content_element vc_clearfix   vc_video-aspect-ratio-169 vc_video-el-width-100 vc_video-align-center\" >\n\t\t<div class=\"wpb_wrapper\">\n\t\t\t\n\t\t\t<div class=\"wpb_video_wrapper\"><iframe loading=\"lazy\" width=\"500\" height=\"281\" src=\"https:\/\/www.youtube.com\/embed\/LxkbDZFLt6E?feature=oembed\" frameborder=\"0\" allow=\"autoplay; encrypted-media\" allowfullscreen><\/iframe><\/div>\n\t\t<\/div>\n\t<\/div>\n<\/div><\/div><\/div><div class=\"centered-text wpb_column vc_column_container vc_col-sm-6 apress_col_id_87979883869e67afcae324 hover_style_none\"><div class=\"layer vc_column-inner\"  ><div class=\"wpb_wrapper\">\t\r\n<div id=\"zolo_heading_element_150994432769e67afcae587\" class=\"zolo_heading_element heading_style1 noanimation\" data-animation = \"No Animation\" data-delay = \"500\" style=\" text-align:center\"><div class=\"zolo_heading_element_text\"><h2 class=\"zolo-title\"><span class=\"title_text\" style=\"font-size: 36px; line-height: 36px; letter-spacing: 1px; \"><\/p>\n<p class=\"title style-scope ytd-video-primary-info-renderer\">Innovation in T\u00fcrkiye<\/p>\n<p><\/span><\/h2><\/div><\/div>\n\t<div class=\"wpb_text_column wpb_content_element\" >\n\t\t<div class=\"wpb_wrapper\">\n\t\t\t<p><span style=\"color: #ffffff;\">\u0130novasyon yerli sanayide nas\u0131l alg\u0131lan\u0131yor?&#8221;,\u00a0 &#8220;Bilgi \u00fcretmeden pratik sonuca ula\u015fmak sorun olarak de\u011ferlendirilebilir mi?&#8221;<\/span><\/p>\n<p><span style=\"color: #ffffff;\">Serdar G\u00f6kp\u0131nar yan\u0131tl\u0131yor&#8230;<\/span><\/p>\n\n\t\t<\/div>\n\t<\/div>\n<\/div><\/div><\/div><\/div><!-- Row Backgrounds --><div class=\"upb_bg_img\" data-ultimate-bg=\"url(https:\/\/netlab.media\/wp-content\/uploads\/2018\/10\/back_ai_2.jpg)\" data-image-id=\"id^3000|url^http:\/\/netlab.media\/wp-content\/uploads\/2018\/10\/back_ai_2.jpg|caption^null|alt^null|title^back_ai_2|description^null\" data-ultimate-bg-style=\"vcpb-vz-jquery\" data-bg-img-repeat=\"no-repeat\" data-bg-img-size=\"cover\" data-bg-img-position=\"\" data-parallx_sense=\"30\" data-bg-override=\"ex-full\" data-bg_img_attach=\"scroll\" data-upb-overlay-color=\"rgba(10,10,10,0.61)\" data-upb-bg-animation=\"\" data-fadeout=\"\" data-bg-animation=\"left-animation\" data-bg-animation-type=\"h\" data-animation-repeat=\"repeat\" data-fadeout-percentage=\"30\" data-parallax-content=\"\" data-parallax-content-sense=\"30\" data-row-effect-mobile-disable=\"true\" data-img-parallax-mobile-disable=\"true\" data-rtl=\"false\"  data-custom-vc-row=\"\"  data-vc=\"6.8.0\"  data-is_old_vc=\"\"  data-theme-support=\"\"   data-overlay=\"true\" data-overlay-color=\"rgba(10,10,10,0.61)\" data-overlay-pattern=\"https:\/\/netlab.media\/wp-content\/plugins\/Ultimate_VC_Addons\/assets\/images\/patterns\/05.png\" data-overlay-pattern-opacity=\"0.5\" data-overlay-pattern-size=\"\" data-overlay-pattern-attachment=\"scroll\"    ><\/div><div data-row-text-color=\"dark\" style=\" \" class=\"vc_row wpb_row zolo_wpb_row vc_row-fluid apress_row_class_52974604069e67afcb03ee vc_custom_1540753153809 vc_row-o-full-height vc_row-o-columns-middle vc_row-o-content-middle vc_row-flex\"><div class=\"centered-text wpb_column vc_column_container vc_col-sm-6 apress_col_id_12915478469e67afcb0740 hover_style_none\"><div class=\"layer vc_column-inner\"  ><div class=\"wpb_wrapper\">\t\r\n<div id=\"zolo_heading_element_54415957269e67afcb0957\" class=\"zolo_heading_element heading_style1 noanimation\" data-animation = \"No Animation\" data-delay = \"500\" style=\" text-align:center\"><div class=\"zolo_heading_element_text\"><h2 class=\"zolo-title\"><span class=\"title_text\" style=\"font-size: 36px; line-height: 36px; letter-spacing: 1px; \"><\/p>\n<p class=\"title style-scope ytd-video-primary-info-renderer\">Artificial Intelligence in T\u00fcrkiye<\/p>\n<p><\/span><\/h2><\/div><\/div>\n\t<div class=\"wpb_text_column wpb_content_element\" >\n\t\t<div class=\"wpb_wrapper\">\n\t\t\t<p><span style=\"color: #ffffff;\">&#8220;T\u00fcrkiye&#8217;nin yapay zeka stratejisi ne olmal\u0131d\u0131r?&#8221;, &#8220;T\u00fcrkiye Teknoloji Geli\u015ftirme Vakf\u0131&#8217;n\u0131n yapay zeka projeleri nelerdir?&#8221;<\/span><\/p>\n<p><span style=\"color: #ffffff;\">Serdar G\u00f6kp\u0131nar yan\u0131tl\u0131yor&#8230;<\/span><\/p>\n\n\t\t<\/div>\n\t<\/div>\n<\/div><\/div><\/div><div class=\"wpb_column vc_column_container vc_col-sm-6 apress_col_id_183517558069e67afcb19b5 hover_style_none\"><div class=\"layer vc_column-inner\"  ><div class=\"wpb_wrapper\">\n\t<div class=\"wpb_video_widget wpb_content_element vc_clearfix   vc_video-aspect-ratio-169 vc_video-el-width-100 vc_video-align-center\" >\n\t\t<div class=\"wpb_wrapper\">\n\t\t\t\n\t\t\t<div class=\"wpb_video_wrapper\"><iframe loading=\"lazy\" width=\"500\" height=\"281\" src=\"https:\/\/www.youtube.com\/embed\/uI_vCSYF6-g?feature=oembed\" frameborder=\"0\" allow=\"autoplay; encrypted-media\" allowfullscreen><\/iframe><\/div>\n\t\t<\/div>\n\t<\/div>\n<\/div><\/div><\/div><\/div><!-- Row Backgrounds --><div class=\"upb_bg_img\" data-ultimate-bg=\"url(https:\/\/netlab.media\/wp-content\/uploads\/2018\/10\/back_ai_3-1.jpg)\" data-image-id=\"id^3002|url^http:\/\/netlab.media\/wp-content\/uploads\/2018\/10\/back_ai_3-1.jpg|caption^null|alt^null|title^back_ai_3|description^null\" data-ultimate-bg-style=\"vcpb-vz-jquery\" data-bg-img-repeat=\"no-repeat\" data-bg-img-size=\"cover\" data-bg-img-position=\"\" data-parallx_sense=\"30\" data-bg-override=\"ex-full\" data-bg_img_attach=\"scroll\" data-upb-overlay-color=\"rgba(10,10,10,0.61)\" data-upb-bg-animation=\"\" data-fadeout=\"\" data-bg-animation=\"left-animation\" data-bg-animation-type=\"h\" data-animation-repeat=\"repeat\" data-fadeout-percentage=\"30\" data-parallax-content=\"\" data-parallax-content-sense=\"30\" data-row-effect-mobile-disable=\"true\" data-img-parallax-mobile-disable=\"true\" data-rtl=\"false\"  data-custom-vc-row=\"\"  data-vc=\"6.8.0\"  data-is_old_vc=\"\"  data-theme-support=\"\"   data-overlay=\"true\" data-overlay-color=\"rgba(10,10,10,0.61)\" data-overlay-pattern=\"https:\/\/netlab.media\/wp-content\/plugins\/Ultimate_VC_Addons\/assets\/images\/patterns\/05.png\" data-overlay-pattern-opacity=\"0.5\" data-overlay-pattern-size=\"\" data-overlay-pattern-attachment=\"scroll\"    ><\/div><div data-row-text-color=\"dark\" data-vc-full-width=\"true\" data-vc-full-width-init=\"false\" data-vc-stretch-content=\"true\" style=\" \" class=\"vc_row wpb_row zolo_wpb_row vc_row-fluid apress_row_class_6095734569e67afcb31dd vc_row-o-equal-height vc_row-o-content-middle vc_row-flex\"><div class=\"centered-text wpb_column vc_column_container vc_col-sm-4 apress_col_id_127433223669e67afcb3623 hover_style_none\"><div class=\"layer vc_column-inner\"  ><div class=\"wpb_wrapper\">\t\r\n<div id=\"zolo_heading_element_162912505569e67afcb3900\" class=\"zolo_heading_element heading_style1 noanimation\" data-animation = \"No Animation\" data-delay = \"500\" style=\" text-align:center\"><div class=\"zolo_heading_element_text\"><h2 class=\"zolo-title\"><span class=\"title_text\" style=\"\">Thanks<\/span><\/h2><div class=\"zolo-heading-delimiter\"> <span class=\"delimiter_style_line\"><\/span> <\/div><\/div><\/div>\n\t<div  class=\"wpb_single_image wpb_content_element vc_align_center\">\n\t\t\n\t\t<figure class=\"wpb_wrapper vc_figure\">\n\t\t\t<a href=\"http:\/\/deepcon.deeplearningturkiye.com\/\" target=\"_blank\" class=\"vc_single_image-wrapper   vc_box_border_grey\"><img loading=\"lazy\" decoding=\"async\" width=\"119\" height=\"85\" src=\"https:\/\/netlab.media\/wp-content\/uploads\/2018\/10\/deepcon_logo-33.png\" class=\"vc_single_image-img attachment-full\" alt=\"\" title=\"deepcon_logo-33\" \/><\/a>\n\t\t<\/figure>\n\t<\/div>\n<\/div><\/div><\/div><div class=\"centered-text wpb_column vc_column_container vc_col-sm-4 apress_col_id_44203801369e67afcb5e38 hover_style_none\"><div class=\"layer vc_column-inner\"  ><div class=\"wpb_wrapper\">\n\t<div  class=\"wpb_single_image wpb_content_element vc_align_center\">\n\t\t\n\t\t<figure class=\"wpb_wrapper vc_figure\">\n\t\t\t<div class=\"vc_single_image-wrapper   vc_box_border_grey\"><img loading=\"lazy\" decoding=\"async\" class=\"vc_single_image-img\" src=\"https:\/\/netlab.media\/wp-content\/uploads\/2018\/05\/logo_web-373x90.png\" width=\"373\" height=\"90\" alt=\"logo_web\" title=\"logo_web\" \/><\/div>\n\t\t<\/figure>\n\t<\/div>\n<\/div><\/div><\/div><div class=\"wpb_column vc_column_container vc_col-sm-4 apress_col_id_167689116869e67afcb7487 hover_style_none\"><div class=\"layer vc_column-inner\"  ><div class=\"wpb_wrapper\">\t\r\n<div id=\"zolo_heading_element_91275710069e67afcb76b9\" class=\"zolo_heading_element heading_style1 noanimation\" data-animation = \"No Animation\" data-delay = \"500\" style=\" text-align:center\"><div class=\"zolo_heading_element_text\"><h2 class=\"zolo-title\"><span class=\"title_text\" style=\"\">K\u00fcnye<\/span><\/h2><div class=\"zolo-heading-delimiter\"> <span class=\"delimiter_style_line\"><\/span> <\/div><\/div><\/div>\n\t<div class=\"wpb_text_column wpb_content_element\" >\n\t\t<div class=\"wpb_wrapper\">\n\t\t\t<p style=\"text-align: center;\">Yap\u0131mc\u0131: Ergin \u015eafak Dikmen,<br \/>\nAra\u015ft\u0131rma: Nil\u00fcfer P\u0131nar K\u0131l\u0131\u00e7<br \/>\nKamera: Serdar Direk<br \/>\nGrafik &#8211; Animasyon: Ergin \u015eafak Dikmen<br \/>\nKurgu: Talha \u00c7al\u0131\u015fkan<\/p>\n\n\t\t<\/div>\n\t<\/div>\n<\/div><\/div><\/div><\/div><div class=\"vc_row-full-width vc_clearfix\"><\/div><div data-row-text-color=\"dark\" data-vc-full-width=\"true\" data-vc-full-width-init=\"false\" style=\" \" class=\"vc_row wpb_row zolo_wpb_row vc_row-fluid apress_row_class_81836956569e67afcb91a4 vc_custom_1526050028247 vc_row-has-fill\"><div class=\"centered-text wpb_column vc_column_container vc_col-sm-12 apress_col_id_67239099469e67afcb94f0 hover_style_none\"><div class=\"layer vc_column-inner\"  ><div class=\"wpb_wrapper\"><h1 id=\"uvc-type-wrap-5643\"  data-ultimate-target='#uvc-type-wrap-5643'  data-responsive-json-new='{\"font-size\":\"desktop:48px;\",\"line-height\":\"desktop:48px;\"}'  class=\"uvc-type-wrap  ult-adjust-bottom-margin ult-responsive  uvc-type-align-center uvc-type-no-prefix uvc-wrap-5243825069e67afcb9631\" style=\"text-align:center;\"><span id=\"typed-5243825069e67afcb9631\" class=\"ultimate-typed-main fancytext-typewriter-background-enabled\" style=\"color:#0a0a0a;background:#ffffff; font-weight:bold; text-transform: unset;\"><\/span><span  data-ultimate-target='#uvc-type-wrap-5643 .mycustfancy'  data-responsive-json-new='{\"font-size\":\"desktop:16px;\",\"line-height\":\"desktop:16px;\"}'  class=\"ultimate-typewriter-suffix mycustfancy ult-responsive\" style=\"font-style:italic;font-weight:normal;color:#ffffff;background :#0a0a0a; text-transform: unset;\">2018<\/span><script type=\"text\/javascript\"> \r\n\t\t\t\t\t\tjQuery(function($){ \r\n\t\t\t\t\t\t\t$(document).ready(function(){\r\n\t\t\t\t\t\t\t\tif( typeof jQuery(\"#typed-5243825069e67afcb9631\").typed == \"function\"){\r\n\t\t\t\t\t\t\t\t\t$(\"#typed-5243825069e67afcb9631\").typed({\r\n\t\t\t\t\t\t\t\t\t\tstrings: [\"NETlab Talks\"],\r\n\t\t\t\t\t\t\t\t\t\ttypeSpeed: 35,\r\n\t\t\t\t\t\t\t\t\t\tbackSpeed: 35,\r\n\t\t\t\t\t\t\t\t\t\tstartDelay: 50,\r\n\t\t\t\t\t\t\t\t\t\tbackDelay: 5000,\r\n\t\t\t\t\t\t\t\t\t\tloop: true,\r\n\t\t\t\t\t\t\t\t\t\tloopCount: false,\r\n\t\t\t\t\t\t\t\t\t\tshowCursor: true,\r\n\t\t\t\t\t\t\t\t\t\tcursorChar: \"|\",\r\n\t\t\t\t\t\t\t\t\t\tattr: null\r\n\t\t\t\t\t\t\t\t\t});\r\n\t\t\t\t\t\t\t\t}\r\n\t\t\t\t\t\t\t});\r\n\t\t\t\t\t\t});\r\n\t\t\t\t\t<\/script><style>\r\n\t\t\t\t\t\t\t.uvc-wrap-5243825069e67afcb9631 .typed-cursor {\r\n\t\t\t\t\t\t\t\tcolor:#ffffff;\r\n\t\t\t\t\t\t\t}\r\n\t\t\t\t\t\t<\/style><\/h1><\/div><\/div><\/div><\/div><div class=\"vc_row-full-width vc_clearfix\"><\/div><!-- Row Backgrounds --><div class=\"upb_color\" data-bg-override=\"ex-full\" data-bg-color=\"#0a0a0a\" data-fadeout=\"\" data-fadeout-percentage=\"30\" data-parallax-content=\"\" data-parallax-content-sense=\"30\" data-row-effect-mobile-disable=\"true\" data-img-parallax-mobile-disable=\"true\" data-rtl=\"false\"  data-custom-vc-row=\"\"  data-vc=\"6.8.0\"  data-is_old_vc=\"\"  data-theme-support=\"\"   data-overlay=\"false\" data-overlay-color=\"\" data-overlay-pattern=\"\" data-overlay-pattern-opacity=\"\" data-overlay-pattern-size=\"\"    ><\/div>","protected":false},"excerpt":{"rendered":"Dr. E. Serdar G\u00f6kp\u0131nar ve Do\u00e7. Dr. Aykut Erdem ile yapay zeka teknolojileri ve teknolojilerin T\u00fcrkiye'de kullan\u0131m\u0131 \u00fczerine konu\u015ftuk... Derin \u00d6\u011frenme, Makine \u00d6\u011frenme, Bilgisayarla G\u00f6rme \"Makine \u00f6\u011frenme nedir?\", \"Derin \u00f6\u011frenme ile makine \u00f6\u011frenme aras\u0131ndaki fark nedir?\", \"Bilgisayarla g\u00f6rme nedir?\" Aykut<span class=\"read_more_area\"><a class=\"read-more\" href=\"https:\/\/netlab.media\/en\/talks-yapay-zeka\/\"> Devam\u0131... <\/a><\/span>","protected":false},"author":1,"featured_media":3004,"parent":0,"menu_order":0,"comment_status":"closed","ping_status":"closed","template":"","meta":{"footnotes":""},"_links":{"self":[{"href":"https:\/\/netlab.media\/en\/wp-json\/wp\/v2\/pages\/2972"}],"collection":[{"href":"https:\/\/netlab.media\/en\/wp-json\/wp\/v2\/pages"}],"about":[{"href":"https:\/\/netlab.media\/en\/wp-json\/wp\/v2\/types\/page"}],"author":[{"embeddable":true,"href":"https:\/\/netlab.media\/en\/wp-json\/wp\/v2\/users\/1"}],"replies":[{"embeddable":true,"href":"https:\/\/netlab.media\/en\/wp-json\/wp\/v2\/comments?post=2972"}],"version-history":[{"count":0,"href":"https:\/\/netlab.media\/en\/wp-json\/wp\/v2\/pages\/2972\/revisions"}],"wp:featuredmedia":[{"embeddable":true,"href":"https:\/\/netlab.media\/en\/wp-json\/wp\/v2\/media\/3004"}],"wp:attachment":[{"href":"https:\/\/netlab.media\/en\/wp-json\/wp\/v2\/media?parent=2972"}],"curies":[{"name":"wp","href":"https:\/\/api.w.org\/{rel}","templated":true}]}}