{"id":3279,"date":"2018-12-28T15:28:47","date_gmt":"2018-12-28T12:28:47","guid":{"rendered":"http:\/\/netlab.media\/?page_id=3279"},"modified":"2018-12-28T15:28:47","modified_gmt":"2018-12-28T12:28:47","slug":"publication","status":"publish","type":"page","link":"https:\/\/netlab.media\/en\/publication\/","title":{"rendered":"Publication"},"content":{"rendered":"<h2 style=\"text-align: center;\">Yap\u0131m A\u015famas\u0131nda<\/h2>\n<p><img loading=\"lazy\" decoding=\"async\" class=\"size-full wp-image-3282 aligncenter\" src=\"http:\/\/netlab.media\/wp-content\/uploads\/2018\/12\/Under_construction.jpg\" alt=\"\" width=\"320\" height=\"320\" srcset=\"https:\/\/netlab.media\/wp-content\/uploads\/2018\/12\/Under_construction.jpg 320w, https:\/\/netlab.media\/wp-content\/uploads\/2018\/12\/Under_construction-150x150.jpg 150w, https:\/\/netlab.media\/wp-content\/uploads\/2018\/12\/Under_construction-300x300.jpg 300w\" sizes=\"(max-width: 320px) 100vw, 320px\" \/><\/p>","protected":false},"excerpt":{"rendered":"<p>Yap\u0131m A\u015famas\u0131nda<\/p>","protected":false},"author":4,"featured_media":0,"parent":0,"menu_order":0,"comment_status":"closed","ping_status":"closed","template":"","meta":{"footnotes":""},"_links":{"self":[{"href":"https:\/\/netlab.media\/en\/wp-json\/wp\/v2\/pages\/3279"}],"collection":[{"href":"https:\/\/netlab.media\/en\/wp-json\/wp\/v2\/pages"}],"about":[{"href":"https:\/\/netlab.media\/en\/wp-json\/wp\/v2\/types\/page"}],"author":[{"embeddable":true,"href":"https:\/\/netlab.media\/en\/wp-json\/wp\/v2\/users\/4"}],"replies":[{"embeddable":true,"href":"https:\/\/netlab.media\/en\/wp-json\/wp\/v2\/comments?post=3279"}],"version-history":[{"count":0,"href":"https:\/\/netlab.media\/en\/wp-json\/wp\/v2\/pages\/3279\/revisions"}],"wp:attachment":[{"href":"https:\/\/netlab.media\/en\/wp-json\/wp\/v2\/media?parent=3279"}],"curies":[{"name":"wp","href":"https:\/\/api.w.org\/{rel}","templated":true}]}}