{"id":3341,"date":"2019-01-07T12:00:58","date_gmt":"2019-01-07T09:00:58","guid":{"rendered":"http:\/\/netlab.media\/?page_id=3341"},"modified":"2019-01-07T12:12:05","modified_gmt":"2019-01-07T09:12:05","slug":"data-viz-martin-krzywinski","status":"publish","type":"page","link":"https:\/\/netlab.media\/en\/data-viz-martin-krzywinski\/","title":{"rendered":"NETlab Talks: Data Visualization with Martin Krzywinski"},"content":{"rendered":"<div data-row-text-color=\"dark\" style=\" \" class=\"vc_row wpb_row zolo_wpb_row vc_row-fluid apress_row_class_162781968969e661fa26b91\"><div class=\"wpb_column vc_column_container vc_col-sm-12 apress_col_id_176499352869e661fa27794 hover_style_none\"><div class=\"layer vc_column-inner\"  ><div class=\"wpb_wrapper\"><h2 id=\"uvc-type-wrap-9992\"  data-ultimate-target='#uvc-type-wrap-9992'  data-responsive-json-new='{\"font-size\":\"desktop:45px;tablet:45px;mobile:36px;\",\"line-height\":\"desktop:45px;tablet:45px;mobile:36px;\"}'  class=\"uvc-type-wrap  ult-adjust-bottom-margin ult-responsive  uvc-type-align-center uvc-type-no-prefix uvc-wrap-135125922369e661fa2784d\" style=\"text-align:center;\"><span id=\"typed-135125922369e661fa2784d\" class=\"ultimate-typed-main fancytext-typewriter-background-enabled\" style=\"color:#070707;background:#ffffff; font-weight:bold; text-transform: unset;\"><\/span><script type=\"text\/javascript\"> \r\n\t\t\t\t\t\tjQuery(function($){ \r\n\t\t\t\t\t\t\t$(document).ready(function(){\r\n\t\t\t\t\t\t\t\tif( typeof jQuery(\"#typed-135125922369e661fa2784d\").typed == \"function\"){\r\n\t\t\t\t\t\t\t\t\t$(\"#typed-135125922369e661fa2784d\").typed({\r\n\t\t\t\t\t\t\t\t\t\tstrings: [\"NETlab Talks: Data Visualization\"],\r\n\t\t\t\t\t\t\t\t\t\ttypeSpeed: 35,\r\n\t\t\t\t\t\t\t\t\t\tbackSpeed: 35,\r\n\t\t\t\t\t\t\t\t\t\tstartDelay: 50,\r\n\t\t\t\t\t\t\t\t\t\tbackDelay: 5000,\r\n\t\t\t\t\t\t\t\t\t\tloop: true,\r\n\t\t\t\t\t\t\t\t\t\tloopCount: false,\r\n\t\t\t\t\t\t\t\t\t\tshowCursor: true,\r\n\t\t\t\t\t\t\t\t\t\tcursorChar: \"|\",\r\n\t\t\t\t\t\t\t\t\t\tattr: null\r\n\t\t\t\t\t\t\t\t\t});\r\n\t\t\t\t\t\t\t\t}\r\n\t\t\t\t\t\t\t});\r\n\t\t\t\t\t\t});\r\n\t\t\t\t\t<\/script><style>\r\n\t\t\t\t\t\t\t.uvc-wrap-135125922369e661fa2784d .typed-cursor {\r\n\t\t\t\t\t\t\t\tcolor:#0a0a0a;\r\n\t\t\t\t\t\t\t}\r\n\t\t\t\t\t\t<\/style><\/h2><\/div><\/div><\/div><\/div><!-- Row Backgrounds --><div class=\"upb_color\" data-bg-override=\"ex-full\" data-bg-color=\"#0a0a0a\" data-fadeout=\"\" data-fadeout-percentage=\"30\" data-parallax-content=\"\" data-parallax-content-sense=\"30\" data-row-effect-mobile-disable=\"true\" data-img-parallax-mobile-disable=\"true\" data-rtl=\"false\"  data-custom-vc-row=\"\"  data-vc=\"6.8.0\"  data-is_old_vc=\"\"  data-theme-support=\"\"   data-overlay=\"false\" data-overlay-color=\"\" data-overlay-pattern=\"\" data-overlay-pattern-opacity=\"\" data-overlay-pattern-size=\"\"    ><\/div><div data-row-text-color=\"dark\" style=\" \" class=\"vc_row wpb_row zolo_wpb_row vc_row-fluid apress_row_class_194907040969e661fa285b5 vc_custom_1546846916925 vc_row-o-full-height vc_row-o-columns-middle vc_row-o-content-middle vc_row-flex\"><div class=\"centered-text wpb_column vc_column_container vc_col-sm-6 apress_col_id_164513405869e661fa287e3 hover_style_none\"><div class=\"layer vc_column-inner\"  ><div class=\"wpb_wrapper\">\t\r\n<div id=\"zolo_heading_element_20993246469e661fa28952\" class=\"zolo_heading_element heading_style1 noanimation\" data-animation = \"No Animation\" data-delay = \"500\" style=\" text-align:center\"><div class=\"zolo_heading_element_text\"><h2 class=\"zolo-title\"><span class=\"title_text\" style=\"font-size: 50px; line-height: 60px; letter-spacing: 1px; \">Data Visualization with Martin Krzywinski<\/span><\/h2><\/div><\/div>\n\t<div class=\"wpb_text_column wpb_content_element\" >\n\t\t<div class=\"wpb_wrapper\">\n\t\t\t<p style=\"text-align: center;\"><a href=\"https:\/\/netlab.media\/en\/data-viz-martin-krzywinski\/\"><span style=\"color: #ffffff;\">To watch the presentation given by\u00a0Martin Krzywinski at Ankara University Faculty of Communication, please click here.<\/span><\/a><\/p>\n\n\t\t<\/div>\n\t<\/div>\n<\/div><\/div><\/div><div class=\"wpb_column vc_column_container vc_col-sm-6 apress_col_id_169645884869e661fa297ab hover_style_none\"><div class=\"layer vc_column-inner\"  ><div class=\"wpb_wrapper\"><div class=\"vc_tta-container\" data-vc-action=\"collapse\"><div id=\"accordion3062uxdiccw2kwnrounj\" class=\"icon_border_no vc_general vc_tta vc_tta-tabs vc_tta-color-white vc_tta-style-classic vc_tta-shape-square vc_tta-spacing-10 vc_tta-gap-10 vc_tta-has-pagination vc_tta-tabs-position-top vc_tta-controls-align-center\"><div class=\"vc_tta-tabs-container\"><ul class=\"vc_tta-tabs-list\"><li class=\"vc_tta-tab vc_active\" data-vc-tab><a href=\"#1546847201376-7cf69bbd-a73a\" data-vc-tabs data-vc-container=\".vc_tta\"><span class=\"vc_tta-title-text\">1<\/span><\/a><\/li><li class=\"vc_tta-tab\" data-vc-tab><a href=\"#1546847201492-d69d0de3-9c96\" data-vc-tabs data-vc-container=\".vc_tta\"><span class=\"vc_tta-title-text\">2<\/span><\/a><\/li><li class=\"vc_tta-tab\" data-vc-tab><a href=\"#1546847261972-b86d488e-fc9a\" data-vc-tabs data-vc-container=\".vc_tta\"><span class=\"vc_tta-title-text\">3<\/span><\/a><\/li><li class=\"vc_tta-tab\" data-vc-tab><a href=\"#1546847281770-8bdbdd0d-72a3\" data-vc-tabs data-vc-container=\".vc_tta\"><span class=\"vc_tta-title-text\">4<\/span><\/a><\/li><li class=\"vc_tta-tab\" data-vc-tab><a href=\"#1546847355483-2eb07202-d738\" data-vc-tabs data-vc-container=\".vc_tta\"><span class=\"vc_tta-title-text\">5<\/span><\/a><\/li><li class=\"vc_tta-tab\" data-vc-tab><a href=\"#1546847371926-00d6ec40-7a8d\" data-vc-tabs data-vc-container=\".vc_tta\"><span class=\"vc_tta-title-text\">6<\/span><\/a><\/li><li class=\"vc_tta-tab\" data-vc-tab><a href=\"#1546847393151-d7cdbda0-ff3a\" data-vc-tabs data-vc-container=\".vc_tta\"><span class=\"vc_tta-title-text\">7<\/span><\/a><\/li><li class=\"vc_tta-tab\" data-vc-tab><a href=\"#1546847412681-218a4bb4-d2b5\" data-vc-tabs data-vc-container=\".vc_tta\"><span class=\"vc_tta-title-text\">8<\/span><\/a><\/li><\/ul><\/div><div class=\"vc_tta-panels-container\"><div class=\"vc_tta-panels\"><div class=\"vc_tta-panel vc_active\" id=\"1546847201376-7cf69bbd-a73a\" data-vc-content=\".vc_tta-panel-body\"><div class=\"vc_tta-panel-heading\"><h4 class=\"vc_tta-panel-title\"><a href=\"#1546847201376-7cf69bbd-a73a\" data-vc-accordion data-vc-container=\".vc_tta-container\"><span class=\"vc_tta-title-text\">1<\/span><\/a><\/h4><\/div><div class=\"vc_tta-panel-body\">\n\t<div class=\"wpb_video_widget wpb_content_element vc_clearfix   vc_video-aspect-ratio-169 vc_video-el-width-100 vc_video-align-center\" >\n\t\t<div class=\"wpb_wrapper\">\n\t\t\t\n\t\t\t<div class=\"wpb_video_wrapper\"><iframe loading=\"lazy\" width=\"500\" height=\"281\" src=\"https:\/\/www.youtube.com\/embed\/aQJXwcCNIsQ?feature=oembed\" frameborder=\"0\" allow=\"accelerometer; autoplay; encrypted-media; gyroscope; picture-in-picture\" allowfullscreen><\/iframe><\/div>\n\t\t<\/div>\n\t<\/div>\n<\/div><\/div><div class=\"vc_tta-panel\" id=\"1546847201492-d69d0de3-9c96\" data-vc-content=\".vc_tta-panel-body\"><div class=\"vc_tta-panel-heading\"><h4 class=\"vc_tta-panel-title\"><a href=\"#1546847201492-d69d0de3-9c96\" data-vc-accordion data-vc-container=\".vc_tta-container\"><span class=\"vc_tta-title-text\">2<\/span><\/a><\/h4><\/div><div class=\"vc_tta-panel-body\">\n\t<div class=\"wpb_video_widget wpb_content_element vc_clearfix   vc_video-aspect-ratio-169 vc_video-el-width-100 vc_video-align-center\" >\n\t\t<div class=\"wpb_wrapper\">\n\t\t\t\n\t\t\t<div class=\"wpb_video_wrapper\"><iframe loading=\"lazy\" width=\"500\" height=\"281\" src=\"https:\/\/www.youtube.com\/embed\/tZPE2afMRFI?feature=oembed\" frameborder=\"0\" allow=\"accelerometer; autoplay; encrypted-media; gyroscope; picture-in-picture\" allowfullscreen><\/iframe><\/div>\n\t\t<\/div>\n\t<\/div>\n<\/div><\/div><div class=\"vc_tta-panel\" id=\"1546847261972-b86d488e-fc9a\" data-vc-content=\".vc_tta-panel-body\"><div class=\"vc_tta-panel-heading\"><h4 class=\"vc_tta-panel-title\"><a href=\"#1546847261972-b86d488e-fc9a\" data-vc-accordion data-vc-container=\".vc_tta-container\"><span class=\"vc_tta-title-text\">3<\/span><\/a><\/h4><\/div><div class=\"vc_tta-panel-body\">\n\t<div class=\"wpb_video_widget wpb_content_element vc_clearfix   vc_video-aspect-ratio-169 vc_video-el-width-100 vc_video-align-center\" >\n\t\t<div class=\"wpb_wrapper\">\n\t\t\t\n\t\t\t<div class=\"wpb_video_wrapper\"><iframe loading=\"lazy\" width=\"500\" height=\"281\" src=\"https:\/\/www.youtube.com\/embed\/yemi9VxXG1k?feature=oembed\" frameborder=\"0\" allow=\"accelerometer; autoplay; encrypted-media; gyroscope; picture-in-picture\" allowfullscreen><\/iframe><\/div>\n\t\t<\/div>\n\t<\/div>\n<\/div><\/div><div class=\"vc_tta-panel\" id=\"1546847281770-8bdbdd0d-72a3\" data-vc-content=\".vc_tta-panel-body\"><div class=\"vc_tta-panel-heading\"><h4 class=\"vc_tta-panel-title\"><a href=\"#1546847281770-8bdbdd0d-72a3\" data-vc-accordion data-vc-container=\".vc_tta-container\"><span class=\"vc_tta-title-text\">4<\/span><\/a><\/h4><\/div><div class=\"vc_tta-panel-body\">\n\t<div class=\"wpb_video_widget wpb_content_element vc_clearfix   vc_video-aspect-ratio-169 vc_video-el-width-100 vc_video-align-center\" >\n\t\t<div class=\"wpb_wrapper\">\n\t\t\t\n\t\t\t<div class=\"wpb_video_wrapper\"><iframe loading=\"lazy\" width=\"500\" height=\"281\" src=\"https:\/\/www.youtube.com\/embed\/6gbnJ_dTZrA?feature=oembed\" frameborder=\"0\" allow=\"accelerometer; autoplay; encrypted-media; gyroscope; picture-in-picture\" allowfullscreen><\/iframe><\/div>\n\t\t<\/div>\n\t<\/div>\n<\/div><\/div><div class=\"vc_tta-panel\" id=\"1546847355483-2eb07202-d738\" data-vc-content=\".vc_tta-panel-body\"><div class=\"vc_tta-panel-heading\"><h4 class=\"vc_tta-panel-title\"><a href=\"#1546847355483-2eb07202-d738\" data-vc-accordion data-vc-container=\".vc_tta-container\"><span class=\"vc_tta-title-text\">5<\/span><\/a><\/h4><\/div><div class=\"vc_tta-panel-body\">\n\t<div class=\"wpb_video_widget wpb_content_element vc_clearfix   vc_video-aspect-ratio-169 vc_video-el-width-100 vc_video-align-center\" >\n\t\t<div class=\"wpb_wrapper\">\n\t\t\t\n\t\t\t<div class=\"wpb_video_wrapper\"><iframe loading=\"lazy\" width=\"500\" height=\"281\" src=\"https:\/\/www.youtube.com\/embed\/MtLaVRZjJ3U?feature=oembed\" frameborder=\"0\" allow=\"accelerometer; autoplay; encrypted-media; gyroscope; picture-in-picture\" allowfullscreen><\/iframe><\/div>\n\t\t<\/div>\n\t<\/div>\n<\/div><\/div><div class=\"vc_tta-panel\" id=\"1546847371926-00d6ec40-7a8d\" data-vc-content=\".vc_tta-panel-body\"><div class=\"vc_tta-panel-heading\"><h4 class=\"vc_tta-panel-title\"><a href=\"#1546847371926-00d6ec40-7a8d\" data-vc-accordion data-vc-container=\".vc_tta-container\"><span class=\"vc_tta-title-text\">6<\/span><\/a><\/h4><\/div><div class=\"vc_tta-panel-body\">\n\t<div class=\"wpb_video_widget wpb_content_element vc_clearfix   vc_video-aspect-ratio-169 vc_video-el-width-100 vc_video-align-center\" >\n\t\t<div class=\"wpb_wrapper\">\n\t\t\t\n\t\t\t<div class=\"wpb_video_wrapper\"><iframe loading=\"lazy\" width=\"500\" height=\"281\" src=\"https:\/\/www.youtube.com\/embed\/GjkbsuhOfh4?feature=oembed\" frameborder=\"0\" allow=\"accelerometer; autoplay; encrypted-media; gyroscope; picture-in-picture\" allowfullscreen><\/iframe><\/div>\n\t\t<\/div>\n\t<\/div>\n<\/div><\/div><div class=\"vc_tta-panel\" id=\"1546847393151-d7cdbda0-ff3a\" data-vc-content=\".vc_tta-panel-body\"><div class=\"vc_tta-panel-heading\"><h4 class=\"vc_tta-panel-title\"><a href=\"#1546847393151-d7cdbda0-ff3a\" data-vc-accordion data-vc-container=\".vc_tta-container\"><span class=\"vc_tta-title-text\">7<\/span><\/a><\/h4><\/div><div class=\"vc_tta-panel-body\">\n\t<div class=\"wpb_video_widget wpb_content_element vc_clearfix   vc_video-aspect-ratio-169 vc_video-el-width-100 vc_video-align-center\" >\n\t\t<div class=\"wpb_wrapper\">\n\t\t\t\n\t\t\t<div class=\"wpb_video_wrapper\"><iframe loading=\"lazy\" width=\"500\" height=\"281\" src=\"https:\/\/www.youtube.com\/embed\/Zt0_l5XoKEw?feature=oembed\" frameborder=\"0\" allow=\"accelerometer; autoplay; encrypted-media; gyroscope; picture-in-picture\" allowfullscreen><\/iframe><\/div>\n\t\t<\/div>\n\t<\/div>\n<\/div><\/div><div class=\"vc_tta-panel\" id=\"1546847412681-218a4bb4-d2b5\" data-vc-content=\".vc_tta-panel-body\"><div class=\"vc_tta-panel-heading\"><h4 class=\"vc_tta-panel-title\"><a href=\"#1546847412681-218a4bb4-d2b5\" data-vc-accordion data-vc-container=\".vc_tta-container\"><span class=\"vc_tta-title-text\">8<\/span><\/a><\/h4><\/div><div class=\"vc_tta-panel-body\">\n\t<div class=\"wpb_video_widget wpb_content_element vc_clearfix   vc_video-aspect-ratio-169 vc_video-el-width-100 vc_video-align-left\" >\n\t\t<div class=\"wpb_wrapper\">\n\t\t\t\n\t\t\t<div class=\"wpb_video_wrapper\"><iframe loading=\"lazy\" width=\"500\" height=\"281\" src=\"https:\/\/www.youtube.com\/embed\/QVXoHtXKxnI?feature=oembed\" frameborder=\"0\" allow=\"accelerometer; autoplay; encrypted-media; gyroscope; picture-in-picture\" allowfullscreen><\/iframe><\/div>\n\t\t<\/div>\n\t<\/div>\n<\/div><\/div><\/div><ul class=\"vc_general vc_pagination vc_pagination-style-flat vc_pagination-shape-round vc_pagination-color-grey\"><li class=\"vc_pagination-item vc_active\" data-vc-tab><a href=\"#1546847201376-7cf69bbd-a73a\" class=\"vc_pagination-trigger\" data-vc-tabs data-vc-container=\".vc_tta\"><\/a><\/li><li class=\"vc_pagination-item\" data-vc-tab><a href=\"#1546847201492-d69d0de3-9c96\" class=\"vc_pagination-trigger\" data-vc-tabs data-vc-container=\".vc_tta\"><\/a><\/li><li class=\"vc_pagination-item\" data-vc-tab><a href=\"#1546847261972-b86d488e-fc9a\" class=\"vc_pagination-trigger\" data-vc-tabs data-vc-container=\".vc_tta\"><\/a><\/li><li class=\"vc_pagination-item\" data-vc-tab><a href=\"#1546847281770-8bdbdd0d-72a3\" class=\"vc_pagination-trigger\" data-vc-tabs data-vc-container=\".vc_tta\"><\/a><\/li><li class=\"vc_pagination-item\" data-vc-tab><a href=\"#1546847355483-2eb07202-d738\" class=\"vc_pagination-trigger\" data-vc-tabs data-vc-container=\".vc_tta\"><\/a><\/li><li class=\"vc_pagination-item\" data-vc-tab><a href=\"#1546847371926-00d6ec40-7a8d\" class=\"vc_pagination-trigger\" data-vc-tabs data-vc-container=\".vc_tta\"><\/a><\/li><li class=\"vc_pagination-item\" data-vc-tab><a href=\"#1546847393151-d7cdbda0-ff3a\" class=\"vc_pagination-trigger\" data-vc-tabs data-vc-container=\".vc_tta\"><\/a><\/li><li class=\"vc_pagination-item\" data-vc-tab><a href=\"#1546847412681-218a4bb4-d2b5\" class=\"vc_pagination-trigger\" data-vc-tabs data-vc-container=\".vc_tta\"><\/a><\/li><\/ul><\/div><\/div><\/div><\/div><\/div><\/div><\/div><!-- Row Backgrounds --><div class=\"upb_bg_img\" data-ultimate-bg=\"url(https:\/\/netlab.media\/wp-content\/uploads\/2019\/01\/transition.png)\" data-image-id=\"id^3342|url^http:\/\/netlab.media\/wp-content\/uploads\/2019\/01\/transition.png|caption^null|alt^null|title^transition|description^null\" data-ultimate-bg-style=\"vcpb-vz-jquery\" data-bg-img-repeat=\"no-repeat\" data-bg-img-size=\"cover\" data-bg-img-position=\"\" data-parallx_sense=\"30\" data-bg-override=\"ex-full\" data-bg_img_attach=\"scroll\" data-upb-overlay-color=\"rgba(10,10,10,0.61)\" data-upb-bg-animation=\"\" data-fadeout=\"\" data-bg-animation=\"left-animation\" data-bg-animation-type=\"h\" data-animation-repeat=\"repeat\" data-fadeout-percentage=\"30\" data-parallax-content=\"\" data-parallax-content-sense=\"30\" data-row-effect-mobile-disable=\"true\" data-img-parallax-mobile-disable=\"true\" data-rtl=\"false\"  data-custom-vc-row=\"\"  data-vc=\"6.8.0\"  data-is_old_vc=\"\"  data-theme-support=\"\"   data-overlay=\"true\" data-overlay-color=\"rgba(10,10,10,0.61)\" data-overlay-pattern=\"https:\/\/netlab.media\/wp-content\/plugins\/Ultimate_VC_Addons\/assets\/images\/patterns\/05.png\" data-overlay-pattern-opacity=\"0.5\" data-overlay-pattern-size=\"\" data-overlay-pattern-attachment=\"scroll\"    ><\/div><div id=\"presentation\" data-fullscreen-anchor-id=\"presentation\" data-tooltip-name=\"presentation\" data-row-text-color=\"dark\" style=\" \" class=\"vc_row wpb_row zolo_wpb_row vc_row-fluid apress_row_class_189298637869e661fa30d2e vc_custom_1546851838213 vc_row-o-full-height vc_row-o-columns-middle vc_row-o-content-middle vc_row-flex\"><div class=\"centered-text wpb_column vc_column_container vc_col-sm-12 apress_col_id_159212262569e661fa3115c hover_style_none\"><div class=\"layer vc_column-inner\"  ><div class=\"wpb_wrapper\">\n\t<div class=\"wpb_video_widget wpb_content_element vc_clearfix   vc_video-aspect-ratio-169 vc_video-el-width-100 vc_video-align-left\" >\n\t\t<div class=\"wpb_wrapper\">\n\t\t\t\n\t\t\t<div class=\"wpb_video_wrapper\"><iframe loading=\"lazy\" width=\"500\" height=\"281\" src=\"https:\/\/www.youtube.com\/embed\/-6JhXNiCcZk?feature=oembed\" frameborder=\"0\" allow=\"accelerometer; autoplay; encrypted-media; gyroscope; picture-in-picture\" allowfullscreen><\/iframe><\/div>\n\t\t<\/div>\n\t<\/div>\n<\/div><\/div><\/div><\/div><!-- Row Backgrounds --><div class=\"upb_bg_img\" data-ultimate-bg=\"url(https:\/\/netlab.media\/wp-content\/uploads\/2019\/01\/links-pi.png)\" data-image-id=\"id^3349|url^http:\/\/netlab.media\/wp-content\/uploads\/2019\/01\/links-pi.png|caption^null|alt^null|title^links-pi|description^null\" data-ultimate-bg-style=\"vcpb-vz-jquery\" data-bg-img-repeat=\"no-repeat\" data-bg-img-size=\"cover\" data-bg-img-position=\"\" data-parallx_sense=\"30\" data-bg-override=\"ex-full\" data-bg_img_attach=\"scroll\" data-upb-overlay-color=\"rgba(10,10,10,0.61)\" data-upb-bg-animation=\"\" data-fadeout=\"\" data-bg-animation=\"left-animation\" data-bg-animation-type=\"h\" data-animation-repeat=\"repeat\" data-fadeout-percentage=\"30\" data-parallax-content=\"\" data-parallax-content-sense=\"30\" data-row-effect-mobile-disable=\"true\" data-img-parallax-mobile-disable=\"true\" data-rtl=\"false\"  data-custom-vc-row=\"\"  data-vc=\"6.8.0\"  data-is_old_vc=\"\"  data-theme-support=\"\"   data-overlay=\"true\" data-overlay-color=\"rgba(10,10,10,0.61)\" data-overlay-pattern=\"https:\/\/netlab.media\/wp-content\/plugins\/Ultimate_VC_Addons\/assets\/images\/patterns\/05.png\" data-overlay-pattern-opacity=\"0.5\" data-overlay-pattern-size=\"\" data-overlay-pattern-attachment=\"scroll\"    ><\/div><div data-row-text-color=\"dark\" data-vc-full-width=\"true\" data-vc-full-width-init=\"false\" data-vc-stretch-content=\"true\" style=\" \" class=\"vc_row wpb_row zolo_wpb_row vc_row-fluid apress_row_class_32529338469e661fa3242c vc_row-o-equal-height vc_row-o-content-middle vc_row-flex\"><div class=\"centered-text wpb_column vc_column_container vc_col-sm-4 apress_col_id_114808020369e661fa32844 hover_style_none\"><div class=\"layer vc_column-inner\"  ><div class=\"wpb_wrapper\">\t\r\n<div id=\"zolo_heading_element_24581081769e661fa32afb\" class=\"zolo_heading_element heading_style1 noanimation\" data-animation = \"No Animation\" data-delay = \"500\" style=\" text-align:center\"><div class=\"zolo_heading_element_text\"><h2 class=\"zolo-title\"><span class=\"title_text\" style=\"\">For further information<\/span><\/h2><div class=\"zolo-heading-delimiter\"> <span class=\"delimiter_style_line\"><\/span> <\/div><\/div><\/div>\n\t<div  class=\"wpb_single_image wpb_content_element vc_align_center\">\n\t\t\n\t\t<figure class=\"wpb_wrapper vc_figure\">\n\t\t\t<a href=\"http:\/\/mkweb.bcgsc.ca\/\" target=\"_blank\" class=\"vc_single_image-wrapper   vc_box_border_grey\"><img loading=\"lazy\" decoding=\"async\" width=\"500\" height=\"110\" src=\"https:\/\/netlab.media\/wp-content\/uploads\/2019\/01\/martin_logo.png\" class=\"vc_single_image-img attachment-full\" alt=\"\" title=\"martin_logo\" srcset=\"https:\/\/netlab.media\/wp-content\/uploads\/2019\/01\/martin_logo.png 500w, https:\/\/netlab.media\/wp-content\/uploads\/2019\/01\/martin_logo-300x66.png 300w\" sizes=\"(max-width: 500px) 100vw, 500px\" \/><\/a>\n\t\t<\/figure>\n\t<\/div>\n<\/div><\/div><\/div><div class=\"centered-text wpb_column vc_column_container vc_col-sm-4 apress_col_id_93463523969e661fa3442e hover_style_none\"><div class=\"layer vc_column-inner\"  ><div class=\"wpb_wrapper\">\n\t<div  class=\"wpb_single_image wpb_content_element vc_align_center\">\n\t\t\n\t\t<figure class=\"wpb_wrapper vc_figure\">\n\t\t\t<div class=\"vc_single_image-wrapper   vc_box_border_grey\"><img loading=\"lazy\" decoding=\"async\" class=\"vc_single_image-img\" src=\"https:\/\/netlab.media\/wp-content\/uploads\/2018\/05\/logo_web-373x90.png\" width=\"373\" height=\"90\" alt=\"logo_web\" title=\"logo_web\" \/><\/div>\n\t\t<\/figure>\n\t<\/div>\n<\/div><\/div><\/div><div class=\"wpb_column vc_column_container vc_col-sm-4 apress_col_id_207608157069e661fa358b2 hover_style_none\"><div class=\"layer vc_column-inner\"  ><div class=\"wpb_wrapper\">\t\r\n<div id=\"zolo_heading_element_147758708469e661fa35ac8\" class=\"zolo_heading_element heading_style1 noanimation\" data-animation = \"No Animation\" data-delay = \"500\" style=\" text-align:center\"><div class=\"zolo_heading_element_text\"><h2 class=\"zolo-title\"><span class=\"title_text\" style=\"\">Team<\/span><\/h2><div class=\"zolo-heading-delimiter\"> <span class=\"delimiter_style_line\"><\/span> <\/div><\/div><\/div>\n\t<div class=\"wpb_text_column wpb_content_element\" >\n\t\t<div class=\"wpb_wrapper\">\n\t\t\t<p style=\"text-align: center;\">Guest: Martin Krzywinski \/ Genome Sciences Centre &#8211; BC Cancer Agency<br \/>\nProducer: Ergin \u015eafak Dikmen<br \/>\nResearch\/Questions: Ergin \u015eafak Dikmen<br \/>\nCamera: Serdar Direk<br \/>\nMotion Graphic Design: Ergin \u015eafak Dikmen<br \/>\nEditing: Talha \u00c7al\u0131\u015fkan<\/p>\n\n\t\t<\/div>\n\t<\/div>\n<\/div><\/div><\/div><\/div><div class=\"vc_row-full-width vc_clearfix\"><\/div><div data-row-text-color=\"dark\" data-vc-full-width=\"true\" data-vc-full-width-init=\"false\" style=\" \" class=\"vc_row wpb_row zolo_wpb_row vc_row-fluid apress_row_class_202174353369e661fa37335 vc_custom_1526050028247 vc_row-has-fill\"><div class=\"centered-text wpb_column vc_column_container vc_col-sm-12 apress_col_id_17876196669e661fa37652 hover_style_none\"><div class=\"layer vc_column-inner\"  ><div class=\"wpb_wrapper\"><h1 id=\"uvc-type-wrap-7594\"  data-ultimate-target='#uvc-type-wrap-7594'  data-responsive-json-new='{\"font-size\":\"desktop:48px;\",\"line-height\":\"desktop:48px;\"}'  class=\"uvc-type-wrap  ult-adjust-bottom-margin ult-responsive  uvc-type-align-center uvc-type-no-prefix uvc-wrap-196785244369e661fa3778a\" style=\"text-align:center;\"><span id=\"typed-196785244369e661fa3778a\" class=\"ultimate-typed-main fancytext-typewriter-background-enabled\" style=\"color:#0a0a0a;background:#ffffff; font-weight:bold; text-transform: unset;\"><\/span><span  data-ultimate-target='#uvc-type-wrap-7594 .mycustfancy'  data-responsive-json-new='{\"font-size\":\"desktop:16px;\",\"line-height\":\"desktop:16px;\"}'  class=\"ultimate-typewriter-suffix mycustfancy ult-responsive\" style=\"font-style:italic;font-weight:normal;color:#ffffff;background :#0a0a0a; text-transform: unset;\">2019<\/span><script type=\"text\/javascript\"> \r\n\t\t\t\t\t\tjQuery(function($){ \r\n\t\t\t\t\t\t\t$(document).ready(function(){\r\n\t\t\t\t\t\t\t\tif( typeof jQuery(\"#typed-196785244369e661fa3778a\").typed == \"function\"){\r\n\t\t\t\t\t\t\t\t\t$(\"#typed-196785244369e661fa3778a\").typed({\r\n\t\t\t\t\t\t\t\t\t\tstrings: [\"NETlab Talks\"],\r\n\t\t\t\t\t\t\t\t\t\ttypeSpeed: 35,\r\n\t\t\t\t\t\t\t\t\t\tbackSpeed: 35,\r\n\t\t\t\t\t\t\t\t\t\tstartDelay: 50,\r\n\t\t\t\t\t\t\t\t\t\tbackDelay: 5000,\r\n\t\t\t\t\t\t\t\t\t\tloop: true,\r\n\t\t\t\t\t\t\t\t\t\tloopCount: false,\r\n\t\t\t\t\t\t\t\t\t\tshowCursor: true,\r\n\t\t\t\t\t\t\t\t\t\tcursorChar: \"|\",\r\n\t\t\t\t\t\t\t\t\t\tattr: null\r\n\t\t\t\t\t\t\t\t\t});\r\n\t\t\t\t\t\t\t\t}\r\n\t\t\t\t\t\t\t});\r\n\t\t\t\t\t\t});\r\n\t\t\t\t\t<\/script><style>\r\n\t\t\t\t\t\t\t.uvc-wrap-196785244369e661fa3778a .typed-cursor {\r\n\t\t\t\t\t\t\t\tcolor:#ffffff;\r\n\t\t\t\t\t\t\t}\r\n\t\t\t\t\t\t<\/style><\/h1><\/div><\/div><\/div><\/div><div class=\"vc_row-full-width vc_clearfix\"><\/div><!-- Row Backgrounds --><div class=\"upb_color\" data-bg-override=\"ex-full\" data-bg-color=\"#0a0a0a\" data-fadeout=\"\" data-fadeout-percentage=\"30\" data-parallax-content=\"\" data-parallax-content-sense=\"30\" data-row-effect-mobile-disable=\"true\" data-img-parallax-mobile-disable=\"true\" data-rtl=\"false\"  data-custom-vc-row=\"\"  data-vc=\"6.8.0\"  data-is_old_vc=\"\"  data-theme-support=\"\"   data-overlay=\"false\" data-overlay-color=\"\" data-overlay-pattern=\"\" data-overlay-pattern-opacity=\"\" data-overlay-pattern-size=\"\"    ><\/div>","protected":false},"excerpt":{"rendered":"Data Visualization with Martin Krzywinski To watch the presentation given by\u00a0Martin Krzywinski at Ankara University Faculty of Communication, please click here. 123456781 2 3 4 5 6 7 8 For further information Team Guest: Martin Krzywinski \/ Genome Sciences Centre<span class=\"read_more_area\"><a class=\"read-more\" href=\"https:\/\/netlab.media\/en\/data-viz-martin-krzywinski\/\"> Devam\u0131... <\/a><\/span>","protected":false},"author":1,"featured_media":3355,"parent":0,"menu_order":0,"comment_status":"closed","ping_status":"closed","template":"","meta":{"footnotes":""},"_links":{"self":[{"href":"https:\/\/netlab.media\/en\/wp-json\/wp\/v2\/pages\/3341"}],"collection":[{"href":"https:\/\/netlab.media\/en\/wp-json\/wp\/v2\/pages"}],"about":[{"href":"https:\/\/netlab.media\/en\/wp-json\/wp\/v2\/types\/page"}],"author":[{"embeddable":true,"href":"https:\/\/netlab.media\/en\/wp-json\/wp\/v2\/users\/1"}],"replies":[{"embeddable":true,"href":"https:\/\/netlab.media\/en\/wp-json\/wp\/v2\/comments?post=3341"}],"version-history":[{"count":0,"href":"https:\/\/netlab.media\/en\/wp-json\/wp\/v2\/pages\/3341\/revisions"}],"wp:featuredmedia":[{"embeddable":true,"href":"https:\/\/netlab.media\/en\/wp-json\/wp\/v2\/media\/3355"}],"wp:attachment":[{"href":"https:\/\/netlab.media\/en\/wp-json\/wp\/v2\/media?parent=3341"}],"curies":[{"name":"wp","href":"https:\/\/api.w.org\/{rel}","templated":true}]}}