{"id":3628,"date":"2019-04-18T11:51:20","date_gmt":"2019-04-18T08:51:20","guid":{"rendered":"http:\/\/netlab.media\/?page_id=3628"},"modified":"2019-06-14T14:47:56","modified_gmt":"2019-06-14T11:47:56","slug":"190415sm","status":"publish","type":"page","link":"https:\/\/netlab.media\/en\/publication\/190415sm\/","title":{"rendered":"The Role of Social Media in Advertising: A Research on Instagram"},"content":{"rendered":"<div data-row-text-color=\"light\" data-vc-full-width=\"true\" data-vc-full-width-init=\"false\" style=\" \" class=\"vc_row wpb_row zolo_wpb_row vc_row-fluid apress_row_class_149427461169e663e633ea7 vc_row-o-full-height vc_row-o-columns-middle vc_row-flex\"><div class=\"wpb_column vc_column_container vc_col-sm-12 vc_col-has-fill apress_col_id_81695947869e663e6347a5 hover_style_none\"><div class=\"layer vc_column-inner vc_custom_1555590418441\"  ><div class=\"wpb_wrapper\">\n\t<div  class=\"wpb_single_image wpb_content_element vc_align_center\">\n\t\t\n\t\t<figure class=\"wpb_wrapper vc_figure\">\n\t\t\t<div class=\"vc_single_image-wrapper   vc_box_border_grey\"><img loading=\"lazy\" decoding=\"async\" width=\"1583\" height=\"120\" src=\"https:\/\/netlab.media\/wp-content\/uploads\/2019\/05\/sosyal-medya-ust_C\u0327al\u0131s\u0327ma-Yu\u0308zeyi-1.png\" class=\"vc_single_image-img attachment-full\" alt=\"\" title=\"sosyal medya ust_C\u0327al\u0131s\u0327ma Yu\u0308zeyi 1\" srcset=\"https:\/\/netlab.media\/wp-content\/uploads\/2019\/05\/sosyal-medya-ust_C\u0327al\u0131s\u0327ma-Yu\u0308zeyi-1.png 1583w, https:\/\/netlab.media\/wp-content\/uploads\/2019\/05\/sosyal-medya-ust_C\u0327al\u0131s\u0327ma-Yu\u0308zeyi-1-300x23.png 300w, https:\/\/netlab.media\/wp-content\/uploads\/2019\/05\/sosyal-medya-ust_C\u0327al\u0131s\u0327ma-Yu\u0308zeyi-1-768x58.png 768w, https:\/\/netlab.media\/wp-content\/uploads\/2019\/05\/sosyal-medya-ust_C\u0327al\u0131s\u0327ma-Yu\u0308zeyi-1-1024x78.png 1024w\" sizes=\"(max-width: 1583px) 100vw, 1583px\" \/><\/div>\n\t\t<\/figure>\n\t<\/div>\n<div id=\"ultimate-heading-384369e663e635093\" class=\"uvc-heading ult-adjust-bottom-margin ultimate-heading-384369e663e635093 uvc-1068\" data-hspacer=\"no_spacer\"  data-halign=\"center\" style=\"text-align:center\"><div class=\"uvc-heading-spacer no_spacer\" style=\"top\"><\/div><div class=\"uvc-main-heading ult-responsive\"  data-ultimate-target='.uvc-heading.ultimate-heading-384369e663e635093 h2'  data-responsive-json-new='{\"font-size\":\"\",\"line-height\":\"\"}' ><h2 style=\"font-weight:normal;color:#0c0c0c;\">The Role of Social Media in Advertising: A Research on Instagram<\/h2><\/div><div class=\"uvc-sub-heading ult-responsive\"  data-ultimate-target='.uvc-heading.ultimate-heading-384369e663e635093 .uvc-sub-heading '  data-responsive-json-new='{\"font-size\":\"\",\"line-height\":\"\"}'  style=\"font-weight:normal;color:#ffffff;\"><\/p>\n<h3><a href=\"http:\/\/netlab.media\/en\/ekip\/zafer-kiyan\/\" target=\"_blank\" rel=\"noopener noreferrer\">Zafer K\u0131yan<\/a> <a href=\"https:\/\/netlab.media\/en\/ekip\/ergin-safak-dikmen\/\" target=\"_blank\" rel=\"noopener noreferrer\">&amp; Ergin \u015eafak Dikmen<\/a> <a href=\"http:\/\/ilef.ankara.edu.tr\/\" target=\"_blank\" rel=\"noopener noreferrer\">Ankara University Communication Faculty<\/a><\/h3>\n<p><\/div><\/div><div style=\" \" class=\"vc_row wpb_row vc_inner vc_row-fluid apress_inner_row_class_106870804869e663e6351c2\"><div class=\"wpb_column vc_column_container vc_col-sm-6\"><div class=\"vc_column-inner\"><div class=\"wpb_wrapper\">\n\t<div class=\"wpb_text_column wpb_content_element\" >\n\t\t<div class=\"wpb_wrapper\">\n\t\t\t<h4>Abstract<\/h4>\n<p>Social media has been one of the most prominent advertising platforms, and popular social network sites such as Facebook or Instagram provide different ways to advertise brands. This study aims to explore what kind of advertising strategies are implemented on social media by focusing on celebrity endorsers on Instagram. The current study also examines the reaction of Instagram users to the images shared by celebrities. A total of 2.505 Instagram images were analysed using quantitative and qualitative content techniques. The quantitative data was collected from 10 Instagram accounts of celebrity endorsers who were the biggest earners on the platform in 2017. Analysis of the data has revealed that celebrity endorsers use two main strategies to advertise brands on Instagram: Overt and covert advertising techniques. Using these techniques, celebrity endorsers also implement different strategies to promote brands. Analysis of the data has also discovered that Instagram images that contain promotional materials or branded products do not have a substantial impact on the liking practices of Instagram users.<\/p>\n<p>Citation:<\/p>\n<p>Kiyan, Z. &amp; Dikmen, E. (2019) Sosyal Medyan\u0131n Reklamc\u0131l\u0131ktaki Rol\u00fc: Instagram \u00dczerine Bir Ara\u015ft\u0131rma. <em>Ankara University \u0130lef Journal<\/em>, 6(1): Doi:10.24955\/ilef.554036<\/p>\n\n\t\t<\/div>\n\t<\/div>\n<\/div><\/div><\/div><div class=\"wpb_column vc_column_container vc_col-sm-6\"><div class=\"vc_column-inner\"><div class=\"wpb_wrapper\">\n\t<div class=\"wpb_text_column wpb_content_element\" >\n\t\t<div class=\"wpb_wrapper\">\n\t\t\t<p>&nbsp;<\/p>\n<p class=\" translation-block\">This micro-page is a digital extension of the article titled <strong>\"The Role of Social Media in Advertising: A Research on Instagram\". <\/strong>It is recommended to read this page in conjunction with the article in question.<\/p>\n\n\t\t<\/div>\n\t<\/div>\n\r\n<div id=\"zolo_button_element_168483427469e663e63599a\" class=\"zolo_button_element zolo_button_center zolo_button_size_medium zolo_button_hoverstyle1 default_button_color_scheme noanimation\" data-animation = \"No Animation\" data-delay = \"500\"><a href=\"https:\/\/dergipark.org.tr\/download\/article-file\/695562\" title=\"\" target=\"_blank\" class=\"zolo_button zolo_button_rounded zolo_ripplelink\"><span class=\"zolo_button_text\" style=\"\">Makale<\/span><\/a><\/div>\n\t<div  class=\"wpb_single_image wpb_content_element vc_align_center  wpb_animate_when_almost_visible wpb_fadeIn fadeIn\">\n\t\t\n\t\t<figure class=\"wpb_wrapper vc_figure\">\n\t\t\t<div class=\"vc_single_image-wrapper   vc_box_border_grey\"><img loading=\"lazy\" decoding=\"async\" width=\"100\" height=\"100\" src=\"https:\/\/netlab.media\/wp-content\/uploads\/2019\/03\/yaslanma_item_7.png\" class=\"vc_single_image-img attachment-full\" alt=\"\" title=\"yaslanma_item_7\" \/><\/div>\n\t\t<\/figure>\n\t<\/div>\n<\/div><\/div><\/div><\/div><\/div><\/div><\/div><\/div><div class=\"vc_row-full-width vc_clearfix\"><\/div><!-- Row Backgrounds --><div data-row-text-color=\"light\" data-vc-full-width=\"true\" data-vc-full-width-init=\"false\" data-vc-stretch-content=\"true\" style=\" \" class=\"vc_row wpb_row zolo_wpb_row vc_row-fluid apress_row_class_119754324969e663e63701c vc_row-o-full-height vc_row-o-columns-middle vc_row-flex\"><div class=\"wpb_column vc_column_container vc_col-sm-12 vc_col-has-fill apress_col_id_25243903269e663e6374f4 hover_style_none\"><div class=\"layer vc_column-inner vc_custom_1557997623153\"  ><div class=\"wpb_wrapper\"><div id=\"ultimate-heading-766869e663e6377a0\" class=\"uvc-heading ult-adjust-bottom-margin ultimate-heading-766869e663e6377a0 uvc-2504\" data-hspacer=\"no_spacer\"  data-halign=\"center\" style=\"text-align:center\"><div class=\"uvc-heading-spacer no_spacer\" style=\"top\"><\/div><div class=\"uvc-sub-heading ult-responsive\"  data-ultimate-target='.uvc-heading.ultimate-heading-766869e663e6377a0 .uvc-sub-heading '  data-responsive-json-new='{\"font-size\":\"\",\"line-height\":\"\"}'  style=\"font-weight:normal;color:#ffffff;\"><\/p>\n<h2 style=\"text-align: center;\">Influencer, Follower and Product Scheme in Social Media Environment<\/h2>\n<p><\/div><\/div><div class='ult_hotspot_container ult-adjust-bottom-margin ult-hotspot-tooltip-wrapper' style=\"width:900px;\">  <img class='ult_hotspot_image' src=\"https:\/\/netlab.media\/wp-content\/uploads\/2019\/05\/instagram-safak-dikmen.png\" alt='null'\/>     <div class='utl-hotspot-items ult-hotspot-item'><div class='ult-hotspot-item ult-pulse' style='top:-webkit-calc(19.711622087706743% - 16px);top:-moz-calc(19.711622087706743% - 16px);top:calc(19.711622087706743% - 16px);left: -webkit-calc(47.160232391139125% - 16px);left: -moz-calc(47.160232391139125% - 16px);left: calc(47.160232391139125% - 16px);' >  <div style='z-index: 39;position: relative;'>   <a data-link_style='tootip' data-mycust-id=\"hotspot-tooltip-9964\"  data-ultimate-target='#hotspot-tooltip-9964 .ult-tooltipster-content'  data-responsive-json-new='{\"font-size\":\"\",\"line-height\":\"\"}' data-tooltip-content-style=\"width:500px;\"data-tooltip-base-style=\"background-color:#ffffff;color:#4c4c4c;\" data-bubble-arrow=\"true\" data-tooltip-offsety=\"16\"data-arrowposition=\"left\" class='ult-tooltipstered ult-hotspot-tooltip' href='#' data-status='show'><div class=\"ult-just-icon-wrapper\"><div class=\"align-icon\" style=\"text-align:center;\">\n<div class=\"aio-icon advanced\"  style=\"color:#ffffff;background:#dd3333;border-style:double;border-color:#ffffff;border-width:1px;width:32px;height:32px;line-height:32px;border-radius:500px;font-size:32px;display:inline-block;\">\n\t<i class=\"Defaults-info\"><\/i>\n<\/div><\/div><\/div><span class='hotspot-tooltip-content'>\n&lt;ul&gt;\n&lt;li style=&quot;&amp;#039;text-align:&quot; left;&amp;#039;&gt;\n&lt;h6&gt;T&uuml;keticilerin reklama y&ouml;neli\u015f ve sat\u0131n alma davran\u0131\u015flar\u0131 reklamdaki &uuml;nl&uuml;lerin karakter &ouml;zelliklerinden etkilenmektedir (Awasthi ve Choraria, 2015).&lt;\/h6&gt;\n&lt;\/li&gt;\n&lt;li style=&quot;&amp;#039;text-align:&quot; left;&amp;#039;&gt;\n&lt;h6&gt;Reklam etkisinin do\u011frudan olmad\u0131\u011f\u0131, aksine k&uuml;lt&uuml;rel farkl\u0131l\u0131klardan etkilendi\u011fini g&ouml;zlemlemi\u015ftir (Biswas vd.,2009).&lt;\/h6&gt;\n&lt;\/li&gt;\n&lt;\/ul&gt;\n&lt;p&gt;<\/span>  <\/a> <\/div><!-- ICON WRAP --><\/div><div class='ult-hotspot-item' style='top:-webkit-calc(33.54961210838104% - 16px);top:-moz-calc(33.54961210838104% - 16px);top:calc(33.54961210838104% - 16px);left: -webkit-calc(16.67381799613287% - 16px);left: -moz-calc(16.67381799613287% - 16px);left: calc(16.67381799613287% - 16px);' >  <div style='z-index: 39;position: relative;'>   <a data-link_style='tootip' data-mycust-id=\"hotspot-tooltip-5245\"  data-ultimate-target='#hotspot-tooltip-5245 .ult-tooltipster-content'  data-responsive-json-new='{\"font-size\":\"\",\"line-height\":\"\"}' data-tooltip-content-style=\"width:500px;\"data-tooltip-base-style=\"background-color:#ffffff;color:#4c4c4c;\" data-bubble-arrow=\"true\" data-tooltip-offsety=\"16\"data-arrowposition=\"left\" class='ult-tooltipstered ult-hotspot-tooltip' href='#' data-status='show'><div class=\"ult-just-icon-wrapper\"><div class=\"align-icon\" style=\"text-align:center;\">\n<div class=\"aio-icon advanced\"  style=\"color:#ffffff;background:#dd3333;border-style:double;border-color:#ffffff;border-width:1px;width:32px;height:32px;line-height:32px;border-radius:500px;font-size:32px;display:inline-block;\">\n\t<i class=\"Defaults-info\"><\/i>\n<\/div><\/div><\/div><span class='hotspot-tooltip-content'>&lt;\/p&gt;\n&lt;ul&gt;\n&lt;li style=&quot;&amp;#039;text-align:&quot; left;&amp;#039;&gt;\n&lt;h6&gt;Tan\u0131nm\u0131\u015f ki\u015filer, reklamverenlerce markaya ya da &uuml;r&uuml;ne ki\u015filik (\u015fahsiyet, karakter vs.) katmalar\u0131 i&ccedil;in kullan\u0131lmaktad\u0131r (Kaikati, 1987).&lt;\/h6&gt;\n&lt;\/li&gt;\n&lt;li style=&quot;&amp;#039;text-align:&quot; left;&amp;#039;&gt;\n&lt;h6&gt;&Uuml;nl&uuml;ler markaya kendi ki\u015filiklerini aktarmaktad\u0131r (Ambroise vd., 2014).&lt;\/h6&gt;\n&lt;\/li&gt;\n&lt;li style=&quot;&amp;#039;text-align:&quot; left;&amp;#039;&gt;\n&lt;h6&gt;&Uuml;nl&uuml;lerin &uuml;r&uuml;n&uuml; t&uuml;ketmesiyle, &uuml;r&uuml;n&uuml;n tan\u0131n\u0131rl\u0131l\u0131\u011f\u0131 art\u0131r\u0131lmaya &ccedil;al\u0131\u015fmakatd\u0131r (McCracken, 1985).&lt;\/h6&gt;\n&lt;\/li&gt;\n&lt;\/ul&gt;\n&lt;p&gt;<\/span>  <\/a> <\/div><!-- ICON WRAP --> <div class='ult-glow' ><\/div><\/div><div class='ult-hotspot-item' style='top:-webkit-calc(49.113654605001585% - 16px);top:-moz-calc(49.113654605001585% - 16px);top:calc(49.113654605001585% - 16px);left: -webkit-calc(27.64902183085211% - 16px);left: -moz-calc(27.64902183085211% - 16px);left: calc(27.64902183085211% - 16px);' >  <div style='z-index: 39;position: relative;'>   <a data-link_style='tootip' data-mycust-id=\"hotspot-tooltip-4418\"  data-ultimate-target='#hotspot-tooltip-4418 .ult-tooltipster-content'  data-responsive-json-new='{\"font-size\":\"\",\"line-height\":\"\"}' data-tooltip-content-style=\"width:500px;\"data-tooltip-base-style=\"background-color:#ffffff;color:#4c4c4c;\" data-bubble-arrow=\"true\" data-tooltip-offsety=\"16\"data-arrowposition=\"left\" class='ult-tooltipstered ult-hotspot-tooltip' href='#' data-status='show'><div class=\"ult-just-icon-wrapper\"><div class=\"align-icon\" style=\"text-align:center;\">\n<div class=\"aio-icon advanced\"  style=\"color:#ffffff;background:#dd3333;border-style:double;border-color:#ffffff;border-width:1px;width:32px;height:32px;line-height:32px;border-radius:500px;font-size:32px;display:inline-block;\">\n\t<i class=\"Defaults-info\"><\/i>\n<\/div><\/div><\/div><span class='hotspot-tooltip-content'>&lt;\/p&gt;\n&lt;ul&gt;\n&lt;li style=&quot;&amp;#039;text-align:&quot; left;&amp;#039;&gt;\n&lt;h6&gt;&Uuml;nl&uuml;ye ait &ouml;zellikler metaforlar yoluyla &uuml;r&uuml;ne ge&ccedil;mektedir (Roy, 2018).&lt;\/h6&gt;\n&lt;\/li&gt;\n&lt;\/ul&gt;\n&lt;p&gt;<\/span>  <\/a> <\/div><!-- ICON WRAP --> <div class='ult-glow' style=\"background-color:#dd3333;\"><\/div><\/div><div class='ult-hotspot-item' style='top:-webkit-calc(56.28923023020038% - 16px);top:-moz-calc(56.28923023020038% - 16px);top:calc(56.28923023020038% - 16px);left: -webkit-calc(42.21268245931688% - 16px);left: -moz-calc(42.21268245931688% - 16px);left: calc(42.21268245931688% - 16px);' >  <div style='z-index: 39;position: relative;'>   <a data-link_style='tootip' data-mycust-id=\"hotspot-tooltip-6736\"  data-ultimate-target='#hotspot-tooltip-6736 .ult-tooltipster-content'  data-responsive-json-new='{\"font-size\":\"\",\"line-height\":\"\"}' data-tooltip-content-style=\"width:500px;\"data-tooltip-base-style=\"background-color:#ffffff;color:#4c4c4c;\" data-bubble-arrow=\"true\" data-tooltip-offsety=\"16\"data-arrowposition=\"left\" class='ult-tooltipstered ult-hotspot-tooltip' href='#' data-status='show'><div class=\"ult-just-icon-wrapper\"><div class=\"align-icon\" style=\"text-align:center;\">\n<div class=\"aio-icon advanced\"  style=\"color:#ffffff;background:#dd3333;border-style:double;border-color:#ffffff;border-width:1px;width:32px;height:32px;line-height:32px;border-radius:500px;font-size:32px;display:inline-block;\">\n\t<i class=\"Defaults-info\"><\/i>\n<\/div><\/div><\/div><span class='hotspot-tooltip-content'>&lt;\/p&gt;\n&lt;ul&gt;\n&lt;li style=&quot;&amp;#039;text-align:&quot; left;&amp;#039;&gt;\n&lt;h6&gt;S\u0131n\u0131f, stat&uuml;, cinsiyet, ya\u015f, ki\u015fisel &ouml;zellikler ve ya\u015fam tarzlar\u0131na&nbsp; ili\u015fkin anlamlar\u0131n reklamlar dolay\u0131m\u0131yla tan\u0131nm\u0131\u015f ki\u015filerden &uuml;r&uuml;nlere ve t&uuml;keticilere aktar\u0131lmaktad\u0131r (McCracken, 1985).&lt;\/h6&gt;\n&lt;\/li&gt;\n&lt;\/ul&gt;\n&lt;p&gt;<\/span>  <\/a> <\/div><!-- ICON WRAP --> <div class='ult-glow' style=\"background-color:#dd3333;\"><\/div><\/div><div class='ult-hotspot-item ult-pulse' style='top:-webkit-calc(74.42748479867406% - 16px);top:-moz-calc(74.42748479867406% - 16px);top:calc(74.42748479867406% - 16px);left: -webkit-calc(46.152946619144046% - 16px);left: -moz-calc(46.152946619144046% - 16px);left: calc(46.152946619144046% - 16px);' >  <div style='z-index: 39;position: relative;'>   <a data-link_style='tootip' data-mycust-id=\"hotspot-tooltip-1164\"  data-ultimate-target='#hotspot-tooltip-1164 .ult-tooltipster-content'  data-responsive-json-new='{\"font-size\":\"\",\"line-height\":\"\"}' data-tooltip-content-style=\"width:500px;\"data-tooltip-base-style=\"background-color:#ffffff;color:#4c4c4c;\" data-bubble-arrow=\"true\" data-tooltip-offsety=\"16\"data-arrowposition=\"left\" class='ult-tooltipstered ult-hotspot-tooltip' href='#' data-status='show'><div class=\"ult-just-icon-wrapper\"><div class=\"align-icon\" style=\"text-align:center;\">\n<div class=\"aio-icon advanced\"  style=\"color:#ffffff;background:#dd3333;border-style:double;border-color:#ffffff;border-width:1px;width:32px;height:32px;line-height:32px;border-radius:500px;font-size:32px;display:inline-block;\">\n\t<i class=\"Defaults-info\"><\/i>\n<\/div><\/div><\/div><span class='hotspot-tooltip-content'>&lt;\/p&gt;\n&lt;ul&gt;\n&lt;li style=&quot;&amp;#039;text-align:&quot; left;&amp;#039;&gt;\n&lt;h6&gt;Reklamlarda &uuml;nl&uuml; kullan\u0131m\u0131n\u0131n, genel kan\u0131n\u0131n aksine, markan\u0131n hat\u0131rlanmas\u0131n\u0131 kolayla\u015ft\u0131rmad\u0131\u011f\u0131n\u0131 g&ouml;zlenmi\u015ftir (Costanzo ve Goodnight, 2005).&lt;\/h6&gt;\n&lt;\/li&gt;\n&lt;li style=&quot;&amp;#039;text-align:&quot; left;&amp;#039;&gt;\n&lt;h6&gt;&Ouml;zde\u015flik kurma sadece hayran\u0131 oldu\u011fu &uuml;nl&uuml;ler gibi \u015fark\u0131 s&ouml;ylemek ya da dans etmek de\u011fil ayn\u0131 zamanda onlar gibi t&uuml;ketmek anlam\u0131na geliyor (Froser ve Brow, 2002).&lt;\/h6&gt;\n&lt;\/li&gt;\n&lt;\/ul&gt;\n&lt;p&gt;<\/span>  <\/a> <\/div><!-- ICON WRAP --><\/div>\n<\/div>     <div style='color:#000;' data-image='    '><\/div><\/div><\/div><\/div><\/div><\/div><div class=\"vc_row-full-width vc_clearfix\"><\/div><!-- Row Backgrounds --><div class=\"upb_color\" data-bg-override=\"ex-full\" data-bg-color=\"#f2f2f2\" data-fadeout=\"\" data-fadeout-percentage=\"30\" data-parallax-content=\"\" data-parallax-content-sense=\"30\" data-row-effect-mobile-disable=\"true\" data-img-parallax-mobile-disable=\"true\" data-rtl=\"false\"  data-custom-vc-row=\"\"  data-vc=\"6.8.0\"  data-is_old_vc=\"\"  data-theme-support=\"\"   data-overlay=\"false\" data-overlay-color=\"\" data-overlay-pattern=\"\" data-overlay-pattern-opacity=\"\" data-overlay-pattern-size=\"\"    ><\/div>","protected":false},"excerpt":{"rendered":"Sosyal Medyan\u0131n Reklamc\u0131l\u0131ktaki Rol\u00fc: Instagram \u00dczerine Bir Ara\u015ft\u0131rma Zafer K\u0131yan &amp; Ergin \u015eafak Dikmen \u2013 Ankara \u00dcniversitesi \u0130leti\u015fim Fak\u00fcltesi \u00d6z Sosyal medya g\u00fcn\u00fcm\u00fczde \u00f6ne \u00e7\u0131kan reklam mecralar\u0131ndan birisi haline d\u00f6n\u00fc\u015f\u00fcrken, pop\u00fcler sosyal a\u011f siteleri de reklamc\u0131l\u0131k a\u00e7\u0131s\u0131ndan yeni bir \u00e7er\u00e7eve<span class=\"read_more_area\"><a class=\"read-more\" href=\"https:\/\/netlab.media\/en\/publication\/190415sm\/\"> Devam\u0131... <\/a><\/span>","protected":false},"author":1,"featured_media":3650,"parent":3279,"menu_order":0,"comment_status":"closed","ping_status":"closed","template":"","meta":{"footnotes":""},"_links":{"self":[{"href":"https:\/\/netlab.media\/en\/wp-json\/wp\/v2\/pages\/3628"}],"collection":[{"href":"https:\/\/netlab.media\/en\/wp-json\/wp\/v2\/pages"}],"about":[{"href":"https:\/\/netlab.media\/en\/wp-json\/wp\/v2\/types\/page"}],"author":[{"embeddable":true,"href":"https:\/\/netlab.media\/en\/wp-json\/wp\/v2\/users\/1"}],"replies":[{"embeddable":true,"href":"https:\/\/netlab.media\/en\/wp-json\/wp\/v2\/comments?post=3628"}],"version-history":[{"count":1,"href":"https:\/\/netlab.media\/en\/wp-json\/wp\/v2\/pages\/3628\/revisions"}],"predecessor-version":[{"id":4007,"href":"https:\/\/netlab.media\/en\/wp-json\/wp\/v2\/pages\/3628\/revisions\/4007"}],"up":[{"embeddable":true,"href":"https:\/\/netlab.media\/en\/wp-json\/wp\/v2\/pages\/3279"}],"wp:featuredmedia":[{"embeddable":true,"href":"https:\/\/netlab.media\/en\/wp-json\/wp\/v2\/media\/3650"}],"wp:attachment":[{"href":"https:\/\/netlab.media\/en\/wp-json\/wp\/v2\/media?parent=3628"}],"curies":[{"name":"wp","href":"https:\/\/api.w.org\/{rel}","templated":true}]}}