{"id":3792,"date":"2019-11-11T02:49:32","date_gmt":"2019-11-10T23:49:32","guid":{"rendered":"http:\/\/netlab.media\/?page_id=3792"},"modified":"2019-11-11T03:22:34","modified_gmt":"2019-11-11T00:22:34","slug":"bilim-2-0-doneminde-gorsel-teknikler-twitter-arastirmalari-ve-veri-gorsellestirme","status":"publish","type":"page","link":"https:\/\/netlab.media\/en\/publication\/bilim-2-0-doneminde-gorsel-teknikler-twitter-arastirmalari-ve-veri-gorsellestirme\/","title":{"rendered":"Bilim 2.0 D\u00f6neminde G\u00f6rsel Teknikler: Twitter Ara\u015ft\u0131rmalar\u0131 ve Veri G\u00f6rselle\u015ftirme"},"content":{"rendered":"<div data-row-text-color=\"dark\" data-vc-full-width=\"true\" data-vc-full-width-init=\"false\" style=\" \" class=\"vc_row wpb_row zolo_wpb_row vc_row-fluid apress_row_class_78496471769f37c5a1825a vc_custom_1573431498754\"><div class=\"wpb_column vc_column_container vc_col-sm-12 apress_col_id_104933129869f37c5a1a157 hover_style_none\"><div class=\"layer vc_column-inner\"  ><div class=\"wpb_wrapper\"><div class=\"apress-spacer spacer-69f37c5a1a465\" data-id=\"69f37c5a1a465\" data-height=\"100\" data-height-mobile=\"100\" data-height-tab=\"100\" data-height-tab-portrait=\"\" data-height-mobile-landscape=\"\" style=\"clear:both;display:block;\"><\/div>\t\r\n<div id=\"zolo_heading_element_48655387169f37c5a1afd9\" class=\"zolo_heading_element heading_style1 noanimation\" data-animation = \"No Animation\" data-delay = \"500\" style=\" text-align:center\"><div class=\"zolo_heading_element_text\"><h2 class=\"zolo-title\"><span class=\"title_text\" style=\"font-size: 40px; line-height: 15px; font-weight:bold; \">Bilim 2.0 D\u00f6neminde G\u00f6rsel Teknikler:<\/p>\n<p>Twitter Ara\u015ft\u0131rmalar\u0131 ve Veri G\u00f6rselle\u015ftirme<\/span><\/h2><\/div><\/div>\n\t<div class=\"wpb_text_column wpb_content_element  vc_custom_1573431733110\" >\n\t\t<div class=\"wpb_wrapper\">\n\t\t\t<p style=\"text-align: center;\"><span style=\"color: #ffffff;\">Dr. Ergin \u015eafak Dikmen<\/span><\/p>\n\n\t\t<\/div>\n\t<\/div>\n<div class=\"apress-spacer spacer-69f37c5a1bc96\" data-id=\"69f37c5a1bc96\" data-height=\"100\" data-height-mobile=\"100\" data-height-tab=\"100\" data-height-tab-portrait=\"\" data-height-mobile-landscape=\"\" style=\"clear:both;display:block;\"><\/div><\/div><\/div><\/div><\/div><div class=\"vc_row-full-width vc_clearfix\"><\/div><!-- Row Backgrounds --><div class=\"upb_bg_img\" data-ultimate-bg=\"url(https:\/\/netlab.media\/wp-content\/uploads\/2019\/11\/pietro-jeng-n6B49lTx7NM-unsplash.jpg)\" data-image-id=\"id^3797|url^http:\/\/netlab.media\/wp-content\/uploads\/2019\/11\/pietro-jeng-n6B49lTx7NM-unsplash.jpg|caption^null|alt^null|title^pietro-jeng-n6B49lTx7NM-unsplash|description^null\" data-ultimate-bg-style=\"vcpb-animated\" data-bg-img-repeat=\"repeat\" data-bg-img-size=\"cover\" data-bg-img-position=\"\" data-parallx_sense=\"30\" data-bg-override=\"ex-full\" data-bg_img_attach=\"scroll\" data-upb-overlay-color=\"\" data-upb-bg-animation=\"\" data-fadeout=\"\" data-bg-animation=\"left-animation\" data-bg-animation-type=\"h\" data-animation-repeat=\"repeat\" data-fadeout-percentage=\"30\" data-parallax-content=\"\" data-parallax-content-sense=\"30\" data-row-effect-mobile-disable=\"true\" data-img-parallax-mobile-disable=\"false\" data-rtl=\"false\"  data-custom-vc-row=\"\"  data-vc=\"6.8.0\"  data-is_old_vc=\"\"  data-theme-support=\"\"   data-overlay=\"false\" data-overlay-color=\"\" data-overlay-pattern=\"\" data-overlay-pattern-opacity=\"\" data-overlay-pattern-size=\"\"    ><\/div><div data-row-text-color=\"dark\" style=\" \" class=\"vc_row wpb_row zolo_wpb_row vc_row-fluid apress_row_class_147734893469f37c5a1d736 vc_custom_1573430508291\"><div class=\"wpb_column vc_column_container vc_col-sm-12 apress_col_id_60004346069f37c5a1db4c hover_style_none\"><div class=\"layer vc_column-inner\"  ><div class=\"wpb_wrapper\">\n\t<div class=\"wpb_raw_code wpb_content_element wpb_raw_html\" >\n\t\t<div class=\"wpb_wrapper\">\n\t\t\t<center><iframe src='https:\/\/cdn.knightlab.com\/libs\/timeline3\/latest\/embed\/index.html?source=1QS2Qt8j-BsPKwkeCH0_Jk4rYGd1PglRd2USeLKnPg2Q&font=Default&lang=tr&timenav_position=top&initial_zoom=2&height=650' width='100%' height='650' webkitallowfullscreen mozallowfullscreen allowfullscreen frameborder='0'><\/iframe><\/center>\n\t\t<\/div>\n\t<\/div>\n<\/div><\/div><\/div><\/div><!-- Row Backgrounds --><div class=\"upb_color\" data-bg-override=\"ex-full\" data-bg-color=\"#333333\" data-fadeout=\"\" data-fadeout-percentage=\"30\" data-parallax-content=\"\" data-parallax-content-sense=\"30\" data-row-effect-mobile-disable=\"true\" data-img-parallax-mobile-disable=\"true\" data-rtl=\"false\"  data-custom-vc-row=\"\"  data-vc=\"6.8.0\"  data-is_old_vc=\"\"  data-theme-support=\"\"   data-overlay=\"false\" data-overlay-color=\"\" data-overlay-pattern=\"\" data-overlay-pattern-opacity=\"\" data-overlay-pattern-size=\"\"    ><\/div><div data-row-text-color=\"dark\" style=\" \" class=\"vc_row wpb_row zolo_wpb_row vc_row-fluid apress_row_class_39711536369f37c5a1eddd vc_custom_1573431125755\"><div class=\"wpb_column vc_column_container vc_col-sm-12 apress_col_id_142083911269f37c5a1f221 hover_style_none\"><div class=\"layer vc_column-inner\"  ><div class=\"wpb_wrapper\"><div class=\"vc_separator wpb_content_element vc_separator_align_center vc_sep_width_50 vc_sep_border_width_2 vc_sep_pos_align_center vc_separator_no_text vc_sep_color_grey\" ><span class=\"vc_sep_holder vc_sep_holder_l\"><span  class=\"vc_sep_line\"><\/span><\/span><span class=\"vc_sep_holder vc_sep_holder_r\"><span  class=\"vc_sep_line\"><\/span><\/span>\n<\/div>\t\r\n<div id=\"zolo_heading_element_85064910269f37c5a1fdad\" class=\"zolo_heading_element heading_style1 noanimation\" data-animation = \"No Animation\" data-delay = \"500\" style=\" text-align:center\"><div class=\"zolo_heading_element_text\"><h2 class=\"zolo-title\"><span class=\"title_text\" style=\"\">Martin Krzywinski ile Veri G\u00f6rselle\u015ftirme \u00dczerine<\/span><\/h2><\/div><\/div>\n\t<div class=\"wpb_text_column wpb_content_element\" >\n\t\t<div class=\"wpb_wrapper\">\n\t\t\t<p style=\"text-align: center;\"><span style=\"color: #ffffff;\">*\u0130\u00e7erik dili \u0130ngilizce&#8217;dir.<\/span><\/p>\n\n\t\t<\/div>\n\t<\/div>\n<div id=\"ult-carousel-315917924069f37c5a2076d\" class=\"ult-carousel-wrapper   ult_horizontal\" data-gutter=\"15\" data-rtl=\"false\" ><div class=\"ult-carousel-55385603069f37c5a206fe\" ><div class=\"ult-item-wrap\" data-animation=\"animated no-animation\">\n\t<div class=\"wpb_video_widget wpb_content_element vc_clearfix   vc_video-aspect-ratio-169 vc_video-el-width-100 vc_video-align-center\" >\n\t\t<div class=\"wpb_wrapper\">\n\t\t\t\n\t\t\t<div class=\"wpb_video_wrapper\"><iframe loading=\"lazy\" title=\"What Is Data Visualization?\" width=\"500\" height=\"281\" src=\"https:\/\/www.youtube.com\/embed\/aQJXwcCNIsQ?feature=oembed\" frameborder=\"0\" allow=\"accelerometer; autoplay; encrypted-media; gyroscope; picture-in-picture\" allowfullscreen><\/iframe><\/div>\n\t\t<\/div>\n\t<\/div>\n<\/div><div class=\"ult-item-wrap\" data-animation=\"animated no-animation\">\n\t<div class=\"wpb_video_widget wpb_content_element vc_clearfix   vc_video-aspect-ratio-169 vc_video-el-width-100 vc_video-align-center\" >\n\t\t<div class=\"wpb_wrapper\">\n\t\t\t\n\t\t\t<div class=\"wpb_video_wrapper\"><iframe loading=\"lazy\" title=\"Uses of Data Visualization\" width=\"500\" height=\"281\" src=\"https:\/\/www.youtube.com\/embed\/tZPE2afMRFI?feature=oembed\" frameborder=\"0\" allow=\"accelerometer; autoplay; encrypted-media; gyroscope; picture-in-picture\" allowfullscreen><\/iframe><\/div>\n\t\t<\/div>\n\t<\/div>\n<\/div><div class=\"ult-item-wrap\" data-animation=\"animated no-animation\">\n\t<div class=\"wpb_video_widget wpb_content_element vc_clearfix   vc_video-aspect-ratio-169 vc_video-el-width-100 vc_video-align-center\" >\n\t\t<div class=\"wpb_wrapper\">\n\t\t\t\n\t\t\t<div class=\"wpb_video_wrapper\"><iframe loading=\"lazy\" title=\"Connection Between Data Visualization, Art and Data Art\" width=\"500\" height=\"281\" src=\"https:\/\/www.youtube.com\/embed\/yemi9VxXG1k?feature=oembed\" frameborder=\"0\" allow=\"accelerometer; autoplay; encrypted-media; gyroscope; picture-in-picture\" allowfullscreen><\/iframe><\/div>\n\t\t<\/div>\n\t<\/div>\n<\/div><div class=\"ult-item-wrap\" data-animation=\"animated no-animation\">\n\t<div class=\"wpb_video_widget wpb_content_element vc_clearfix   vc_video-aspect-ratio-169 vc_video-el-width-100 vc_video-align-center\" >\n\t\t<div class=\"wpb_wrapper\">\n\t\t\t\n\t\t\t<div class=\"wpb_video_wrapper\"><iframe loading=\"lazy\" title=\"What Is Data Literacy?\" width=\"500\" height=\"281\" src=\"https:\/\/www.youtube.com\/embed\/6gbnJ_dTZrA?feature=oembed\" frameborder=\"0\" allow=\"accelerometer; autoplay; encrypted-media; gyroscope; picture-in-picture\" allowfullscreen><\/iframe><\/div>\n\t\t<\/div>\n\t<\/div>\n<\/div><div class=\"ult-item-wrap\" data-animation=\"animated no-animation\">\n\t<div class=\"wpb_video_widget wpb_content_element vc_clearfix   vc_video-aspect-ratio-169 vc_video-el-width-100 vc_video-align-center\" >\n\t\t<div class=\"wpb_wrapper\">\n\t\t\t\n\t\t\t<div class=\"wpb_video_wrapper\"><iframe loading=\"lazy\" title=\"Printed and Digital Data Visualization\" width=\"500\" height=\"281\" src=\"https:\/\/www.youtube.com\/embed\/MtLaVRZjJ3U?feature=oembed\" frameborder=\"0\" allow=\"accelerometer; autoplay; encrypted-media; gyroscope; picture-in-picture\" allowfullscreen><\/iframe><\/div>\n\t\t<\/div>\n\t<\/div>\n<\/div><div class=\"ult-item-wrap\" data-animation=\"animated no-animation\">\n\t<div class=\"wpb_video_widget wpb_content_element vc_clearfix   vc_video-aspect-ratio-169 vc_video-el-width-100 vc_video-align-center\" >\n\t\t<div class=\"wpb_wrapper\">\n\t\t\t\n\t\t\t<div class=\"wpb_video_wrapper\"><iframe loading=\"lazy\" title=\"Coding and Tools for Data Visualization\" width=\"500\" height=\"281\" src=\"https:\/\/www.youtube.com\/embed\/GjkbsuhOfh4?feature=oembed\" frameborder=\"0\" allow=\"accelerometer; autoplay; encrypted-media; gyroscope; picture-in-picture\" allowfullscreen><\/iframe><\/div>\n\t\t<\/div>\n\t<\/div>\n<\/div><div class=\"ult-item-wrap\" data-animation=\"animated no-animation\">\n\t<div class=\"wpb_video_widget wpb_content_element vc_clearfix   vc_video-aspect-ratio-169 vc_video-el-width-100 vc_video-align-center\" >\n\t\t<div class=\"wpb_wrapper\">\n\t\t\t\n\t\t\t<div class=\"wpb_video_wrapper\"><iframe loading=\"lazy\" title=\"Free the Data Project: Human Genome Art By Humans With Genomes\" width=\"500\" height=\"281\" src=\"https:\/\/www.youtube.com\/embed\/Zt0_l5XoKEw?feature=oembed\" frameborder=\"0\" allow=\"accelerometer; autoplay; encrypted-media; gyroscope; picture-in-picture\" allowfullscreen><\/iframe><\/div>\n\t\t<\/div>\n\t<\/div>\n<\/div><div class=\"ult-item-wrap\" data-animation=\"animated no-animation\">\n\t<div class=\"wpb_video_widget wpb_content_element vc_clearfix   vc_video-aspect-ratio-169 vc_video-el-width-100 vc_video-align-center\" >\n\t\t<div class=\"wpb_wrapper\">\n\t\t\t\n\t\t\t<div class=\"wpb_video_wrapper\"><iframe loading=\"lazy\" title=\"Suggestions for Future Data Visualists\" width=\"500\" height=\"281\" src=\"https:\/\/www.youtube.com\/embed\/QVXoHtXKxnI?feature=oembed\" frameborder=\"0\" allow=\"accelerometer; autoplay; encrypted-media; gyroscope; picture-in-picture\" allowfullscreen><\/iframe><\/div>\n\t\t<\/div>\n\t<\/div>\n<\/div><div class=\"ult-item-wrap\" data-animation=\"animated no-animation\">\n\t<div class=\"wpb_video_widget wpb_content_element vc_clearfix   vc_video-aspect-ratio-169 vc_video-el-width-100 vc_video-align-center\" >\n\t\t<div class=\"wpb_wrapper\">\n\t\t\t\n\t\t\t<div class=\"wpb_video_wrapper\"><iframe loading=\"lazy\" title=\"Data Visualization with Martin Krzywinski \/ 31.10.2018 @Ankara University Faculty of Communication\" width=\"500\" height=\"281\" src=\"https:\/\/www.youtube.com\/embed\/-6JhXNiCcZk?feature=oembed\" frameborder=\"0\" allow=\"accelerometer; autoplay; encrypted-media; gyroscope; picture-in-picture\" allowfullscreen><\/iframe><\/div>\n\t\t<\/div>\n\t<\/div>\n<\/div><\/div><\/div>\t\t\t<script type=\"text\/javascript\">\r\n\t\t\t\tjQuery(document).ready(function ($) {\r\n\t\t\t\t\tif( typeof jQuery('.ult-carousel-55385603069f37c5a206fe').slick == \"function\"){\r\n\t\t\t\t\t\t$('.ult-carousel-55385603069f37c5a206fe').slick({dots: true,autoplaySpeed: 5000,speed: 300,infinite: true,arrows: true,nextArrow: '<button type=\"button\" role=\"button\" aria-label=\"Next\" style=\"color:#bfbfbf; font-size:20px;\" class=\"slick-next default\"><i class=\"ultsl-arrow-right4\"><\/i><\/button>',prevArrow: '<button type=\"button\" role=\"button\" aria-label=\"Previous\" style=\"color:#bfbfbf; font-size:20px;\" class=\"slick-prev default\"><i class=\"ultsl-arrow-left4\"><\/i><\/button>',slidesToScroll:1,slidesToShow:2,swipe: true,draggable: true,touchMove: true,pauseOnHover: true,pauseOnFocus: false,centerMode: true,adaptiveHeight: true,responsive: [\r\n\t\t\t\t\t\t\t{\r\n\t\t\t\t\t\t\t  breakpoint: 1026,\r\n\t\t\t\t\t\t\t  settings: {\r\n\t\t\t\t\t\t\t\tslidesToShow: 2,\r\n\t\t\t\t\t\t\t\tslidesToScroll: 1,  \r\n\t\t\t\t\t\t\t  }\r\n\t\t\t\t\t\t\t},\r\n\t\t\t\t\t\t\t{\r\n\t\t\t\t\t\t\t  breakpoint: 1025,\r\n\t\t\t\t\t\t\t  settings: {\r\n\t\t\t\t\t\t\t\tslidesToShow: 1,\r\n\t\t\t\t\t\t\t\tslidesToScroll: 1\r\n\t\t\t\t\t\t\t  }\r\n\t\t\t\t\t\t\t},\r\n\t\t\t\t\t\t\t{\r\n\t\t\t\t\t\t\t  breakpoint: 760,\r\n\t\t\t\t\t\t\t  settings: {\r\n\t\t\t\t\t\t\t\tslidesToShow: 1,\r\n\t\t\t\t\t\t\t\tslidesToScroll: 1\r\n\t\t\t\t\t\t\t  }\r\n\t\t\t\t\t\t\t}\r\n\t\t\t\t\t\t],pauseOnDotsHover: true,customPaging: function(slider, i) {\r\n                   return '<i type=\"button\" style= \"color:#333333;\" class=\"ultsl-record\" data-role=\"none\"><\/i>';\r\n                },});\r\n\t\t\t\t\t}\r\n\t\t\t\t});\r\n\t\t\t<\/script>\r\n\t\t\t\n\t<div class=\"wpb_text_column wpb_content_element\" >\n\t\t<div class=\"wpb_wrapper\">\n\t\t\t<p style=\"text-align: center;\"><a href=\"https:\/\/netlab.media\/en\/data-viz-martin-krzywinski\/\"><em><span style=\"color: #ffffff;\">Daha fazla bilgi i\u00e7in t\u0131klay\u0131n\u0131z.<\/span><\/em><\/a><\/p>\n\n\t\t<\/div>\n\t<\/div>\n<\/div><\/div><\/div><\/div><!-- Row Backgrounds --><div class=\"upb_grad\" data-grad=\"background: -webkit-gradient(linear, left top, left bottom, color-stop(0%, #333333), color-stop(100%, #A8A8A8));background: -moz-linear-gradient(top,#333333 0%,#A8A8A8 100%);background: -webkit-linear-gradient(top,#333333 0%,#A8A8A8 100%);background: -o-linear-gradient(top,#333333 0%,#A8A8A8 100%);background: -ms-linear-gradient(top,#333333 0%,#A8A8A8 100%);background: linear-gradient(top,#333333 0%,#A8A8A8 100%);\" data-bg-override=\"ex-full\" data-upb-overlay-color=\"\" data-upb-bg-animation=\"\" data-fadeout=\"\" data-fadeout-percentage=\"30\" data-parallax-content=\"\" data-parallax-content-sense=\"30\" data-row-effect-mobile-disable=\"true\" data-img-parallax-mobile-disable=\"true\" data-rtl=\"false\"  data-custom-vc-row=\"\"  data-vc=\"6.8.0\"  data-is_old_vc=\"\"  data-theme-support=\"\"   data-overlay=\"false\" data-overlay-color=\"\" data-overlay-pattern=\"\" data-overlay-pattern-opacity=\"\" data-overlay-pattern-size=\"\"    ><\/div>","protected":false},"excerpt":{"rendered":"Bilim 2.0 D\u00f6neminde G\u00f6rsel Teknikler: Twitter Ara\u015ft\u0131rmalar\u0131 ve Veri G\u00f6rselle\u015ftirme Dr. Ergin \u015eafak Dikmen Martin Krzywinski ile Veri G\u00f6rselle\u015ftirme \u00dczerine *\u0130\u00e7erik dili \u0130ngilizce'dir. Daha fazla bilgi i\u00e7in t\u0131klay\u0131n\u0131z.","protected":false},"author":1,"featured_media":0,"parent":3279,"menu_order":0,"comment_status":"closed","ping_status":"closed","template":"","meta":{"footnotes":""},"_links":{"self":[{"href":"https:\/\/netlab.media\/en\/wp-json\/wp\/v2\/pages\/3792"}],"collection":[{"href":"https:\/\/netlab.media\/en\/wp-json\/wp\/v2\/pages"}],"about":[{"href":"https:\/\/netlab.media\/en\/wp-json\/wp\/v2\/types\/page"}],"author":[{"embeddable":true,"href":"https:\/\/netlab.media\/en\/wp-json\/wp\/v2\/users\/1"}],"replies":[{"embeddable":true,"href":"https:\/\/netlab.media\/en\/wp-json\/wp\/v2\/comments?post=3792"}],"version-history":[{"count":0,"href":"https:\/\/netlab.media\/en\/wp-json\/wp\/v2\/pages\/3792\/revisions"}],"up":[{"embeddable":true,"href":"https:\/\/netlab.media\/en\/wp-json\/wp\/v2\/pages\/3279"}],"wp:attachment":[{"href":"https:\/\/netlab.media\/en\/wp-json\/wp\/v2\/media?parent=3792"}],"curies":[{"name":"wp","href":"https:\/\/api.w.org\/{rel}","templated":true}]}}