{"id":3856,"date":"2020-03-22T02:11:43","date_gmt":"2020-03-21T23:11:43","guid":{"rendered":"https:\/\/netlab.media\/?page_id=3856"},"modified":"2024-01-24T14:44:24","modified_gmt":"2024-01-24T11:44:24","slug":"bilge-narin","status":"publish","type":"page","link":"https:\/\/netlab.media\/en\/ekip\/bilge-narin\/","title":{"rendered":"Bilge \u015eeny\u00fcz"},"content":{"rendered":"<div data-row-text-color=\"dark\" style=\" \" class=\"vc_row wpb_row zolo_wpb_row vc_row-fluid apress_row_class_17982444769e6622d22430 vc_row-o-equal-height vc_row-flex\"><div class=\"wpb_column vc_column_container vc_col-sm-4 apress_col_id_178059999769e6622d22eab hover_style_none\"><div class=\"layer vc_column-inner\"  ><div class=\"wpb_wrapper\"><div class=\"ult-team-member-wrap ult-style-1\"><div class=\"ult-team-member-image\" style=\"\"> <img decoding=\"async\" class=\"\" src=\"https:\/\/netlab.media\/wp-content\/uploads\/2024\/01\/bilge-narin.png\" alt=\"null\"  style=\"\"><span class=\"ult-team-member-image-overlay\"  ><\/span><\/div><div class=\"ult-team-member-bio-wrap style-1 ultimate-heading69e6622d234db\" style=\"text-align:center;; \"><div class=\"ult-team-member-name-wrap\"><h2 class=\"ult-team-member-name ult-responsive\"  data-ultimate-target='.ult-team-member-bio-wrap.ultimate-heading69e6622d234db .ult-team-member-name'  data-responsive-json-new='{\"font-size\":\"\",\"line-height\":\"\"}'  style=\"\">Do\u00e7. Dr. Bilge \u015eeny\u00fcz<\/h2><div style=\"margin-bottom:15px\"><\/div><div class='ult-social-buttons'><a href='mailto:narinbilge@gmail.com' target='_blank' rel='noopener' title='E-Mail' class='ult-team ult-social-icon' style='font-size:16px ; margin-left:5px;margin-right:5px;;color:#28beff;'  data-iconcolor='#28beff' data-iconhover='#288cff' ><i class='Defaults-envelope'><\/i><\/a><a href='http:\/\/www.bilgenarin.com' target='_blank' rel='noopener' title='Web' class='ult-team ult-social-icon' style='font-size:16px ; margin-left:5px;margin-right:5px;;color:#28beff;'  data-iconcolor='#28beff' data-iconhover='#288cff' ><i class='Defaults-desktop'><\/i><\/a><a href='https:\/\/twitter.com\/bilgenarin' target='_blank' rel='noopener' title='Twitter' class='ult-team ult-social-icon' style='font-size:16px ; margin-left:5px;margin-right:5px;;color:#28beff;'  data-iconcolor='#28beff' data-iconhover='#288cff' ><i class='Defaults-twitter'><\/i><\/a><\/div><\/div><\/div><\/div><\/div><\/div><\/div><div class=\"wpb_column vc_column_container vc_col-sm-8 apress_col_id_143348808069e6622d23a0b hover_style_none\"><div class=\"layer vc_column-inner\"  ><div class=\"wpb_wrapper\">\n\t<div class=\"wpb_text_column wpb_content_element\" >\n\t\t<div class=\"wpb_wrapper\">\n\t\t\t<p>Bilge \u015eeny\u00fcz is an associate professor at Marmara University. She graduated from Anadolu University, Journalism Department and completed her master\u2019s and doctorate degree at Ankara University, Journalism Department. In 2017, she got her second master\u2019s degree from the Science and Technology Policies Studies Program at METU. She stayed at Massachusetts University in Amherst, USA as a post-doctoral researcher for one year. In 2010, she attended summer school at Ljubljana University held by ECREA in Slovenia. Between 2005 and 2010, she worked as Press and Promotion Specialist at the Communication Department of the Chief of the General Staff. Then, she worked as a lecturer at Istanbul Arel University for two years, from 2010 to 2012, and, as a research assistant at Gazi University for six years, from 2012 to 2018. Currently, she holds some free workshops in collaboration with NGOs on mind-mapping and programming languages for journalists. Her academic interests focus on new media, digital journalism, robot journalism, programming languages for journalists, data visualization and new media ethics.<\/p>\n\n\t\t<\/div>\n\t<\/div>\n\r\n<div id=\"zolo_button_element_35269490669e6622d23c8a\" class=\"zolo_button_element zolo_button_center zolo_button_size_large zolo_button_hoverstyle1 primary_color_scheme noanimation\" data-animation = \"No Animation\" data-delay = \"500\"><a href=\"https:\/\/avesis.marmara.edu.tr\/14984\" title=\"\" class=\"zolo_button zolo_button_round zolo_ripplelink\"><span class=\"zolo_button_text\" style=\"\">Info Page<\/span><\/a><\/div><\/div><\/div><\/div><\/div><div data-row-text-color=\"dark\" style=\" \" class=\"vc_row wpb_row zolo_wpb_row vc_row-fluid apress_row_class_187513240369e6622d25c10\"><div class=\"wpb_column vc_column_container vc_col-sm-12 apress_col_id_27115432369e6622d25f95 hover_style_none\"><div class=\"layer vc_column-inner\"  ><div class=\"wpb_wrapper\">\n\t<div class=\"wpb_text_column wpb_content_element\" >\n\t\t<div class=\"wpb_wrapper\">\n\t\t\t\n\t\t<\/div>\n\t<\/div>\n<\/div><\/div><\/div><\/div>","protected":false},"excerpt":{"rendered":"Do\u00e7. Dr. Bilge \u015eeny\u00fcz Bilge \u015eeny\u00fcz Marmara \u00dcniversitesi \u0130leti\u015fim Fak\u00fcltesi Halkla \u0130li\u015fkiler ve Tan\u0131t\u0131m B\u00f6l\u00fcm\u00fc'nde g\u00f6rev yapmaktad\u0131r. 15 Mart 2017- 15 Mart 2018 tarihleri aras\u0131nda T\u00dcB\u0130TAK bursiyeri olarak Amerika Birle\u015fik Devletleri'nde Massachusetts \u00dcniversitesi\/Amherst'te doktora sonras\u0131 ara\u015ft\u0131rmac\u0131 olarak bulundu. Doktora ve<span class=\"read_more_area\"><a class=\"read-more\" href=\"https:\/\/netlab.media\/en\/ekip\/bilge-narin\/\"> Devam\u0131... <\/a><\/span>","protected":false},"author":4,"featured_media":0,"parent":1774,"menu_order":0,"comment_status":"closed","ping_status":"closed","template":"","meta":{"footnotes":""},"_links":{"self":[{"href":"https:\/\/netlab.media\/en\/wp-json\/wp\/v2\/pages\/3856"}],"collection":[{"href":"https:\/\/netlab.media\/en\/wp-json\/wp\/v2\/pages"}],"about":[{"href":"https:\/\/netlab.media\/en\/wp-json\/wp\/v2\/types\/page"}],"author":[{"embeddable":true,"href":"https:\/\/netlab.media\/en\/wp-json\/wp\/v2\/users\/4"}],"replies":[{"embeddable":true,"href":"https:\/\/netlab.media\/en\/wp-json\/wp\/v2\/comments?post=3856"}],"version-history":[{"count":13,"href":"https:\/\/netlab.media\/en\/wp-json\/wp\/v2\/pages\/3856\/revisions"}],"predecessor-version":[{"id":4588,"href":"https:\/\/netlab.media\/en\/wp-json\/wp\/v2\/pages\/3856\/revisions\/4588"}],"up":[{"embeddable":true,"href":"https:\/\/netlab.media\/en\/wp-json\/wp\/v2\/pages\/1774"}],"wp:attachment":[{"href":"https:\/\/netlab.media\/en\/wp-json\/wp\/v2\/media?parent=3856"}],"curies":[{"name":"wp","href":"https:\/\/api.w.org\/{rel}","templated":true}]}}