{"id":3922,"date":"2020-07-07T23:07:57","date_gmt":"2020-07-07T20:07:57","guid":{"rendered":"https:\/\/netlab.media\/?page_id=3922"},"modified":"2024-03-19T14:38:45","modified_gmt":"2024-03-19T11:38:45","slug":"humeyra-husmen-2","status":"publish","type":"page","link":"https:\/\/netlab.media\/en\/ekip\/humeyra-husmen-2\/","title":{"rendered":"H\u00fcmeyra H\u00fcsmen"},"content":{"rendered":"<div data-row-text-color=\"dark\" style=\" \" class=\"vc_row wpb_row zolo_wpb_row vc_row-fluid apress_row_class_66660491969e663bb45a6e vc_row-o-equal-height vc_row-flex\"><div class=\"wpb_column vc_column_container vc_col-sm-4 apress_col_id_67545942269e663bb46b8f hover_style_none\"><div class=\"layer vc_column-inner\"  ><div class=\"wpb_wrapper\"><div class=\"ult-team-member-wrap ult-style-1\"><div class=\"ult-team-member-image\" style=\"\"> <img decoding=\"async\" class=\"\" src=\"https:\/\/netlab.media\/wp-content\/uploads\/2022\/03\/hu\u0308meyrahu\u0308smen.jpg\" alt=\"null\"  style=\"\"><span class=\"ult-team-member-image-overlay\"  ><\/span><\/div><div class=\"ult-team-member-bio-wrap style-1 ultimate-heading69e663bb47892\" style=\"text-align:center;; \"><div class=\"ult-team-member-name-wrap\"><h2 class=\"ult-team-member-name ult-responsive\"  data-ultimate-target='.ult-team-member-bio-wrap.ultimate-heading69e663bb47892 .ult-team-member-name'  data-responsive-json-new='{\"font-size\":\"\",\"line-height\":\"\"}'  style=\"\">H\u00fcmeyra H\u00fcsmen<\/h2><div class=\"ult-team-member-position ult-responsive\"  data-ultimate-target='.ult-team-member-bio-wrap.ultimate-heading69e663bb47892 .ult-team-member-position'  data-responsive-json-new='{\"font-size\":\"\",\"line-height\":\"\"}'  style=\"\">Ankara University<\/div><div style=\"margin-bottom:15px\"><\/div><div class='ult-social-buttons'><a href='mailto:gorkeemtr@gmail.com' target='_blank' rel='noopener' title='E-Mail' class='ult-team ult-social-icon' style='font-size:16px ; margin-left:5px;margin-right:5px;;color:#27acf9;'  data-iconcolor='#27acf9' data-iconhover='inherit' ><i class='Defaults-envelope-o'><\/i><\/a><\/div><\/div><\/div><\/div><\/div><\/div><\/div><div class=\"wpb_column vc_column_container vc_col-sm-8 apress_col_id_24220900969e663bb480ab hover_style_none\"><div class=\"layer vc_column-inner\"  ><div class=\"wpb_wrapper\">\n\t<div class=\"wpb_text_column wpb_content_element\" >\n\t\t<div class=\"wpb_wrapper\">\n\t\t\t<p>H\u00fcmeyra H\u00fcsmen graduated from Istanbul \u015eehir University Faculty of Communication in 2017 with an experimental short film project titled Mosk. In 2020, she graduated from Anadolu University Faculty of Communication, Department of Cinema and Television with her thesis titled \"Male child characters in post-2000 Turkish art cinema\". In 2019, she started working as a Research Assistant at Gaziantep University Faculty of Fine Arts. Since 2021, she has been continuing her doctorate education at Ankara University, Faculty of Communication, Department of Radio, Television and Cinema. She is interested in Turkish Cinema, digital cinema and virtual reality narratives.<\/p>\n\n\t\t<\/div>\n\t<\/div>\n\r\n<div id=\"zolo_button_element_106753771169e663bb4858d\" class=\"zolo_button_element zolo_button_center zolo_button_size_large zolo_button_hoverstyle1 primary_color_scheme noanimation\" data-animation = \"No Animation\" data-delay = \"500\"><a href=\"https:\/\/akbis.gantep.edu.tr\/detay\/?A_ID=297848_ars-gor_arife-humeyra-husmen\" title=\"\" class=\"zolo_button zolo_button_round zolo_ripplelink\"><span class=\"zolo_button_text\" style=\"\">Info Page<\/span><\/a><\/div><\/div><\/div><\/div><\/div><div data-row-text-color=\"dark\" style=\" \" class=\"vc_row wpb_row zolo_wpb_row vc_row-fluid apress_row_class_157540896169e663bb4a102\"><div class=\"wpb_column vc_column_container vc_col-sm-12 apress_col_id_4991908669e663bb4a6cc hover_style_none\"><div class=\"layer vc_column-inner\"  ><div class=\"wpb_wrapper\"><\/div><\/div><\/div><\/div><div data-row-text-color=\"dark\" style=\" \" class=\"vc_row wpb_row zolo_wpb_row vc_row-fluid apress_row_class_104241648269e663bb4b671\"><div class=\"wpb_column vc_column_container vc_col-sm-12 apress_col_id_176408357069e663bb4ba92 hover_style_none\"><div class=\"layer vc_column-inner\"  ><div class=\"wpb_wrapper\">\n\t<div class=\"wpb_text_column wpb_content_element\" >\n\t\t<div class=\"wpb_wrapper\">\n\t\t\t\n\t\t<\/div>\n\t<\/div>\n<\/div><\/div><\/div><\/div>","protected":false},"excerpt":{"rendered":"H\u00fcmeyra H\u00fcsmenAnkara \u00dcniversitesi H\u00fcmeyra H\u00fcsmen \u0130stanbul \u015eehir \u00dcniversitesi \u0130leti\u015fim Fak\u00fcltesi Lisans E\u011fitimini 2017 y\u0131l\u0131nda Mosk isimli deneysel k\u0131sa film projesiyle tamamlad\u0131. 2020 y\u0131l\u0131nda Anadolu \u00dcniversitesi \u0130leti\u015fim Fak\u00fcltesi Sinema ve Televizyon Ana Bilim Dal\u0131ndan \u201c2000 sonras\u0131 T\u00fcrkiye sanat sinemas\u0131nda erkek \u00e7ocuk<span class=\"read_more_area\"><a class=\"read-more\" href=\"https:\/\/netlab.media\/en\/ekip\/humeyra-husmen-2\/\"> Devam\u0131... <\/a><\/span>","protected":false},"author":2,"featured_media":0,"parent":1774,"menu_order":0,"comment_status":"closed","ping_status":"closed","template":"","meta":{"footnotes":""},"_links":{"self":[{"href":"https:\/\/netlab.media\/en\/wp-json\/wp\/v2\/pages\/3922"}],"collection":[{"href":"https:\/\/netlab.media\/en\/wp-json\/wp\/v2\/pages"}],"about":[{"href":"https:\/\/netlab.media\/en\/wp-json\/wp\/v2\/types\/page"}],"author":[{"embeddable":true,"href":"https:\/\/netlab.media\/en\/wp-json\/wp\/v2\/users\/2"}],"replies":[{"embeddable":true,"href":"https:\/\/netlab.media\/en\/wp-json\/wp\/v2\/comments?post=3922"}],"version-history":[{"count":11,"href":"https:\/\/netlab.media\/en\/wp-json\/wp\/v2\/pages\/3922\/revisions"}],"predecessor-version":[{"id":5420,"href":"https:\/\/netlab.media\/en\/wp-json\/wp\/v2\/pages\/3922\/revisions\/5420"}],"up":[{"embeddable":true,"href":"https:\/\/netlab.media\/en\/wp-json\/wp\/v2\/pages\/1774"}],"wp:attachment":[{"href":"https:\/\/netlab.media\/en\/wp-json\/wp\/v2\/media?parent=3922"}],"curies":[{"name":"wp","href":"https:\/\/api.w.org\/{rel}","templated":true}]}}