{"id":4040,"date":"2021-04-04T17:10:58","date_gmt":"2021-04-04T14:10:58","guid":{"rendered":"https:\/\/netlab.media\/?page_id=4040"},"modified":"2026-02-21T21:53:18","modified_gmt":"2026-02-21T18:53:18","slug":"proje","status":"publish","type":"page","link":"https:\/\/netlab.media\/en\/proje\/","title":{"rendered":"Projects"},"content":{"rendered":"<div data-row-text-color=\"dark\" style=\" \" class=\"vc_row wpb_row zolo_wpb_row vc_row-fluid apress_row_class_29789940569f4775b540c0\"><div class=\"wpb_column vc_column_container vc_col-sm-12 apress_col_id_166952824469f4775b55672 hover_style_none\"><div class=\"layer vc_column-inner\"  ><div class=\"wpb_wrapper\"><div id=\"zolo_sep_166507163669f4775b55b4e\" class=\"vc_separator wpb_content_element vc_separator_align_center vc_sep_width_100 vc_sep_border vc_sep_pos_align_center noanimation\" data-animation = \"No Animation\" data-delay = \"500\" ><span class=\"vc_sep_holder vc_sep_holder_l\"><span style=\"border-color:#ffffff\" class=\"vc_sep_line\"><\/span><\/span><h2 class=\"zolo-separator-title\" style=\"\">Projects<\/h2><span class=\"vc_sep_holder vc_sep_holder_r\"><span style=\"border-color:#ffffff\" class=\"vc_sep_line\"><\/span><\/span>\r\n<\/div><\/div><\/div><\/div><\/div><div data-row-text-color=\"dark\" style=\" \" class=\"vc_row wpb_row zolo_wpb_row vc_row-fluid apress_row_class_24575790969f4775b57093\"><div class=\"wpb_column vc_column_container vc_col-sm-4 apress_col_id_5179510269f4775b57501 hover_style_none\"><div class=\"layer vc_column-inner\"  ><div class=\"wpb_wrapper\">\r\n<!--zolo Image Box Row Start-->\r\n\r\n<div id=\"zolo_imagebox_acp_143027289769f4775b57b2b\" class=\"zolo_imagebox_area middle style2  small hoverstyle1 noanimation\" data-animation =\"No Animation\" data-delay =\"500\">\r\n  <div class=\"zolo_imagebox\"> <a title=\"\" href=\"https:\/\/netlab.media\/en\/proje\/dijital_svod_platformlari\/\" target=\"_self\" rel=\"\"> <img decoding=\"async\" src=\"https:\/\/netlab.media\/wp-content\/uploads\/2024\/12\/Screen-Shot-2024-12-13-at-20.29.44.png\"\/>\r\n        <\/a> <\/div>\r\n    <div class=\"imagebox_content\">\r\n        <h3>Global Digital SVOD Platforms in the Framework of Discoverability Systems<\/h3>\r\n        <div><\/p>\n<div class=\"wpb_text_column wpb_content_element\">\n<div class=\"wpb_wrapper\">\n<p><span style=\"font-weight: 400;\">This project aims to conduct an analysis to understand how algorithmic mechanisms that determine the content delivery and consumption processes adopted by global subscription-based video on demand (SVOD) platforms operate in Turkey.<\/span><\/p>\n<p>Supported by the Scientific and Technological Research Council of T\u00fcrkiye - T\u00fcbitak 1001 Project<\/p>\n<\/div>\n<\/div>\n<p>\n<\/div>\r\n        <a title=\"\" href=\"https:\/\/netlab.media\/en\/proje\/dijital_svod_platformlari\/\" target=\"_self\"> <span class=\"imagebox_button zolo_ripplelink\"><span class=\"button_text\">Go to Microsite<\/span><\/span> <\/a>\r\n      <\/div>\r\n  <\/div>\r\n<\/div><\/div><\/div><div class=\"wpb_column vc_column_container vc_col-sm-4 apress_col_id_37217957569f4775b596ef hover_style_none\"><div class=\"layer vc_column-inner\"  ><div class=\"wpb_wrapper\">\r\n<!--zolo Image Box Row Start-->\r\n\r\n<div id=\"zolo_imagebox_acp_67013411469f4775b598ef\" class=\"zolo_imagebox_area middle style2  small hoverstyle1 noanimation\" data-animation =\"No Animation\" data-delay =\"500\">\r\n  <div class=\"zolo_imagebox\"> <a title=\"Elektronik At\u0131k\" href=\"https:\/\/netlab.media\/en\/proje\/elektronik-atik\/\" target=\"_self\" rel=\"\"> <img decoding=\"async\" src=\"https:\/\/netlab.media\/wp-content\/uploads\/2022\/06\/netlab-elektonik-atik.jpg\"\/>\r\n        <\/a> <\/div>\r\n    <div class=\"imagebox_content\">\r\n        <h3>Electronic Waste: The Dark Side of Information Technologies<\/h3>\r\n        <div><\/p>\n<div class=\"wpb_text_column wpb_content_element\">\n<div class=\"wpb_wrapper\">\n<p>The aim of this new media documentary is to draw attention to the damage caused to nature by glorified electronic devices and consumer culture. While e-waste is photographed as \"man-made wonders\", on the other side of the coin, the fate of these devices that turn into e-waste after their end-of-life is questioned...<\/p>\n<p>Supported by ArtsMap<\/p>\n<\/div>\n<\/div>\n<p>\n<\/div>\r\n        <a title=\"Elektronik At\u0131k\" href=\"https:\/\/netlab.media\/en\/proje\/elektronik-atik\/\" target=\"_self\"> <span class=\"imagebox_button zolo_ripplelink\"><span class=\"button_text\">Go to Microsite<\/span><\/span> <\/a>\r\n      <\/div>\r\n  <\/div>\r\n<\/div><\/div><\/div><div class=\"wpb_column vc_column_container vc_col-sm-4 apress_col_id_162596298169f4775b5b03d hover_style_none\"><div class=\"layer vc_column-inner\"  ><div class=\"wpb_wrapper\">\r\n<!--zolo Image Box Row Start-->\r\n\r\n<div id=\"zolo_imagebox_acp_75971930169f4775b5b267\" class=\"zolo_imagebox_area middle style2  small hoverstyle1 noanimation\" data-animation =\"No Animation\" data-delay =\"500\">\r\n  <div class=\"zolo_imagebox\"> <a title=\"Culture Industry\" href=\"https:\/\/netlab.media\/en\/proje\/kultur-endustrisi\/\" target=\"_self\" rel=\"\"> <img decoding=\"async\" src=\"https:\/\/netlab.media\/wp-content\/uploads\/2024\/12\/Screen-Shot-2024-12-13-at-21.24.50.png\"\/>\r\n        <\/a> <\/div>\r\n    <div class=\"imagebox_content\">\r\n        <h3>Improving Content Creation Skills<\/h3>\r\n        <div><\/p>\n<div class=\"wpb_text_column wpb_content_element\">\n<div class=\"wpb_wrapper\">\n<p>Developing Content Production Skills of Young People Who Want to Work in Cultural Industries<\/p>\n<p>Supporting Institution: Republic of Turkey Ministry of Culture and Tourism General Directorate of Copyright<\/p>\n<\/div>\n<\/div>\n<p>\n<\/div>\r\n        <a title=\"Culture Industry\" href=\"https:\/\/netlab.media\/en\/proje\/kultur-endustrisi\/\" target=\"_self\"> <span class=\"imagebox_button zolo_ripplelink\"><span class=\"button_text\">Go to Microsite<\/span><\/span> <\/a>\r\n      <\/div>\r\n  <\/div>\r\n<\/div><\/div><\/div><\/div><div data-row-text-color=\"dark\" style=\" \" class=\"vc_row wpb_row zolo_wpb_row vc_row-fluid apress_row_class_190261800969f4775b5d00a\"><div class=\"wpb_column vc_column_container vc_col-sm-4 apress_col_id_200882012269f4775b5d3be hover_style_none\"><div class=\"layer vc_column-inner\"  ><div class=\"wpb_wrapper\">\r\n<!--zolo Image Box Row Start-->\r\n\r\n<div id=\"zolo_imagebox_acp_59218364669f4775b5d5a1\" class=\"zolo_imagebox_area middle style2  small hoverstyle1 noanimation\" data-animation =\"No Animation\" data-delay =\"500\">\r\n  <div class=\"zolo_imagebox\"> <a title=\"Refugee Integration Process\" href=\"https:\/\/netlab.media\/en\/proje\/multeci-uyum-sureci\/\" target=\"_self\" rel=\"\"> <img decoding=\"async\" src=\"https:\/\/netlab.media\/wp-content\/uploads\/2020\/03\/augmented-reality-netlab.png\"\/>\r\n        <\/a> <\/div>\r\n    <div class=\"imagebox_content\">\r\n        <h3>Effectiveness of Virtual Reality Applications<\/h3>\r\n        <div><p>Adaptation Process of Refugee Children: Psycho-Educational Play Program and Effectiveness of Virtual Reality Applications<\/p>\n<p>Supported by the Scientific and Technological Research Council of T\u00fcrkiye - T\u00fcbitak 1001 Project<\/p>\n<\/div>\r\n        <a title=\"Refugee Integration Process\" href=\"https:\/\/netlab.media\/en\/proje\/multeci-uyum-sureci\/\" target=\"_self\"> <span class=\"imagebox_button zolo_ripplelink\"><span class=\"button_text\">Go to Microsite<\/span><\/span> <\/a>\r\n      <\/div>\r\n  <\/div>\r\n<\/div><\/div><\/div><div class=\"wpb_column vc_column_container vc_col-sm-4 apress_col_id_14876144169f4775b5f1c2 hover_style_none\"><div class=\"layer vc_column-inner\"  ><div class=\"wpb_wrapper\">\r\n<!--zolo Image Box Row Start-->\r\n\r\n<div id=\"zolo_imagebox_acp_84507272869f4775b5f3e7\" class=\"zolo_imagebox_area middle style2  small hoverstyle1 noanimation\" data-animation =\"No Animation\" data-delay =\"500\">\r\n  <div class=\"zolo_imagebox\"> <a title=\"New Media and Ethics\" href=\"https:\/\/netlab.media\/en\/proje\/arastirma-etik\/\" target=\"_self\" rel=\"\"> <img decoding=\"async\" src=\"https:\/\/netlab.media\/wp-content\/uploads\/2021\/09\/yeni-medya-etik-3.jpg\"\/>\r\n        <\/a> <\/div>\r\n    <div class=\"imagebox_content\">\r\n        <h3>Ethics in New Media Researches<\/h3>\r\n        <div><\/p>\n<div class=\"wpb_text_column wpb_content_element\">\n<div class=\"wpb_wrapper\">This edited volume is the result of the discussions in the PhD courses Sociology of New Media and Methods and Techniques in New Media Research at Hacettepe and Ankara University Social Sciences Institutes.<\/div>\n<\/div>\n<p>\n<\/div>\r\n        <a title=\"New Media and Ethics\" href=\"https:\/\/netlab.media\/en\/proje\/arastirma-etik\/\" target=\"_self\"> <span class=\"imagebox_button zolo_ripplelink\"><span class=\"button_text\">Go to Microsite<\/span><\/span> <\/a>\r\n      <\/div>\r\n  <\/div>\r\n<\/div><\/div><\/div><div class=\"wpb_column vc_column_container vc_col-sm-4 apress_col_id_63592972369f4775b60ea5 hover_style_none\"><div class=\"layer vc_column-inner\"  ><div class=\"wpb_wrapper\">\r\n<!--zolo Image Box Row Start-->\r\n\r\n<div id=\"zolo_imagebox_acp_49997545069f4775b61102\" class=\"zolo_imagebox_area middle style2  small hoverstyle1 noanimation\" data-animation =\"No Animation\" data-delay =\"500\">\r\n  <div class=\"zolo_imagebox\"> <a title=\"Digital Communication Strategies in Pandemic Period\" href=\"https:\/\/netlab.media\/en\/proje\/pandemi-doneminde-dijital-iletisim-stratejileri\/\" target=\"_self\" rel=\"\"> <img decoding=\"async\" src=\"https:\/\/netlab.media\/wp-content\/uploads\/2021\/09\/covid19-iletisim-2.jpg\"\/>\r\n        <\/a> <\/div>\r\n    <div class=\"imagebox_content\">\r\n        <h3>Digital Communication Strategies in Pandemic Period<\/h3>\r\n        <div><\/p>\n<div class=\"wpb_text_column wpb_content_element\">\n<div class=\"wpb_wrapper\">\n<p>The aim of the project is to identify the digital communication strategies of the Turkish Ministry of Health during the COVID-19 pandemic and to reveal the positive and negative aspects of the implementation.<\/p>\n<p>Supported by Ankara University Coordinatorship of Scientific Research Projects<\/p>\n<\/div>\n<\/div>\n<p>\n<\/div>\r\n        <a title=\"Digital Communication Strategies in Pandemic Period\" href=\"https:\/\/netlab.media\/en\/proje\/pandemi-doneminde-dijital-iletisim-stratejileri\/\" target=\"_self\"> <span class=\"imagebox_button zolo_ripplelink\"><span class=\"button_text\">Go to Microsite<\/span><\/span> <\/a>\r\n      <\/div>\r\n  <\/div>\r\n<\/div><\/div><\/div><\/div><div data-row-text-color=\"dark\" style=\" \" class=\"vc_row wpb_row zolo_wpb_row vc_row-fluid apress_row_class_205706517069f4775b62d42\"><div class=\"wpb_column vc_column_container vc_col-sm-4 apress_col_id_70827444169f4775b630bb hover_style_none\"><div class=\"layer vc_column-inner\"  ><div class=\"wpb_wrapper\">\r\n<!--zolo Image Box Row Start-->\r\n\r\n<div id=\"zolo_imagebox_acp_312452669f4775b632ba\" class=\"zolo_imagebox_area middle style2  small hoverstyle1 noanimation\" data-animation =\"No Animation\" data-delay =\"500\">\r\n  <div class=\"zolo_imagebox\"> <a title=\"360\u00b0 Video Technology\" href=\"https:\/\/netlab.media\/en\/proje\/360-video-teknolojisi\/\" target=\"_self\" rel=\"\"> <img decoding=\"async\" src=\"https:\/\/netlab.media\/wp-content\/uploads\/2024\/12\/Screen-Shot-2024-12-13-at-21.14.15-e1734122238686.png\"\/>\r\n        <\/a> <\/div>\r\n    <div class=\"imagebox_content\">\r\n        <h3>Understanding Virtual Reality and 360\u00b0 Video Technology<\/h3>\r\n        <div><p><span class=\"style-scope yt-formatted-string\" dir=\"auto\">This project aims to reveal the challenges encountered in the production and post-production phases of 360\u00b0 video technology and to create a techno-guide for those who want to use this technology.<br \/>\n<\/span><\/p>\n<p>_ <span class=\"style-scope yt-formatted-string\" dir=\"auto\">Supported by the Embassy of the Kingdom of the Netherlands<\/span><\/p>\n<\/div>\r\n        <a title=\"360\u00b0 Video Technology\" href=\"https:\/\/netlab.media\/en\/proje\/360-video-teknolojisi\/\" target=\"_self\"> <span class=\"imagebox_button zolo_ripplelink\"><span class=\"button_text\">Go to Microsite<\/span><\/span> <\/a>\r\n      <\/div>\r\n  <\/div>\r\n<\/div><\/div><\/div><div class=\"wpb_column vc_column_container vc_col-sm-4 apress_col_id_24123746069f4775b652d7 hover_style_none\"><div class=\"layer vc_column-inner\"  ><div class=\"wpb_wrapper\">\r\n<!--zolo Image Box Row Start-->\r\n\r\n<div id=\"zolo_imagebox_acp_152131499169f4775b654f9\" class=\"zolo_imagebox_area middle style2  small hoverstyle1 noanimation\" data-animation =\"No Animation\" data-delay =\"500\">\r\n  <div class=\"zolo_imagebox\"> <a title=\"Ankara \u0130stiklal Mahallesi\" href=\"https:\/\/netlab.media\/en\/proje\/ankara-istiklal-mahallesi\/\" target=\"_self\" rel=\"\"> <img decoding=\"async\" src=\"https:\/\/netlab.media\/wp-content\/uploads\/2021\/09\/isitklal-mahallesi.jpg\"\/>\r\n        <\/a> <\/div>\r\n    <div class=\"imagebox_content\">\r\n        <h3>Cultural Heritage and Digital Technologies<\/h3>\r\n        <div><\/p>\n<div class=\"wpb_text_column wpb_content_element\">\n<div class=\"wpb_wrapper\">\n<p>Registration and Protection Project of the Cultural and Architectural Heritage of Ankara \u0130stiklal Neighborhood via New Communication Technologies<\/p>\n<p>Supporting Institution: the Embassy of the Kingdom of the Netherlands\n\n(in Turkish) <span class=\"style-scope yt-formatted-string\" dir=\"auto\">Hollanda Kraliyeti Ankara B\u00fcy\u00fckel\u00e7ili\u011fi<\/span><\/p>\n<\/div>\n<\/div>\n<p>\n<\/div>\r\n        <a title=\"Ankara \u0130stiklal Mahallesi\" href=\"https:\/\/netlab.media\/en\/proje\/ankara-istiklal-mahallesi\/\" target=\"_self\"> <span class=\"imagebox_button zolo_ripplelink\"><span class=\"button_text\">Go to Microsite<\/span><\/span> <\/a>\r\n      <\/div>\r\n  <\/div>\r\n<\/div><\/div><\/div><div class=\"wpb_column vc_column_container vc_col-sm-4 apress_col_id_153394570669f4775b673b8 hover_style_none\"><div class=\"layer vc_column-inner\"  ><div class=\"wpb_wrapper\">\r\n<!--zolo Image Box Row Start-->\r\n\r\n<div id=\"zolo_imagebox_acp_154060814469f4775b675b9\" class=\"zolo_imagebox_area middle style2  small hoverstyle1 noanimation\" data-animation =\"No Animation\" data-delay =\"500\">\r\n  <div class=\"zolo_imagebox\"> <a title=\"Aging in Digital Culture\" href=\"https:\/\/netlab.media\/en\/proje\/dijital-kulturde-yaslanma\/\" target=\"_self\" rel=\"\"> <img decoding=\"async\" src=\"https:\/\/netlab.media\/wp-content\/uploads\/2021\/09\/dijital-kultur.jpg\"\/>\r\n        <\/a> <\/div>\r\n    <div class=\"imagebox_content\">\r\n        <h3>Digital Culture and Aging<\/h3>\r\n        <div><p>This project is among the first and original studies in the field, focusing on digital inequality in Turkey, generations and aging in communication technologies and new media ecosystem.<\/p>\n<\/div>\r\n        <a title=\"Aging in Digital Culture\" href=\"https:\/\/netlab.media\/en\/proje\/dijital-kulturde-yaslanma\/\" target=\"_self\"> <span class=\"imagebox_button zolo_ripplelink\"><span class=\"button_text\">Go to Microsite<\/span><\/span> <\/a>\r\n      <\/div>\r\n  <\/div>\r\n<\/div><\/div><\/div><\/div><div data-row-text-color=\"dark\" style=\" \" class=\"vc_row wpb_row zolo_wpb_row vc_row-fluid apress_row_class_148292984769f4775b684b3\"><div class=\"wpb_column vc_column_container vc_col-sm-4 apress_col_id_63797113069f4775b68651 hover_style_none\"><div class=\"layer vc_column-inner\"  ><div class=\"wpb_wrapper\">\r\n<!--zolo Image Box Row Start-->\r\n\r\n<div id=\"zolo_imagebox_acp_131493949069f4775b68735\" class=\"zolo_imagebox_area middle style2  small hoverstyle1 noanimation\" data-animation =\"No Animation\" data-delay =\"500\">\r\n  <div class=\"zolo_imagebox\"> <a title=\"Selene\" href=\"https:\/\/netlab.media\/en\/proje\/selene\/\" target=\"_self\" rel=\"\"> <img decoding=\"async\" src=\"https:\/\/netlab.media\/wp-content\/uploads\/2024\/02\/selene-thumbnail.png\"\/>\r\n        <\/a> <\/div>\r\n    <div class=\"imagebox_content\">\r\n        <h3>Step2Green Europe - One Health Approach for a Green University (SELENE)<\/h3>\r\n        <div><\/p>\n<div class=\"wpb_text_column wpb_content_element\">\n<div class=\"wpb_wrapper\">\n<p>SELENE, a transnational and interdisciplinary University alliance, created by European universities which by sharing infrastructures and resources will conduct long-term education and research, as well as climate and environmental protection based on assumptions of the European Green Deal and the One Health (OH)<\/p>\n<\/div>\n<\/div>\n<p>\n<\/div>\r\n        <a title=\"Selene\" href=\"https:\/\/netlab.media\/en\/proje\/selene\/\" target=\"_self\"> <span class=\"imagebox_button zolo_ripplelink\"><span class=\"button_text\">Go to Microsite<\/span><\/span> <\/a>\r\n      <\/div>\r\n  <\/div>\r\n<\/div><\/div><\/div><div class=\"wpb_column vc_column_container vc_col-sm-4 apress_col_id_189835873469f4775b69795 hover_style_none\"><div class=\"layer vc_column-inner\"  ><div class=\"wpb_wrapper\">\r\n<!--zolo Image Box Row Start-->\r\n\r\n<div id=\"zolo_imagebox_acp_44284786669f4775b6987a\" class=\"zolo_imagebox_area middle style2  small hoverstyle1 noanimation\" data-animation =\"No Animation\" data-delay =\"500\">\r\n  <div class=\"zolo_imagebox\"> <a title=\"\" href=\"https:\/\/netlab.media\/en\/proje\/koyun-ureme-takibi\/\" target=\"_blank\" rel=\"\"> <img decoding=\"async\" src=\"https:\/\/netlab.media\/wp-content\/uploads\/2023\/11\/Vet-proje-giris-e1711108601576.jpg\"\/>\r\n        <\/a> <\/div>\r\n    <div class=\"imagebox_content\">\r\n        <h3>Use of Digital Technologies in Livestock Husbandry<\/h3>\r\n        <div><p>Building a Sheep Reproduction Tracking Model with Mating Marker<\/p>\n<p>Supported by the Scientific and Technological Research Council of T\u00fcrkiye - T\u00fcbitak 1002 Project<\/p>\n<\/div>\r\n        <a title=\"\" href=\"https:\/\/netlab.media\/en\/proje\/koyun-ureme-takibi\/\" target=\"_blank\"> <span class=\"imagebox_button zolo_ripplelink\"><span class=\"button_text\">Go to Microsite<\/span><\/span> <\/a>\r\n      <\/div>\r\n  <\/div>\r\n<\/div><\/div><\/div><div class=\"wpb_column vc_column_container vc_col-sm-4 apress_col_id_203451158069f4775b6a7e6 hover_style_none\"><div class=\"layer vc_column-inner\"  ><div class=\"wpb_wrapper\"><\/div><\/div><\/div><\/div>","protected":false},"excerpt":{"rendered":"Projeler Ke\u015ffedilebilirlik Sistemleri \u00c7er\u00e7evesinde K\u00fcresel Dijital SVOD Platformlar\u0131 Bu projede k\u00fcresel aboneli\u011fe dayal\u0131 talep \u00fczerine video (SVOD) platformlar\u0131n yerel g\u00f6rsel-i\u015fitsel pazarlarda benimsedikleri i\u00e7erik sunum ve t\u00fcketim s\u00fcre\u00e7lerini belirleyen ve \u201calgoritmik\u201d ya da \u201calgotoryal\u201d olarak tarif edilen \u201cke\u015ffedilebilirlik\u201d (discoverability) mekanizmalar\u0131n\u0131 analiz<span class=\"read_more_area\"><a class=\"read-more\" href=\"https:\/\/netlab.media\/en\/proje\/\"> Devam\u0131... <\/a><\/span>","protected":false},"author":2,"featured_media":0,"parent":0,"menu_order":0,"comment_status":"closed","ping_status":"closed","template":"","meta":{"footnotes":""},"_links":{"self":[{"href":"https:\/\/netlab.media\/en\/wp-json\/wp\/v2\/pages\/4040"}],"collection":[{"href":"https:\/\/netlab.media\/en\/wp-json\/wp\/v2\/pages"}],"about":[{"href":"https:\/\/netlab.media\/en\/wp-json\/wp\/v2\/types\/page"}],"author":[{"embeddable":true,"href":"https:\/\/netlab.media\/en\/wp-json\/wp\/v2\/users\/2"}],"replies":[{"embeddable":true,"href":"https:\/\/netlab.media\/en\/wp-json\/wp\/v2\/comments?post=4040"}],"version-history":[{"count":13,"href":"https:\/\/netlab.media\/en\/wp-json\/wp\/v2\/pages\/4040\/revisions"}],"predecessor-version":[{"id":6001,"href":"https:\/\/netlab.media\/en\/wp-json\/wp\/v2\/pages\/4040\/revisions\/6001"}],"wp:attachment":[{"href":"https:\/\/netlab.media\/en\/wp-json\/wp\/v2\/media?parent=4040"}],"curies":[{"name":"wp","href":"https:\/\/api.w.org\/{rel}","templated":true}]}}