{"id":4068,"date":"2021-08-26T23:20:28","date_gmt":"2021-08-26T20:20:28","guid":{"rendered":"https:\/\/netlab.media\/?page_id=4068"},"modified":"2021-09-17T11:08:58","modified_gmt":"2021-09-17T08:08:58","slug":"belediye-yeni-medya","status":"publish","type":"page","link":"https:\/\/netlab.media\/en\/publication\/belediye-yeni-medya\/","title":{"rendered":"Say\u0131sal Belediyecilik"},"content":{"rendered":"<div data-row-text-color=\"light\" data-vc-full-width=\"true\" data-vc-full-width-init=\"false\" style=\" \" class=\"vc_row wpb_row zolo_wpb_row vc_row-fluid apress_row_class_36881697069e63390cd289 vc_row-o-full-height vc_row-o-columns-middle vc_row-flex\"><div class=\"wpb_column vc_column_container vc_col-sm-2 apress_col_id_130741701869e63390ce7c1 hover_style_none\"><div class=\"layer vc_column-inner\"  ><div class=\"wpb_wrapper\"><\/div><\/div><\/div><div class=\"wpb_column vc_column_container vc_col-sm-8 apress_col_id_65583441969e63390cef5f hover_style_none\"><div class=\"layer vc_column-inner\"  ><div class=\"wpb_wrapper\"><div id=\"ultimate-heading-173469e63390cf1ed\" class=\"uvc-heading ult-adjust-bottom-margin ultimate-heading-173469e63390cf1ed uvc-2014\" data-hspacer=\"no_spacer\"  data-halign=\"center\" style=\"text-align:center\"><div class=\"uvc-heading-spacer no_spacer\" style=\"top\"><\/div><div class=\"uvc-main-heading ult-responsive\"  data-ultimate-target='.uvc-heading.ultimate-heading-173469e63390cf1ed h1'  data-responsive-json-new='{\"font-size\":\"\",\"line-height\":\"\"}' ><h1 style=\"font-weight:normal;color:#ffffff;\">Digital Municipalism: New Media Use of Municipalities in Turkey<\/h1><\/div><div class=\"uvc-sub-heading ult-responsive\"  data-ultimate-target='.uvc-heading.ultimate-heading-173469e63390cf1ed .uvc-sub-heading '  data-responsive-json-new='{\"font-size\":\"\",\"line-height\":\"\"}'  style=\"font-weight:normal;color:#ffffff;\"><\/p>\n<h4 style=\"text-align: center;\"><a href=\"https:\/\/netlab.media\/en\/ekip\/nilufer-pinar-kilic\/\" target=\"_blank\" rel=\"noopener\"><span style=\"color: #7c7c7c;\">Dr. Nil\u00fcfer P\u0131nar K\u0131l\u0131\u00e7<\/span><\/a><a href=\"https:\/\/netlab.media\/en\/ekip\/ergin-safak-dikmen\/\" target=\"_blank\" rel=\"noopener noreferrer\"><span style=\"color: #7c7c7c;\"> &#8211; Dr. Ergin \u015eafak Dikmen<\/span><\/a> <a href=\"https:\/\/netlab.media\/en\/ekip\/ergin-safak-dikmen\/\" target=\"_blank\" rel=\"noopener noreferrer\"><span style=\"color: #7c7c7c;\">&#8211; Ankara \u00dcniversitesi \u0130leti\u015fim Fak\u00fcltesi<\/span><\/a><\/h4>\n<p>&nbsp;<\/p>\n<p>Bu mikro sayfa &#8220;Say\u0131sal Belediyecilik: T\u00fcrkiye\u2019deki Belediyelerin Yeni Medya Kullan\u0131mlar\u0131&#8221; ba\u015fl\u0131kl\u0131 makalenin dijital uzant\u0131s\u0131d\u0131r. Bu sayfan\u0131n s\u00f6z konusu makale ile birlikte okunmas\u0131 \u00f6nerilir.<\/div><\/div>\r\n<div id=\"zolo_button_element_186058629069e63390cf8eb\" class=\"zolo_button_element zolo_button_center zolo_button_size_medium zolo_button_hoverstyle1 default_button_color_scheme noanimation\" data-animation = \"No Animation\" data-delay = \"500\"><a href=\"https:\/\/dergipark.org.tr\/tr\/pub\/erciyesiletisim\/issue\/64302\/896129\" title=\"\" target=\"_blank\" class=\"zolo_button zolo_button_rounded zolo_ripplelink\"><span class=\"zolo_button_text\" style=\"\">Makale \u0130ndir<\/span><\/a><\/div>\n\t<div class=\"wpb_text_column wpb_content_element\" >\n\t\t<div class=\"wpb_wrapper\">\n\t\t\t<p style=\"text-align: left;\"><span style=\"color: #ffffff;\">T\u00fcrkiye\u2019de faaliyet g\u00f6steren belediyelerin web sitesi ve sosyal medya kullan\u0131mlar\u0131n\u0131 tespit etmeyi ama\u00e7layan \u00e7al\u0131\u015fmada tam \u00f6rnekleme yap\u0131larak 81 il ve 919 il\u00e7e belediyesinin web siteleri, Facebook, Twitter, Instagram ve YouTube hesaplar\u0131 incelenmi\u015ftir. Say\u0131sal ortam\u0131n devingen olmas\u0131 nedeniyle web hasat\u00e7\u0131l\u0131\u011f\u0131 y\u00f6ntemi kullan\u0131larak 10-27 Mart 2020 tarihleri aras\u0131nda belediyelerin internet siteleri ve sosyal medya hesaplar\u0131 kay\u0131tlanm\u0131\u015ft\u0131r. Kay\u0131tlanan veriler kodlanarak nicel analize tabii tutulmu\u015ftur. Ara\u015ft\u0131rmada bin belediyenin 932 tanesinin web sitesinin i\u015fler oldu\u011fu tespit edilmi\u015ftir. Web sayfalar\u0131n\u0131n sosyal medya ile ili\u015fkilendirilmesinde sorunlar oldu\u011fu g\u00f6zlenmi\u015ftir. Buna g\u00f6re web sitelerinde sosyal medya hesaplar\u0131na y\u00f6nlendiren butonlar\u0131n hepsinin y\u00f6nlendirme yapmad\u0131\u011f\u0131, baz\u0131lar\u0131n\u0131n eski hesaplara ya da belediye ba\u015fkanlar\u0131n\u0131n ki\u015fisel hesab\u0131na y\u00f6nlendirdi\u011fi, baz\u0131lar\u0131n\u0131n ise kapat\u0131lan sosyal a\u011flara ait oldu\u011fu tespit edilmi\u015ftir. Bu durum belediyelerin web sitelerinin a\u011f yap\u0131lanmas\u0131n\u0131n g\u00fcncellenmedi\u011fini g\u00f6stermektedir. Belediyelerin sosyal medya kullan\u0131m pratiklerine bak\u0131ld\u0131\u011f\u0131nda 944 belediyenin Facebook, 804 belediyenin Twitter, 729 belediyenin Instagram hesab\u0131, 665 belediyenin ise YouTube kanal\u0131 oldu\u011fu belirlenmi\u015ftir. Ancak baz\u0131 belediyelerde sadece hesap al\u0131nd\u0131\u011f\u0131, sosyal medya hesaplar\u0131n\u0131n \u00f6nemli bir k\u0131sm\u0131n\u0131n payla\u015f\u0131m ve takip\u00e7i say\u0131lar\u0131n\u0131n az oldu\u011fu ve dolay\u0131s\u0131yla etkin bi\u00e7imde kullan\u0131lmad\u0131\u011f\u0131 g\u00f6r\u00fclm\u00fc\u015ft\u00fcr. En etkin sosyal medya hesaplar\u0131n\u0131n \u00e7o\u011funlukla il\u00e7e belediyelerine ait oldu\u011funun tespit edildi\u011fi ara\u015ft\u0131rmada sosyal medya hesaplar\u0131n\u0131n kullan\u0131m s\u00fcresi, payla\u015f\u0131m say\u0131lar\u0131, takip\u00e7i say\u0131lar\u0131 ve belediyelerin n\u00fcfuslar\u0131 aras\u0131nda do\u011frusal bir ili\u015fki olmad\u0131\u011f\u0131 s\u00f6ylenebilir.<\/span><\/p>\n<p style=\"text-align: left;\"><span style=\"color: #ffffff;\"><strong>Referans i\u00e7in (APA):<\/strong><\/span><\/p>\n<p style=\"text-align: left;\"><span style=\"color: #ffffff;\">K\u0131l\u0131\u00e7, N. P. &amp; Dikmen, E. \u015e. (2021). Say\u0131sal Belediyecilik: T\u00fcrkiye\u2019deki Belediyelerin Yeni Medya Kullan\u0131mlar\u0131 . Erciyes \u0130leti\u015fim Dergisi , 8 (2) , 795-811 . DOI: 10.17680\/erciyesiletisim.896129 <\/span><\/p>\n\n\t\t<\/div>\n\t<\/div>\n<\/div><\/div><\/div><div class=\"wpb_column vc_column_container vc_col-sm-2 apress_col_id_122738981169e63390d09db hover_style_none\"><div class=\"layer vc_column-inner\"  ><div class=\"wpb_wrapper\"><\/div><\/div><\/div><\/div><div class=\"vc_row-full-width vc_clearfix\"><\/div><!-- Row Backgrounds --><div class=\"upb_bg_img\" data-ultimate-bg=\"url(https:\/\/netlab.media\/wp-content\/uploads\/2018\/12\/network_back_001.png)\" data-image-id=\"id^3196|url^http:\/\/netlab.media\/wp-content\/uploads\/2018\/12\/network_back_001.png|caption^null|alt^null|title^network_back_001|description^null\" data-ultimate-bg-style=\"vcpb-animated\" data-bg-img-repeat=\"repeat\" data-bg-img-size=\"cover\" data-bg-img-position=\"\" data-parallx_sense=\"30\" data-bg-override=\"ex-full\" data-bg_img_attach=\"scroll\" data-upb-overlay-color=\"\" data-upb-bg-animation=\"\" data-fadeout=\"\" data-bg-animation=\"top-animation\" data-bg-animation-type=\"v\" data-animation-repeat=\"repeat\" data-fadeout-percentage=\"30\" data-parallax-content=\"\" data-parallax-content-sense=\"30\" data-row-effect-mobile-disable=\"true\" data-img-parallax-mobile-disable=\"true\" data-rtl=\"false\"  data-custom-vc-row=\"\"  data-vc=\"6.8.0\"  data-is_old_vc=\"\"  data-theme-support=\"\"   data-overlay=\"true\" data-overlay-color=\"\" data-overlay-pattern=\"https:\/\/netlab.media\/wp-content\/plugins\/Ultimate_VC_Addons\/assets\/images\/patterns\/01.png\" data-overlay-pattern-opacity=\"0.6\" data-overlay-pattern-size=\"\" data-overlay-pattern-attachment=\"scroll\"    ><\/div><div data-row-text-color=\"dark\" style=\" \" class=\"vc_row wpb_row zolo_wpb_row vc_row-fluid apress_row_class_53403132269e63390d296c vc_row-o-full-height vc_row-o-columns-middle vc_row-flex\"><div class=\"wpb_column vc_column_container vc_col-sm-12 apress_col_id_36821701469e63390d2fdf hover_style_none\"><div class=\"layer vc_column-inner\"  ><div class=\"wpb_wrapper\">\n\t<div class=\"wpb_text_column wpb_content_element  vc_custom_1631865506036\" >\n\t\t<div class=\"wpb_wrapper\">\n\t\t\t<h2 style=\"text-align: center;\"><span id=\"typed-17081021245c0a4c61d20e0\" class=\"ultimate-typed-main\" style=\"color: #000000;\"><span class=\"m_-825359465758528740gmail-ultimate-typed-main\"> Twitter\u2019da En \u00c7ok Payla\u015f\u0131m Yapan 100 Belediyenin Tweet Say\u0131lar\u0131<\/span><\/span><\/h2>\n<p style=\"text-align: center;\"><span class=\"ultimate-typewriter-suffix mycustfancy ult-responsive\" style=\"color: #000000;\" data-ultimate-target=\"#uvc-type-wrap-7909 .mycustfancy\" data-responsive-json-new=\"{&quot;font-size&quot;:&quot;&quot;,&quot;line-height&quot;:&quot;&quot;}\">Belediye ismini g\u00f6rmek i\u00e7in harita \u00fczerindeki noktalara t\u0131klay\u0131n\u0131z.<\/span><\/p>\n\n\t\t<\/div>\n\t<\/div>\n<div class=\"wpb_gmaps_widget wpb_content_element vc_map_responsive\"><div class=\"wpb_wrapper\"><div class=\"wpb_map_wraper\"><iframe title=\" (Copy)\" aria-label=\"Map\" id=\"datawrapper-chart-yoLlO\" src=\"https:\/\/datawrapper.dwcdn.net\/yoLlO\/1\/\" scrolling=\"no\" frameborder=\"0\" style=\"width: 0; min-width: 100% !important; border: none;\" height=\"480\"><\/iframe><script type=\"text\/javascript\">!function(){\"use strict\";window.addEventListener(\"message\",(function(e){if(void 0!==e.data[\"datawrapper-height\"]){var t=document.querySelectorAll(\"iframe\");for(var a in e.data[\"datawrapper-height\"])for(var r=0;r<t.length;r++){if(t[r].contentWindow===e.source)t[r].style.height=e.data[\"datawrapper-height\"][a]+\"px\"}}}))}();\n<\/script><\/div><\/div><\/div><\/div><\/div><\/div><\/div><!-- Row Backgrounds --><div class=\"upb_bg_img\" data-ultimate-bg=\"url(https:\/\/netlab.media\/wp-content\/uploads\/2018\/12\/back_01.png)\" data-image-id=\"id^3189|url^http:\/\/netlab.media\/wp-content\/uploads\/2018\/12\/back_01.png|caption^null|alt^null|title^back_01|description^null\" data-ultimate-bg-style=\"vcpb-default\" data-bg-img-repeat=\"no-repeat\" data-bg-img-size=\"cover\" data-bg-img-position=\"\" data-parallx_sense=\"30\" data-bg-override=\"ex-full\" data-bg_img_attach=\"scroll\" data-upb-overlay-color=\"\" data-upb-bg-animation=\"\" data-fadeout=\"\" data-bg-animation=\"left-animation\" data-bg-animation-type=\"h\" data-animation-repeat=\"repeat\" data-fadeout-percentage=\"30\" data-parallax-content=\"\" data-parallax-content-sense=\"30\" data-row-effect-mobile-disable=\"true\" data-img-parallax-mobile-disable=\"true\" data-rtl=\"false\"  data-custom-vc-row=\"\"  data-vc=\"6.8.0\"  data-is_old_vc=\"\"  data-theme-support=\"\"   data-overlay=\"false\" data-overlay-color=\"\" data-overlay-pattern=\"\" data-overlay-pattern-opacity=\"\" data-overlay-pattern-size=\"\"    ><\/div>","protected":false},"excerpt":{"rendered":"Say\u0131sal Belediyecilik: T\u00fcrkiye\u2019deki Belediyelerin Yeni Medya Kullan\u0131mlar\u0131 Dr. Nil\u00fcfer P\u0131nar K\u0131l\u0131\u00e7 - Dr. Ergin \u015eafak Dikmen - Ankara \u00dcniversitesi \u0130leti\u015fim Fak\u00fcltesi &nbsp; Bu mikro sayfa \"Say\u0131sal Belediyecilik: T\u00fcrkiye\u2019deki Belediyelerin Yeni Medya Kullan\u0131mlar\u0131\" ba\u015fl\u0131kl\u0131 makalenin dijital uzant\u0131s\u0131d\u0131r. Bu sayfan\u0131n s\u00f6z konusu<span class=\"read_more_area\"><a class=\"read-more\" href=\"https:\/\/netlab.media\/en\/publication\/belediye-yeni-medya\/\"> Devam\u0131... <\/a><\/span>","protected":false},"author":2,"featured_media":0,"parent":3279,"menu_order":0,"comment_status":"closed","ping_status":"closed","template":"","meta":{"footnotes":""},"_links":{"self":[{"href":"https:\/\/netlab.media\/en\/wp-json\/wp\/v2\/pages\/4068"}],"collection":[{"href":"https:\/\/netlab.media\/en\/wp-json\/wp\/v2\/pages"}],"about":[{"href":"https:\/\/netlab.media\/en\/wp-json\/wp\/v2\/types\/page"}],"author":[{"embeddable":true,"href":"https:\/\/netlab.media\/en\/wp-json\/wp\/v2\/users\/2"}],"replies":[{"embeddable":true,"href":"https:\/\/netlab.media\/en\/wp-json\/wp\/v2\/comments?post=4068"}],"version-history":[{"count":18,"href":"https:\/\/netlab.media\/en\/wp-json\/wp\/v2\/pages\/4068\/revisions"}],"predecessor-version":[{"id":4133,"href":"https:\/\/netlab.media\/en\/wp-json\/wp\/v2\/pages\/4068\/revisions\/4133"}],"up":[{"embeddable":true,"href":"https:\/\/netlab.media\/en\/wp-json\/wp\/v2\/pages\/3279"}],"wp:attachment":[{"href":"https:\/\/netlab.media\/en\/wp-json\/wp\/v2\/media?parent=4068"}],"curies":[{"name":"wp","href":"https:\/\/api.w.org\/{rel}","templated":true}]}}