{"id":4125,"date":"2021-09-09T14:52:57","date_gmt":"2021-09-09T11:52:57","guid":{"rendered":"https:\/\/netlab.media\/?page_id=4125"},"modified":"2024-01-22T13:44:27","modified_gmt":"2024-01-22T10:44:27","slug":"esra-ozgur-2","status":"publish","type":"page","link":"https:\/\/netlab.media\/en\/ekip\/esra-ozgur-2\/","title":{"rendered":"Esra \u00d6zg\u00fcr"},"content":{"rendered":"<div data-row-text-color=\"dark\" style=\" \" class=\"vc_row wpb_row zolo_wpb_row vc_row-fluid apress_row_class_208213044469e6622c355d9 vc_row-o-equal-height vc_row-flex\"><div class=\"wpb_column vc_column_container vc_col-sm-4 apress_col_id_143819929469e6622c364a2 hover_style_none\"><div class=\"layer vc_column-inner\"  ><div class=\"wpb_wrapper\"><div class=\"ult-team-member-wrap ult-style-1\"><div class=\"ult-team-member-image\" style=\"\"> <img decoding=\"async\" class=\"\" src=\"https:\/\/netlab.media\/wp-content\/uploads\/2021\/09\/esra-ozgur.jpg\" alt=\"null\"  style=\"\"><span class=\"ult-team-member-image-overlay\"  ><\/span><\/div><div class=\"ult-team-member-bio-wrap style-1 ultimate-heading69e6622c36d76\" style=\"text-align:center;; \"><div class=\"ult-team-member-name-wrap\"><h2 class=\"ult-team-member-name ult-responsive\"  data-ultimate-target='.ult-team-member-bio-wrap.ultimate-heading69e6622c36d76 .ult-team-member-name'  data-responsive-json-new='{\"font-size\":\"\",\"line-height\":\"\"}'  style=\"\">Esra \u00d6zg\u00fcr<\/h2><div style=\"margin-bottom:15px\"><\/div><div class='ult-social-buttons'><a href='mailto:esraozgr@gmail.com ' target='_blank' rel='noopener' title='E-Posta' class='ult-team ult-social-icon' style='font-size:16px ; margin-left:5px;margin-right:5px;;color:#28beff;'  data-iconcolor='#28beff' data-iconhover='#288cff' ><i class='Defaults-envelope'><\/i><\/a><\/div><\/div><\/div><\/div><\/div><\/div><\/div><div class=\"wpb_column vc_column_container vc_col-sm-8 apress_col_id_192822203869e6622c37638 hover_style_none\"><div class=\"layer vc_column-inner\"  ><div class=\"wpb_wrapper\">\n\t<div class=\"wpb_text_column wpb_content_element\" >\n\t\t<div class=\"wpb_wrapper\">\n\t\t\t<p>Esra \u00d6zg\u00fcr graduated from Communication and Design Department of Bilkent University in 2016. She completed her master\u2019s degree at Kadir Has University New Media Department with her thesis entitled \u201cWhatsApp Groups Experiences of Older Users\u201d. She worked as a radio programmer and broadcaster at a local radio station in Ankara. As a freelancer, she took part in illustration, animation, design, and video projects. As of 2020, she has been working as a research assistant at Ankara University Radio-Television Department. She is a Ph.D. student in  Radio-Television Department of Ankara University. She speaks fluent English and French. Her main areas of interest are new media, digital storytelling, and alternative social media cultures.<\/p>\n\n\t\t<\/div>\n\t<\/div>\n\r\n<div id=\"zolo_button_element_7916758669e6622c37c7c\" class=\"zolo_button_element zolo_button_center zolo_button_size_large zolo_button_hoverstyle1 primary_color_scheme noanimation\" data-animation = \"No Animation\" data-delay = \"500\"><a href=\"https:\/\/avesis.ankara.edu.tr\/esraozgur\" title=\"\" class=\"zolo_button zolo_button_round zolo_ripplelink\"><span class=\"zolo_button_text\" style=\"\">Info Page<\/span><\/a><\/div><\/div><\/div><\/div><\/div><div data-row-text-color=\"dark\" style=\" \" class=\"vc_row wpb_row zolo_wpb_row vc_row-fluid apress_row_class_119178081269e6622c393dd\"><div class=\"wpb_column vc_column_container vc_col-sm-12 apress_col_id_66569268569e6622c397de hover_style_none\"><div class=\"layer vc_column-inner\"  ><div class=\"wpb_wrapper\"><\/div><\/div><\/div><\/div><div data-row-text-color=\"dark\" style=\" \" class=\"vc_row wpb_row zolo_wpb_row vc_row-fluid apress_row_class_160691506069e6622c3a350\"><div class=\"wpb_column vc_column_container vc_col-sm-12 apress_col_id_198060961469e6622c3a72b hover_style_none\"><div class=\"layer vc_column-inner\"  ><div class=\"wpb_wrapper\">\n\t<div class=\"wpb_text_column wpb_content_element\" >\n\t\t<div class=\"wpb_wrapper\">\n\t\t\t\n\t\t<\/div>\n\t<\/div>\n<\/div><\/div><\/div><\/div>","protected":false},"excerpt":{"rendered":"Esra \u00d6zg\u00fcr Esra \u00d6zg\u00fcr 2016 y\u0131l\u0131nda Bilkent \u00dcniversitesi \u0130leti\u015fim ve Tasar\u0131m B\u00f6l\u00fcm\u00fc'nden mezun oldu. Y\u00fcksek lisans e\u011fitimini Kadir Has \u00dcniversitesi Yeni Medya program\u0131nda \"Ya\u015fl\u0131 Kullan\u0131c\u0131lar\u0131n WhatsApp Gruplar\u0131 Deneyimi\" ba\u015fl\u0131kl\u0131 teziyle tamamlad\u0131. Ankara'da yerel bir radyoda radyo program\u0131c\u0131s\u0131 ve sunucusu olarak<span class=\"read_more_area\"><a class=\"read-more\" href=\"https:\/\/netlab.media\/en\/ekip\/esra-ozgur-2\/\"> Devam\u0131... <\/a><\/span>","protected":false},"author":2,"featured_media":0,"parent":1774,"menu_order":0,"comment_status":"closed","ping_status":"closed","template":"","meta":{"footnotes":""},"_links":{"self":[{"href":"https:\/\/netlab.media\/en\/wp-json\/wp\/v2\/pages\/4125"}],"collection":[{"href":"https:\/\/netlab.media\/en\/wp-json\/wp\/v2\/pages"}],"about":[{"href":"https:\/\/netlab.media\/en\/wp-json\/wp\/v2\/types\/page"}],"author":[{"embeddable":true,"href":"https:\/\/netlab.media\/en\/wp-json\/wp\/v2\/users\/2"}],"replies":[{"embeddable":true,"href":"https:\/\/netlab.media\/en\/wp-json\/wp\/v2\/comments?post=4125"}],"version-history":[{"count":4,"href":"https:\/\/netlab.media\/en\/wp-json\/wp\/v2\/pages\/4125\/revisions"}],"predecessor-version":[{"id":5312,"href":"https:\/\/netlab.media\/en\/wp-json\/wp\/v2\/pages\/4125\/revisions\/5312"}],"up":[{"embeddable":true,"href":"https:\/\/netlab.media\/en\/wp-json\/wp\/v2\/pages\/1774"}],"wp:attachment":[{"href":"https:\/\/netlab.media\/en\/wp-json\/wp\/v2\/media?parent=4125"}],"curies":[{"name":"wp","href":"https:\/\/api.w.org\/{rel}","templated":true}]}}