{"id":4188,"date":"2021-09-24T15:10:59","date_gmt":"2021-09-24T12:10:59","guid":{"rendered":"https:\/\/netlab.media\/?page_id=4188"},"modified":"2026-02-21T20:22:37","modified_gmt":"2026-02-21T17:22:37","slug":"ankara-istiklal-mahallesi","status":"publish","type":"page","link":"https:\/\/netlab.media\/en\/proje\/ankara-istiklal-mahallesi\/","title":{"rendered":"Ankara \u0130stiklal Mahallesi"},"content":{"rendered":"<div data-row-text-color=\"dark\" style=\" \" class=\"vc_row wpb_row zolo_wpb_row vc_row-fluid apress_row_class_734652069e3128d5e17f\"><div class=\"wpb_column vc_column_container vc_col-sm-12 apress_col_id_56564100369e3128d5f17b hover_style_none\"><div class=\"layer vc_column-inner\"  ><div class=\"wpb_wrapper\">\t\r\n<div id=\"zolo_heading_element_100697673869e3128d5f4e3\" class=\"zolo_heading_element heading_style5 noanimation\" data-animation = \"No Animation\" data-delay = \"500\" style=\" text-align:center\"><div class=\"zolo_heading_element_text\"><h1 class=\"zolo-title\"><span class=\"title_text\" style=\"font-size: 30px; font-weight:bold; \"><strong>Recording and Conserving Cultural Heritage<\/strong><\/span><\/h1><h5 class=\"zolo-sub-title\" style=\"color:#bababa; \"><span class=\"zolo-sub-title-text\">Conservation and Recording of Cultural and Architectural Heritage of Ankara \u0130stiklal Neighborhood through New Communication Technologies<\/span><\/h5><\/div><div class=\"zolo-heading-delimiter\"> <span class=\"delimiter_style_line\"><\/span> <\/div><\/div><\/div><\/div><\/div><\/div><!-- Row Backgrounds --><div class=\"upb_color\" data-bg-override=\"ex-full\" data-bg-color=\"#020202\" data-fadeout=\"\" data-fadeout-percentage=\"30\" data-parallax-content=\"\" data-parallax-content-sense=\"30\" data-row-effect-mobile-disable=\"true\" data-img-parallax-mobile-disable=\"true\" data-rtl=\"false\"  data-custom-vc-row=\"\"  data-vc=\"6.8.0\"  data-is_old_vc=\"\"  data-theme-support=\"\"   data-overlay=\"false\" data-overlay-color=\"\" data-overlay-pattern=\"\" data-overlay-pattern-opacity=\"\" data-overlay-pattern-size=\"\"    ><\/div><div data-row-text-color=\"dark\" style=\" \" class=\"vc_row wpb_row zolo_wpb_row vc_row-fluid apress_row_class_182374850369e3128d613be\"><div class=\"wpb_column vc_column_container vc_col-sm-12 apress_col_id_116303777769e3128d61603 hover_style_none\"><div class=\"layer vc_column-inner\"  ><div class=\"wpb_wrapper\">\n\t<div class=\"wpb_text_column wpb_content_element\" >\n\t\t<div class=\"wpb_wrapper\">\n\t\t\t<p>&nbsp;<\/p>\n<p>&nbsp;<\/p>\n<p>&nbsp;<\/p>\n<p>&nbsp;<\/p>\n<p>&nbsp;<\/p>\n<p>&nbsp;<\/p>\n<p>&nbsp;<\/p>\n<p>&nbsp;<\/p>\n<p>&nbsp;<\/p>\n<p>&nbsp;<\/p>\n<p>&nbsp;<\/p>\n<p>&nbsp;<\/p>\n\n\t\t<\/div>\n\t<\/div>\n<div class=\"vc_icon_element vc_icon_element-outer wpb_animate_when_almost_visible wpb_fadeInDownBig fadeInDownBig vc_icon_element-align-center\"><div class=\"vc_icon_element-inner vc_icon_element-color-white vc_icon_element-size-md vc_icon_element-style- vc_icon_element-background-color-grey\" ><span class=\"vc_icon_element-icon fas fa-angle-double-down\" ><\/span><\/div><\/div><\/div><\/div><\/div><\/div><!-- Row Backgrounds --><div class=\"upb_content_iframe\" data-controls=\"\" data-viewport-video=\"false\" data-ultimate-video=\"https:\/\/www.youtube.com\/watch?v=TZVH1IDueco\" data-bg-override=\"full\" data-start-time=\"0\" data-stop-time=\"30\" data-ultimate-video-muted=\"muted\" data-ultimate-video-loop=\"loop\" data-ultimate-video-poster=\"\" data-upb-overlay-color=\"\" data-upb-bg-animation=\"\" data-fadeout=\"\" data-fadeout-percentage=\"30\"  data-parallax-content=\"\" data-parallax-content-sense=\"30\" data-row-effect-mobile-disable=\"true\" data-img-parallax-mobile-disable=\"true\" data-rtl=\"false\"  data-custom-vc-row=\"\"  data-vc=\"6.8.0\"  data-is_old_vc=\"\"  data-theme-support=\"\"   data-overlay=\"false\" data-overlay-color=\"\" data-overlay-pattern=\"\" data-overlay-pattern-opacity=\"\" data-overlay-pattern-size=\"\"     data-video_fixer=\"true\"><\/div><div data-row-text-color=\"dark\" style=\" \" class=\"vc_row wpb_row zolo_wpb_row vc_row-fluid apress_row_class_191138051769e3128d62836\"><div class=\"wpb_column vc_column_container vc_col-sm-6 apress_col_id_93358262669e3128d63143 hover_style_none\"><div class=\"layer vc_column-inner\"  ><div class=\"wpb_wrapper\">\n\t<div class=\"wpb_text_column wpb_content_element\" >\n\t\t<div class=\"wpb_wrapper\">\n\t\t\t<h3 style=\"text-align: left;\"><span style=\"color: #ffffff;\"><strong> Project Summary<\/strong> <\/span><\/h3>\n<p style=\"text-align: left;\"><span style=\"color: #ffffff;\">The traditional buildings in Ankara \u0130stiklal Neighborhood, which keeps an important heritage with its historical contexture and multicultural structure and is located in the region declared as a protected area by the High Council for the Conservation of Cultural Property, are in danger of disappearing. The general framework of the project consists of recording the information and archive materials to be obtained about this cultural heritage, transferring them to future generations through internet-based digital technologies, and ensuring the visibility of the historical, cultural and architectural importance of the region in the new media environment by conducting various cultural studies.<\/span><\/p>\n<p style=\"text-align: left;\"><span style=\"color: #ffffff;\">In this direction, the aim of the project is to record the architectural structures of Ankara \u0130stiklal Neighborhood, which have cultural and historical importance in the region, with 360-degree imaging technology, and to make the historical, cultural and architectural features of the neighborhood visible on the internet at local and global level.<br \/>\n<\/span><\/p>\n<p style=\"text-align: left;\"><span style=\"color: #ffffff;\">In this context, 360-degree photographs and videos of the streets on the determined routes, architectural works of historical importance such as baths, religious buildings, residences, fountains, and squares were taken. With this study, which constitutes a sub-project of the \"Ankara \u0130stiklal Neighborhood Conservation, Preservation and Creation of Common Cultural Memory Project\" funded by the Embassy of the Kingdom of the Netherlands in Ankara; audio-visual content has been produced for use in online digital exhibitions, web and virtual reality platforms.<\/span><\/p>\n<p style=\"text-align: left;\"><span style=\"color: #ffffff;\">| 2021 |<\/span><\/p>\n\n\t\t<\/div>\n\t<\/div>\n<\/div><\/div><\/div><div class=\"wpb_column vc_column_container vc_col-sm-6 apress_col_id_98097876369e3128d63d8c hover_style_none\"><div class=\"layer vc_column-inner\"  ><div class=\"wpb_wrapper\">\n\t<div class=\"wpb_text_column wpb_content_element\" >\n\t\t<div class=\"wpb_wrapper\">\n\t\t\t<h3 style=\"text-align: left;\"><span style=\"color: #ffffff;\"><strong> Field Study<\/strong> <\/span><\/h3>\n<p style=\"text-align: left;\"><span style=\"color: #ffffff;\">Studies carried out within the scope of the Project:<\/span><\/p>\n<p style=\"text-align: left;\"><span style=\"color: #ffffff;\">\u2022Research and field trips were conducted in the neighborhood before the shooting,<br \/>\n\u2022Within the scope of the project, on three different routes determined in Ankara \u0130stiklal Neighborhood<br \/>\n\u2013 360 degree photographs were taken,<br \/>\n\u2013 Video and photographs of the structures as stated, were taken,<br \/>\n\u2013Architectural works were shot in detail,<br \/>\n\u2013Ambient sound recordings were taken.<br \/>\n\u2022 In order to hide the faces and vehicle registration plates of the people, the footage was \"anonymized\",<br \/>\n\u2022 Archival photographs in DIA format were digitalized, ameliorated in the digital environment and color correction was made.<\/span><\/p>\n<p style=\"text-align: left;\"><span style=\"color: #ffffff;\">Online exhibition platform under construction. <\/span><\/p>\n<p>\u00a0<\/p>\n\n\t\t<\/div>\n\t<\/div>\n<\/div><\/div><\/div><\/div><!-- Row Backgrounds --><div class=\"upb_color\" data-bg-override=\"full\" data-bg-color=\"#000000\" data-fadeout=\"\" data-fadeout-percentage=\"30\" data-parallax-content=\"\" data-parallax-content-sense=\"30\" data-row-effect-mobile-disable=\"true\" data-img-parallax-mobile-disable=\"true\" data-rtl=\"false\"  data-custom-vc-row=\"\"  data-vc=\"6.8.0\"  data-is_old_vc=\"\"  data-theme-support=\"\"   data-overlay=\"false\" data-overlay-color=\"\" data-overlay-pattern=\"\" data-overlay-pattern-opacity=\"\" data-overlay-pattern-size=\"\"    ><\/div><div data-row-text-color=\"dark\" style=\" \" class=\"vc_row wpb_row zolo_wpb_row vc_row-fluid apress_row_class_199629202869e3128d64a66\"><div class=\"wpb_column vc_column_container vc_col-sm-1\/5 apress_col_id_119328808269e3128d64e8f hover_style_none\"><div class=\"layer vc_column-inner\"  ><div class=\"wpb_wrapper\"><div id=\"zolo_sep_93324463969e3128d653c4\" class=\"vc_separator wpb_content_element vc_separator_align_left vc_sep_width_100 vc_sep_border vc_sep_pos_align_right noanimation\" data-animation = \"No Animation\" data-delay = \"500\" ><span class=\"vc_sep_holder vc_sep_holder_l\"><span style=\"border-color:#b5b5b5\" class=\"vc_sep_line\"><\/span><\/span><h3 class=\"zolo-separator-title\" style=\"\">Project Partners<\/h3><span class=\"vc_sep_holder vc_sep_holder_r\"><span style=\"border-color:#b5b5b5\" class=\"vc_sep_line\"><\/span><\/span>\r\n<\/div><\/div><\/div><\/div><div class=\"wpb_column vc_column_container vc_col-sm-1\/5 apress_col_id_57089869369e3128d660fe hover_style_none\"><div class=\"layer vc_column-inner\"  ><div class=\"wpb_wrapper\">\n\t<div  class=\"wpb_single_image wpb_content_element vc_align_center\">\n\t\t\n\t\t<figure class=\"wpb_wrapper vc_figure\">\n\t\t\t<a href=\"https:\/\/www.hollandavesen.nl\/\" target=\"_blank\" class=\"vc_single_image-wrapper   vc_box_border_grey\"><img loading=\"lazy\" decoding=\"async\" width=\"582\" height=\"162\" src=\"https:\/\/netlab.media\/wp-content\/uploads\/2021\/09\/kingdom-of-netherland.png\" class=\"vc_single_image-img attachment-full\" alt=\"\" title=\"kingdom-of-netherland\" srcset=\"https:\/\/netlab.media\/wp-content\/uploads\/2021\/09\/kingdom-of-netherland.png 582w, https:\/\/netlab.media\/wp-content\/uploads\/2021\/09\/kingdom-of-netherland-300x84.png 300w\" sizes=\"(max-width: 582px) 100vw, 582px\" \/><\/a>\n\t\t<\/figure>\n\t<\/div>\n<\/div><\/div><\/div><div class=\"wpb_column vc_column_container vc_col-sm-1\/5 apress_col_id_6112462669e3128d67b20 hover_style_none\"><div class=\"layer vc_column-inner\"  ><div class=\"wpb_wrapper\">\n\t<div  class=\"wpb_single_image wpb_content_element vc_align_center\">\n\t\t\n\t\t<figure class=\"wpb_wrapper vc_figure\">\n\t\t\t<a href=\"http:\/\/www.tsmd.org.tr\/\" target=\"_blank\" class=\"vc_single_image-wrapper   vc_box_border_grey\"><img loading=\"lazy\" decoding=\"async\" width=\"582\" height=\"162\" src=\"https:\/\/netlab.media\/wp-content\/uploads\/2021\/09\/TSMD-logo.png\" class=\"vc_single_image-img attachment-full\" alt=\"\" title=\"TSMD-logo\" srcset=\"https:\/\/netlab.media\/wp-content\/uploads\/2021\/09\/TSMD-logo.png 582w, https:\/\/netlab.media\/wp-content\/uploads\/2021\/09\/TSMD-logo-300x84.png 300w\" sizes=\"(max-width: 582px) 100vw, 582px\" \/><\/a>\n\t\t<\/figure>\n\t<\/div>\n<\/div><\/div><\/div><div class=\"wpb_column vc_column_container vc_col-sm-1\/5 apress_col_id_180343047669e3128d69148 hover_style_none\"><div class=\"layer vc_column-inner\"  ><div class=\"wpb_wrapper\">\n\t<div  class=\"wpb_single_image wpb_content_element vc_align_center\">\n\t\t\n\t\t<figure class=\"wpb_wrapper vc_figure\">\n\t\t\t<a href=\"https:\/\/www.virtualprojects.co\/\" target=\"_blank\" class=\"vc_single_image-wrapper   vc_box_border_grey\"><img loading=\"lazy\" decoding=\"async\" width=\"582\" height=\"162\" src=\"https:\/\/netlab.media\/wp-content\/uploads\/2021\/09\/virtual-projects-3.png\" class=\"vc_single_image-img attachment-full\" alt=\"\" title=\"virtual projects 3\" srcset=\"https:\/\/netlab.media\/wp-content\/uploads\/2021\/09\/virtual-projects-3.png 582w, https:\/\/netlab.media\/wp-content\/uploads\/2021\/09\/virtual-projects-3-300x84.png 300w\" sizes=\"(max-width: 582px) 100vw, 582px\" \/><\/a>\n\t\t<\/figure>\n\t<\/div>\n<\/div><\/div><\/div><div class=\"wpb_column vc_column_container vc_col-sm-1\/5 apress_col_id_7393764769e3128d6a453 hover_style_none\"><div class=\"layer vc_column-inner\"  ><div class=\"wpb_wrapper\">\n\t<div  class=\"wpb_single_image wpb_content_element vc_align_center\">\n\t\t\n\t\t<figure class=\"wpb_wrapper vc_figure\">\n\t\t\t<a href=\"https:\/\/netlab.media\/en\/\" target=\"_blank\" class=\"vc_single_image-wrapper   vc_box_border_grey\"><img loading=\"lazy\" decoding=\"async\" width=\"745\" height=\"180\" src=\"https:\/\/en.netlab.media\/wp-content\/uploads\/2018\/10\/net-lab-logo-1-eng.png\" class=\"vc_single_image-img attachment-full\" alt=\"\" title=\"logo_web\" srcset=\"\" sizes=\"(max-width: 745px) 100vw, 745px\" data-srcset=\"\" \/><\/a>\n\t\t<\/figure>\n\t<\/div>\n<\/div><\/div><\/div><\/div><!-- Row Backgrounds --><div class=\"upb_color\" data-bg-override=\"0\" data-bg-color=\"\" data-fadeout=\"\" data-fadeout-percentage=\"30\" data-parallax-content=\"\" data-parallax-content-sense=\"30\" data-row-effect-mobile-disable=\"true\" data-img-parallax-mobile-disable=\"true\" data-rtl=\"false\"  data-custom-vc-row=\"\"  data-vc=\"6.8.0\"  data-is_old_vc=\"\"  data-theme-support=\"\"   data-overlay=\"false\" data-overlay-color=\"\" data-overlay-pattern=\"\" data-overlay-pattern-opacity=\"\" data-overlay-pattern-size=\"\"    ><\/div>","protected":false},"excerpt":{"rendered":"K\u00fclt\u00fcrel Miras\u0131n Kay\u0131tlanmas\u0131 ve Korunmas\u0131Ankara \u0130stiklal Mahallesi Ku\u0308ltu\u0308rel ve Mimari Miras\u0131n\u0131n Yeni \u0130leti\u015fim Teknolojileri Arac\u0131l\u0131\u011f\u0131 ile Kay\u0131tlama ve Koruma Projesi &nbsp; &nbsp; &nbsp; &nbsp; &nbsp; &nbsp; &nbsp; &nbsp; &nbsp; &nbsp; &nbsp; &nbsp; Proje \u00d6zeti Tarihi dokusu ve \u00e7ok k\u00fclt\u00fcrl\u00fc yap\u0131s\u0131yla<span class=\"read_more_area\"><a class=\"read-more\" href=\"https:\/\/netlab.media\/en\/proje\/ankara-istiklal-mahallesi\/\"> Devam\u0131... <\/a><\/span>","protected":false},"author":2,"featured_media":0,"parent":4040,"menu_order":0,"comment_status":"closed","ping_status":"closed","template":"","meta":{"footnotes":""},"_links":{"self":[{"href":"https:\/\/netlab.media\/en\/wp-json\/wp\/v2\/pages\/4188"}],"collection":[{"href":"https:\/\/netlab.media\/en\/wp-json\/wp\/v2\/pages"}],"about":[{"href":"https:\/\/netlab.media\/en\/wp-json\/wp\/v2\/types\/page"}],"author":[{"embeddable":true,"href":"https:\/\/netlab.media\/en\/wp-json\/wp\/v2\/users\/2"}],"replies":[{"embeddable":true,"href":"https:\/\/netlab.media\/en\/wp-json\/wp\/v2\/comments?post=4188"}],"version-history":[{"count":82,"href":"https:\/\/netlab.media\/en\/wp-json\/wp\/v2\/pages\/4188\/revisions"}],"predecessor-version":[{"id":5635,"href":"https:\/\/netlab.media\/en\/wp-json\/wp\/v2\/pages\/4188\/revisions\/5635"}],"up":[{"embeddable":true,"href":"https:\/\/netlab.media\/en\/wp-json\/wp\/v2\/pages\/4040"}],"wp:attachment":[{"href":"https:\/\/netlab.media\/en\/wp-json\/wp\/v2\/media?parent=4188"}],"curies":[{"name":"wp","href":"https:\/\/api.w.org\/{rel}","templated":true}]}}